{"id":1873,"date":"2023-01-19T22:22:37","date_gmt":"2023-01-19T21:22:37","guid":{"rendered":"https:\/\/mecahealth.com\/?page_id=1873"},"modified":"2023-03-03T01:30:21","modified_gmt":"2023-03-03T00:30:21","slug":"pathologie-douleur-antecedents-et-generalites","status":"publish","type":"page","link":"https:\/\/mecahealth.com\/?page_id=1873","title":{"rendered":"Pathologie : douleur &#8211; ant\u00e9c\u00e9dents et g\u00e9n\u00e9ralit\u00e9s"},"content":{"rendered":"\n<p class=\"has-medium-font-size\"><a href=\"https:\/\/mecahealth.com\/?page_id=122\">Attention \u00e0 lire les consignes avant de lire toute page d&rsquo;un site sant\u00e9 !<\/a><\/p>\n\n\n\n<figure class=\"wp-block-image size-full is-resized is-style-rounded\"><img loading=\"lazy\" decoding=\"async\" src=\"https:\/\/mecahealth.com\/wp-content\/uploads\/2023\/01\/12.jpg\" alt=\"\" class=\"wp-image-328\" width=\"330\" height=\"330\" srcset=\"https:\/\/mecahealth.com\/wp-content\/uploads\/2023\/01\/12.jpg 360w, https:\/\/mecahealth.com\/wp-content\/uploads\/2023\/01\/12-300x300.jpg 300w, https:\/\/mecahealth.com\/wp-content\/uploads\/2023\/01\/12-150x150.jpg 150w\" sizes=\"auto, (max-width: 330px) 100vw, 330px\" \/><\/figure>\n\n\n\n<h2 class=\"wp-block-heading\">Avant et pendant<\/h2>\n\n\n\n<p class=\"has-medium-font-size\">La plupart des patients et des th\u00e9rapeutes analytiques parlent uniquement d&rsquo;ant\u00e9c\u00e9dents relatifs \u00e0 la zone touch\u00e9e par le mal en cours. Cette conception ne tient pas compte des facteurs d&rsquo;influence du pass\u00e9 sur cette zone ni des possibilit\u00e9s qu&rsquo;un \u00e9l\u00e9ment ext\u00e9rieur ou plus ancienne influence quelque peu l&rsquo;apparition du mal, voire puisse en \u00eatre la cause r\u00e9elle.<\/p>\n\n\n\n<p class=\"has-medium-font-size\">Ainsi, d\u00e9crire son <strong>pass\u00e9 (ses ant\u00e9c\u00e9dents)<\/strong> et le <strong>contexte g\u00e9n\u00e9ral<\/strong> de notre vie en quelques lignes peut apporter des informations compl\u00e9mentaires.<\/p>\n\n\n\n<h3 class=\"wp-block-heading\">Le pass\u00e9<\/h3>\n\n\n\n<p class=\"has-medium-font-size\">Au niveau des maux m\u00e9caniques, le pass\u00e9 peut remonter \u00e0 de nombreuses ann\u00e9es. Les donn\u00e9es \u00e0 retirer de nos souvenirs sont globalement : <\/p>\n\n\n\n<ul class=\"wp-block-list\">\n<li>les maux similaires ( pour plus de d\u00e9tails cfr. <a href=\"https:\/\/mecahealth.com\/?page_id=1874\" data-type=\"page\" data-id=\"1874\">r\u00e8gles suivantes<\/a> )<\/li>\n\n\n\n<li>les chutes et gros accidents orthop\u00e9diques ayant entra\u00een\u00e9 des douleurs minimes durant un temps prolong\u00e9 ou de plus fortes durant un temps souvent plus court.<\/li>\n\n\n\n<li>les difficult\u00e9s \u00e0 la marche durant la croissance et\/ou apr\u00e8s un choc<\/li>\n\n\n\n<li>les op\u00e9rations<\/li>\n\n\n\n<li>&#8230;<\/li>\n<\/ul>\n\n\n\n<h3 class=\"wp-block-heading\">Contexte g\u00e9n\u00e9ral<\/h3>\n\n\n\n<p class=\"has-medium-font-size\">Il est important de d\u00e9finir notre rythme de vie, notre profession et le type de travail ex\u00e9cut\u00e9 le plus r\u00e9guli\u00e8rement, nos habitudes quotidiennes, etc. Ces informations permettent de situer le patient dans son cadre de vie et ainsi de d\u00e9terminer l&rsquo;influence de l&rsquo;environnement sur le sujet.<\/p>\n\n\n\n<p class=\"has-medium-font-size\">Un ouvrier travaillant avec un outil \u00e0 percussion n&rsquo;est pas comparable au ma\u00e7on.<\/p>\n\n\n\n<p class=\"has-medium-font-size\">Un employ\u00e9 d\u00e9marcheur ne travaille pas de la m\u00eame mani\u00e8re qu&rsquo;un comptable. Les cons\u00e9quences corporelles en seront diff\u00e9rentes.<\/p>\n\n\n\n<p class=\"has-medium-font-size\">Celui qui apr\u00e8s le travail fait du mod\u00e9lisme, joue sur des jeux vid\u00e9o, ou fait du jardinage n&rsquo;accumulera pas les m\u00eames sources de fatigue le menant \u00e0 souffrir.<\/p>\n\n\n\n<h3 class=\"wp-block-heading\">Pass\u00e9 Tropical<\/h3>\n\n\n\n<p class=\"has-medium-font-size\">Toujours pr\u00e9ciser si nous avons s\u00e9journ\u00e9 dans des pays tropicaux durant l&rsquo;ann\u00e9e mais aussi stipuler les maladies d&rsquo;origine tropicales dont nous avons soufferts <strong>durant toute notre vie<\/strong> (demander \u00e0 son entourage si nous ne nous en souvenons pas). Il n&rsquo;est pas rare de voir des gens contracter une maladie tropicale dont les sympt\u00f4mes initiaux sont semblables \u00e0 une maladie b\u00e9nigne occidentale, qui s&rsquo;av\u00e8re \u00eatre grave voire mortelle.<\/p>\n\n\n\n<p class=\"has-medium-font-size\">Il arrive \u00e9galement que des patients souffrent d&rsquo;une rechute d&rsquo;une maladie tropicale (ex : paludisme) quelques ann\u00e9es apr\u00e8s la premi\u00e8re souffrance. Les m\u00e9decins ne connaissant pas le pass\u00e9 du patient n&rsquo;envisage que rarement la pr\u00e9sence d&rsquo;une germe aussi peu fr\u00e9quent dans notre monde occidental voire inconnu. Les cons\u00e9quences peuvent \u00eatre dramatiques&#8230; et ce n&rsquo;est pas au m\u00e9decin qu&rsquo;il faut en vouloir dans ce cas-l\u00e0.<\/p>\n\n\n\n<h2 class=\"has-medium-font-size wp-block-heading\">Lire la <em><a href=\"https:\/\/mecahealth.com\/?page_id=1874\" data-type=\"page\" data-id=\"1874\">r\u00e8gle suivante<\/a> <\/em>ou revenir \u00e0 la page<em> <a href=\"https:\/\/mecahealth.com\/?page_id=1136\" data-type=\"page\" data-id=\"1136\">Douleurs<\/a><\/em><\/h2>\n\n\n\n<p><\/p>\n\n\n\n<p><\/p>\n","protected":false},"excerpt":{"rendered":"<p>Attention \u00e0 lire les consignes avant de lire toute page d&rsquo;un site sant\u00e9 ! Avant et pendant La plupart des patients et des th\u00e9rapeutes analytiques parlent uniquement d&rsquo;ant\u00e9c\u00e9dents relatifs \u00e0 la zone touch\u00e9e par le mal en cours. Cette conception ne tient pas compte des facteurs d&rsquo;influence du pass\u00e9 sur<a href=\"https:\/\/mecahealth.com\/?page_id=1873\" class=\"read-more\">Read More&#8230;<\/a><\/p>\n","protected":false},"author":1,"featured_media":0,"parent":0,"menu_order":0,"comment_status":"closed","ping_status":"closed","template":"","meta":{"footnotes":""},"class_list":["post-1873","page","type-page","status-publish","hentry"],"jetpack_sharing_enabled":true,"_links":{"self":[{"href":"https:\/\/mecahealth.com\/index.php?rest_route=\/wp\/v2\/pages\/1873","targetHints":{"allow":["GET"]}}],"collection":[{"href":"https:\/\/mecahealth.com\/index.php?rest_route=\/wp\/v2\/pages"}],"about":[{"href":"https:\/\/mecahealth.com\/index.php?rest_route=\/wp\/v2\/types\/page"}],"author":[{"embeddable":true,"href":"https:\/\/mecahealth.com\/index.php?rest_route=\/wp\/v2\/users\/1"}],"replies":[{"embeddable":true,"href":"https:\/\/mecahealth.com\/index.php?rest_route=%2Fwp%2Fv2%2Fcomments&post=1873"}],"version-history":[{"count":4,"href":"https:\/\/mecahealth.com\/index.php?rest_route=\/wp\/v2\/pages\/1873\/revisions"}],"predecessor-version":[{"id":4412,"href":"https:\/\/mecahealth.com\/index.php?rest_route=\/wp\/v2\/pages\/1873\/revisions\/4412"}],"wp:attachment":[{"href":"https:\/\/mecahealth.com\/index.php?rest_route=%2Fwp%2Fv2%2Fmedia&parent=1873"}],"curies":[{"name":"wp","href":"https:\/\/api.w.org\/{rel}","templated":true}]}}