{"id":184,"date":"2022-12-26T19:16:18","date_gmt":"2022-12-26T18:16:18","guid":{"rendered":"http:\/\/mecahealth.com\/?page_id=184"},"modified":"2023-06-09T02:25:17","modified_gmt":"2023-06-09T00:25:17","slug":"mouvements","status":"publish","type":"page","link":"https:\/\/mecahealth.com\/?page_id=184","title":{"rendered":"Mouvements"},"content":{"rendered":"\n<p class=\"has-medium-font-size\"><a href=\"https:\/\/mecahealth.com\/?page_id=122\">Attention \u00e0 lire les consignes avant de lire toute page d&rsquo;un site sant\u00e9 !<\/a><\/p>\n\n\n\n<figure class=\"wp-block-image size-full is-resized is-style-rounded\"><img loading=\"lazy\" decoding=\"async\" src=\"https:\/\/mecahealth.com\/wp-content\/uploads\/2023\/01\/3.jpg\" alt=\"\" class=\"wp-image-319\" width=\"330\" height=\"330\" srcset=\"https:\/\/mecahealth.com\/wp-content\/uploads\/2023\/01\/3.jpg 360w, https:\/\/mecahealth.com\/wp-content\/uploads\/2023\/01\/3-300x300.jpg 300w, https:\/\/mecahealth.com\/wp-content\/uploads\/2023\/01\/3-150x150.jpg 150w\" sizes=\"auto, (max-width: 330px) 100vw, 330px\" \/><\/figure>\n\n\n\n<p>.<\/p>\n\n\n\n<ul class=\"has-medium-font-size wp-block-list\">\n<li>Courir (<a href=\"https:\/\/mecahealth.com\/?page_id=259\" data-type=\"page\" data-id=\"259\">sports<\/a>)<\/li>\n\n\n\n<li><a href=\"https:\/\/mecahealth.com\/?page_id=695\" data-type=\"page\" data-id=\"695\">D\u00e9rouler les pieds<\/a><\/li>\n\n\n\n<li><a href=\"https:\/\/mecahealth.com\/?page_id=428\" data-type=\"page\" data-id=\"428\">Marcher<\/a><\/li>\n\n\n\n<li><a href=\"https:\/\/mecahealth.com\/?page_id=787\" data-type=\"page\" data-id=\"787\">Monter les escaliers<\/a><\/li>\n\n\n\n<li><a data-type=\"page\" data-id=\"785\" href=\"https:\/\/mecahealth.com\/?page_id=785\">Sauter<\/a> vs <a href=\"https:\/\/mecahealth.com\/?page_id=1421\">sautiller<\/a> <\/li>\n\n\n\n<li><a href=\"https:\/\/mecahealth.com\/?page_id=257\" data-type=\"page\" data-id=\"257\">Se lever \/ S&rsquo;asseoir<\/a><\/li>\n\n\n\n<li><a href=\"https:\/\/mecahealth.com\/?page_id=2234\" data-type=\"page\" data-id=\"2234\">Se relever<\/a><\/li>\n\n\n\n<li><a href=\"https:\/\/mecahealth.com\/?page_id=1149\" data-type=\"page\" data-id=\"1149\">Se retourner<\/a><\/li>\n\n\n\n<li>&#8230;<\/li>\n<\/ul>\n\n\n\n<h2 class=\"wp-block-heading has-medium-font-size\">Vous avez aim\u00e9 l&rsquo;information que MecaHealth apporte, vous pouvez nous contacter pour l&rsquo;une ou l&rsquo;autre <a data-type=\"page\" data-id=\"146\" href=\"https:\/\/mecahealth.com\/?page_id=146\">formation<\/a>, nous appuyer en transmettant l&rsquo;adresse de notre site mais \u00e9galement par <a data-type=\"page\" data-id=\"172\" href=\"https:\/\/mecahealth.com\/?page_id=172\">d&rsquo;autres appuis<\/a>.<\/h2>\n","protected":false},"excerpt":{"rendered":"<p>Attention \u00e0 lire les consignes avant de lire toute page d&rsquo;un site sant\u00e9 ! . Vous avez aim\u00e9 l&rsquo;information que MecaHealth apporte, vous pouvez nous contacter pour l&rsquo;une ou l&rsquo;autre formation, nous appuyer en transmettant l&rsquo;adresse de notre site mais \u00e9galement par d&rsquo;autres appuis.<\/p>\n","protected":false},"author":1,"featured_media":0,"parent":0,"menu_order":0,"comment_status":"closed","ping_status":"closed","template":"","meta":{"footnotes":""},"class_list":["post-184","page","type-page","status-publish","hentry"],"jetpack_sharing_enabled":true,"_links":{"self":[{"href":"https:\/\/mecahealth.com\/index.php?rest_route=\/wp\/v2\/pages\/184","targetHints":{"allow":["GET"]}}],"collection":[{"href":"https:\/\/mecahealth.com\/index.php?rest_route=\/wp\/v2\/pages"}],"about":[{"href":"https:\/\/mecahealth.com\/index.php?rest_route=\/wp\/v2\/types\/page"}],"author":[{"embeddable":true,"href":"https:\/\/mecahealth.com\/index.php?rest_route=\/wp\/v2\/users\/1"}],"replies":[{"embeddable":true,"href":"https:\/\/mecahealth.com\/index.php?rest_route=%2Fwp%2Fv2%2Fcomments&post=184"}],"version-history":[{"count":13,"href":"https:\/\/mecahealth.com\/index.php?rest_route=\/wp\/v2\/pages\/184\/revisions"}],"predecessor-version":[{"id":5448,"href":"https:\/\/mecahealth.com\/index.php?rest_route=\/wp\/v2\/pages\/184\/revisions\/5448"}],"wp:attachment":[{"href":"https:\/\/mecahealth.com\/index.php?rest_route=%2Fwp%2Fv2%2Fmedia&parent=184"}],"curies":[{"name":"wp","href":"https:\/\/api.w.org\/{rel}","templated":true}]}}