{"id":1836,"date":"2023-01-19T21:25:13","date_gmt":"2023-01-19T20:25:13","guid":{"rendered":"https:\/\/mecahealth.com\/?page_id=1836"},"modified":"2023-07-16T19:48:11","modified_gmt":"2023-07-16T17:48:11","slug":"pathologie-dechirure-ligament-croise","status":"publish","type":"page","link":"https:\/\/mecahealth.com\/?page_id=1836","title":{"rendered":"Pathologie : d\u00e9chirure ligament crois\u00e9"},"content":{"rendered":"\n<p class=\"has-medium-font-size\"><a href=\"https:\/\/mecahealth.com\/?page_id=122\">Attention \u00e0 lire les consignes avant de lire toute page d&rsquo;un site sant\u00e9 !<\/a><\/p>\n\n\n\n<figure class=\"wp-block-image size-full is-style-rounded\"><img loading=\"lazy\" decoding=\"async\" width=\"330\" height=\"330\" src=\"https:\/\/mecahealth.com\/wp-content\/uploads\/2023\/01\/MecaHealth-genou-dechirure-ligament-croise.jpg\" alt=\"\" class=\"wp-image-1846\" srcset=\"https:\/\/mecahealth.com\/wp-content\/uploads\/2023\/01\/MecaHealth-genou-dechirure-ligament-croise.jpg 330w, https:\/\/mecahealth.com\/wp-content\/uploads\/2023\/01\/MecaHealth-genou-dechirure-ligament-croise-300x300.jpg 300w, https:\/\/mecahealth.com\/wp-content\/uploads\/2023\/01\/MecaHealth-genou-dechirure-ligament-croise-150x150.jpg 150w\" sizes=\"auto, (max-width: 330px) 100vw, 330px\" \/><\/figure>\n\n\n\n<p class=\"has-medium-font-size\">Le ligament crois\u00e9 est un ligament situ\u00e9 \u00e0 l&rsquo;int\u00e9rieur de l&rsquo;articulation du genou. Il relie l&rsquo;os du f\u00e9mur \u00e0 l&rsquo;os du tibia et joue un r\u00f4le important dans la stabilit\u00e9 et le mouvement du genou.<\/p>\n\n\n\n<p class=\"has-medium-font-size\">Il existe deux ligaments crois\u00e9s dans chaque genou : le ligament crois\u00e9 ant\u00e9rieur (LCA) et le ligament crois\u00e9 post\u00e9rieur (LCP). Le ligament crois\u00e9 ant\u00e9rieur est plus susceptible d&rsquo;\u00eatre bless\u00e9 que le ligament crois\u00e9 post\u00e9rieur.<\/p>\n\n\n\n<figure class=\"wp-block-image size-full is-resized\"><img loading=\"lazy\" decoding=\"async\" src=\"https:\/\/mecahealth.com\/wp-content\/uploads\/2023\/01\/MecaHealth-genou-dechirure-ligament-croise-2.jpg\" alt=\"\" class=\"wp-image-1850\" width=\"250\" height=\"259\"\/><\/figure>\n\n\n\n<p class=\"has-medium-font-size\">Une d\u00e9chirure du ligament crois\u00e9 survient lorsque les fibres du ligament se rompent partiellement ou compl\u00e8tement. La d\u00e9chirure peut \u00eatre class\u00e9e en diff\u00e9rentes cat\u00e9gories en fonction de sa gravit\u00e9 :<\/p>\n\n\n\n<ol class=\"wp-block-list\">\n<li class=\"has-medium-font-size\">D\u00e9chirure partielle : Certaines fibres du ligament sont endommag\u00e9es, mais le ligament reste intact dans l&rsquo;ensemble.<\/li>\n\n\n\n<li class=\"has-medium-font-size\">D\u00e9chirure compl\u00e8te : Le ligament est compl\u00e8tement rompu en deux parties distinctes.<\/li>\n<\/ol>\n\n\n\n<p class=\"has-medium-font-size\">Les d\u00e9chirures du ligament crois\u00e9 ant\u00e9rieur sont relativement fr\u00e9quentes, en particulier chez les personnes pratiquant des activit\u00e9s sportives qui impliquent des mouvements brusques, des pivots ou des changements de direction surtout en <strong>rotation interne<\/strong>, tels que le <a href=\"https:\/\/mecahealth.com\/?page_id=832\" data-type=\"page\" data-id=\"832\">football<\/a>, le <a href=\"https:\/\/mecahealth.com\/?page_id=816\" data-type=\"page\" data-id=\"816\">basketball<\/a>, le <a href=\"https:\/\/mecahealth.com\/?page_id=849\" data-type=\"page\" data-id=\"849\">ski<\/a>, etc.<\/p>\n\n\n\n<p class=\"has-medium-font-size\">Les sympt\u00f4mes d&rsquo;une d\u00e9chirure du ligament crois\u00e9 peuvent inclure une douleur intense et soudaine au genou, un gonflement, une instabilit\u00e9 du genou, une difficult\u00e9 \u00e0 marcher ou \u00e0 se d\u00e9placer normalement, une sensation de \u00ab\u00a0donner\u00a0\u00bb, et parfois un bruit de craquement ou de claquement au moment de la blessure.<\/p>\n\n\n\n<p class=\"has-medium-font-size\">Le traitement d&rsquo;une d\u00e9chirure du ligament crois\u00e9 d\u00e9pend de plusieurs facteurs, tels que l&rsquo;\u00e2ge, le niveau d&rsquo;activit\u00e9 physique, la stabilit\u00e9 du genou et les objectifs du patient. Dans certains cas, une r\u00e9\u00e9ducation et une th\u00e9rapie physique peuvent suffire \u00e0 restaurer la stabilit\u00e9 et la fonction du genou. Cependant, dans les cas plus graves, une intervention chirurgicale peut \u00eatre recommand\u00e9e pour reconstruire le ligament \u00e0 l&rsquo;aide de techniques telles que la ligamentoplastie.<\/p>\n\n\n\n<p class=\"has-medium-font-size\">Apr\u00e8s la chirurgie ou la r\u00e9\u00e9ducation, il est g\u00e9n\u00e9ralement n\u00e9cessaire de suivre un programme de r\u00e9\u00e9ducation pour renforcer les muscles autour du genou et permettre une r\u00e9cup\u00e9ration compl\u00e8te.<\/p>\n\n\n\n<p><\/p>\n\n\n\n<h2 class=\"wp-block-heading has-medium-font-size\">Revenir au chapitre <a href=\"https:\/\/mecahealth.com\/?page_id=620\" data-type=\"page\" data-id=\"620\">Genou<\/a><\/h2>\n","protected":false},"excerpt":{"rendered":"<p>Attention \u00e0 lire les consignes avant de lire toute page d&rsquo;un site sant\u00e9 ! Le ligament crois\u00e9 est un ligament situ\u00e9 \u00e0 l&rsquo;int\u00e9rieur de l&rsquo;articulation du genou. Il relie l&rsquo;os du f\u00e9mur \u00e0 l&rsquo;os du tibia et joue un r\u00f4le important dans la stabilit\u00e9 et le mouvement du genou. Il<a href=\"https:\/\/mecahealth.com\/?page_id=1836\" class=\"read-more\">Read More&#8230;<\/a><\/p>\n","protected":false},"author":1,"featured_media":0,"parent":0,"menu_order":0,"comment_status":"closed","ping_status":"closed","template":"","meta":{"footnotes":""},"class_list":["post-1836","page","type-page","status-publish","hentry"],"jetpack_sharing_enabled":true,"_links":{"self":[{"href":"https:\/\/mecahealth.com\/index.php?rest_route=\/wp\/v2\/pages\/1836","targetHints":{"allow":["GET"]}}],"collection":[{"href":"https:\/\/mecahealth.com\/index.php?rest_route=\/wp\/v2\/pages"}],"about":[{"href":"https:\/\/mecahealth.com\/index.php?rest_route=\/wp\/v2\/types\/page"}],"author":[{"embeddable":true,"href":"https:\/\/mecahealth.com\/index.php?rest_route=\/wp\/v2\/users\/1"}],"replies":[{"embeddable":true,"href":"https:\/\/mecahealth.com\/index.php?rest_route=%2Fwp%2Fv2%2Fcomments&post=1836"}],"version-history":[{"count":8,"href":"https:\/\/mecahealth.com\/index.php?rest_route=\/wp\/v2\/pages\/1836\/revisions"}],"predecessor-version":[{"id":5621,"href":"https:\/\/mecahealth.com\/index.php?rest_route=\/wp\/v2\/pages\/1836\/revisions\/5621"}],"wp:attachment":[{"href":"https:\/\/mecahealth.com\/index.php?rest_route=%2Fwp%2Fv2%2Fmedia&parent=1836"}],"curies":[{"name":"wp","href":"https:\/\/api.w.org\/{rel}","templated":true}]}}