{"id":180,"date":"2022-12-26T18:04:32","date_gmt":"2022-12-26T17:04:32","guid":{"rendered":"http:\/\/mecahealth.com\/?page_id=180"},"modified":"2025-10-12T14:48:03","modified_gmt":"2025-10-12T12:48:03","slug":"normalite-et-comportementalisme","status":"publish","type":"page","link":"https:\/\/mecahealth.com\/?page_id=180","title":{"rendered":"Normalit\u00e9 et comportementalisme"},"content":{"rendered":"\n<p class=\"has-small-font-size\"><a href=\"https:\/\/mecahealth.com\/?page_id=122\">Attention \u00e0 lire les consignes avant de lire toute page d&rsquo;un site sant\u00e9 !<\/a><\/p>\n\n\n\n<figure class=\"wp-block-image size-large is-resized is-style-rounded\"><img loading=\"lazy\" decoding=\"async\" width=\"1024\" height=\"1024\" src=\"https:\/\/mecahealth.com\/wp-content\/uploads\/2023\/01\/Baleines-symetrique-carre-1024x1024.jpg\" alt=\"\" class=\"wp-image-357\" style=\"width:330px;height:330px\" srcset=\"https:\/\/mecahealth.com\/wp-content\/uploads\/2023\/01\/Baleines-symetrique-carre-1024x1024.jpg 1024w, https:\/\/mecahealth.com\/wp-content\/uploads\/2023\/01\/Baleines-symetrique-carre-300x300.jpg 300w, https:\/\/mecahealth.com\/wp-content\/uploads\/2023\/01\/Baleines-symetrique-carre-150x150.jpg 150w, https:\/\/mecahealth.com\/wp-content\/uploads\/2023\/01\/Baleines-symetrique-carre-768x768.jpg 768w, https:\/\/mecahealth.com\/wp-content\/uploads\/2023\/01\/Baleines-symetrique-carre.jpg 1126w\" sizes=\"auto, (max-width: 1024px) 100vw, 1024px\" \/><\/figure>\n\n\n\n<p class=\"has-medium-font-size\">Chaque structure de notre corps, qu&rsquo;elle soit musculaire, articulaire ou visc\u00e9rale, est destin\u00e9e par sa nature et par des r\u00e8gles naturelles \u00e0 une ou plusieurs fonctions bien d\u00e9finies. Nous sommes tenus de suivre ces <strong>normes<\/strong> et cette <strong>normalit\u00e9<\/strong>.<\/p>\n\n\n\n<p class=\"has-medium-font-size\">Dans certaines pages, nous distinguerons la fonction principale de la fonction secondaire d\u2019une structure. Nous ferons parfois la diff\u00e9rence entre les fonctions directes ainsi que celles indirectes. Nous donnerons ces diff\u00e9rentes informations afin de permettre \u00e0 chacun de bien comprendre le r\u00f4le et donc les r\u00e8gles animales que la nature nous invite \u00e0 suivre pour \u00e9viter une usure pr\u00e9coce. Nous le ferons parfois avec humour voire sarcasme afin de d\u00e9velopper l&rsquo;esprit critique du lecteur notamment contre ceux qui affirment que <a href=\"https:\/\/mecahealth.com\/?page_id=411\" data-type=\"URL\" data-id=\"https:\/\/mecahealth.com\/?page_id=411\">nous ne sommes pas faits pour \u00eatre debout<\/a>.<\/p>\n\n\n\n<p class=\"has-medium-font-size\">La morphologie d\u2019une <a href=\"https:\/\/mecahealth.com\/?page_id=525\" data-type=\"page\" data-id=\"525\">articulation<\/a> ou d\u2019un <a href=\"https:\/\/mecahealth.com\/?page_id=529\" data-type=\"page\" data-id=\"529\">muscle<\/a> d\u00e9finit un mouvement. En mati\u00e8re d\u2019\u00e9volution, l\u2019inverse se produit mais cela se fait sur plusieurs milliers d\u2019ann\u00e9es. En ne respectant pas les mouvements pr\u00e9d\u00e9finis aujourd\u2019hui, nous assurons des surcharges pouvant apporter des cons\u00e9quences plus ou moins importantes \u00e0 court, moyen ou long terme.<\/p>\n\n\n\n<p class=\"has-medium-font-size\">L\u2019animal suit donc le mouvement que la nature lui a donn\u00e9 en \u00ab \u00e9coutant \u00bb son corps. Il respectera les signaux d\u2019alarme re\u00e7us. Le <strong>COMPORTEMENTALISME <\/strong>en tant qu\u2019\u00e9tude mettant en perspective les diff\u00e9rents comportements humains naturels (dont le principe d&rsquo;<a href=\"https:\/\/mecahealth.com\/?page_id=7537\" data-type=\"page\" data-id=\"7537\">intelligence collective<\/a>) et ceux de l\u2019animal nous permettra de comprendre ce qui est bon ou non pour notre corps (voire pour notre esprit). Il devrait nous permettre de saisir que le non-respect de cette <strong>NORMALIT\u00c9 <\/strong>est peut-\u00eatre l\u2019\u00e9tiologie (la cause) r\u00e9elle du mal qui survient ; le poids, les chocs, les tensions ne devenant pour cette raison, que les \u00e9l\u00e9ments adjuvants catalytiques de la pathologie sous-jacente. La normalit\u00e9 en mati\u00e8re de comportements dits psychologiques existe, nous le d\u00e9taillerons progressivement dans le <a href=\"https:\/\/mecahealth.com\/?page_id=127\" data-type=\"page\" data-id=\"127\">chapitre d\u00e9di\u00e9<\/a>.<\/p>\n\n\n\n<p class=\"has-medium-font-size\">La Normalit\u00e9 animale se r\u00e9sume en plus des <a href=\"https:\/\/mecahealth.com\/?page_id=75\" data-type=\"page\" data-id=\"75\">normes articulaires<\/a> et <a href=\"https:\/\/mecahealth.com\/?page_id=77\" data-type=\"page\" data-id=\"77\">visc\u00e9rales<\/a> en 3 r\u00e8gles&nbsp;:<\/p>\n\n\n\n<ul class=\"wp-block-list has-medium-font-size\">\n<li><a href=\"https:\/\/mecahealth.com\/?page_id=441\" data-type=\"page\" data-id=\"441\">Alternance contraction-rel\u00e2chement<\/a><\/li>\n\n\n\n<li><a href=\"https:\/\/mecahealth.com\/?page_id=402\" data-type=\"URL\" data-id=\"https:\/\/mecahealth.com\/?page_id=402\">Sym\u00e9trie<\/a><\/li>\n\n\n\n<li><a href=\"https:\/\/mecahealth.com\/?page_id=443\" data-type=\"page\" data-id=\"443\">Protection naturelle<\/a><\/li>\n<\/ul>\n\n\n\n<p class=\"has-medium-font-size\">L&rsquo;<a href=\"https:\/\/mecahealth.com\/?page_id=270\" data-type=\"page\" data-id=\"270\">animal mammif\u00e8re dort<\/a> g\u00e9n\u00e9ralement la moiti\u00e9 de son temps comme les b\u00e9b\u00e9s et les personnes du 4\u00e8me \u00e2ge. La moiti\u00e9 du temps o\u00f9 l&rsquo;animal est r\u00e9veill\u00e9, il se repose. La moiti\u00e9 de cette moiti\u00e9, il est donc actif mais seulement, selon l&rsquo;esp\u00e8ce voire la race, une partie de celle-ci, est destin\u00e9 \u00e0 \u00eatre actif ou v\u00e9ritablement actif (&#8230;). Etant donn\u00e9 notre rythme de vie qui ne respecte pas celui de l\u2019animal et \u00e9tant donn\u00e9 que nous avons report\u00e9 l&rsquo;\u00e2ge moyen, nous devrons respecter 3 <a href=\"https:\/\/mecahealth.com\/?page_id=1164\" data-type=\"page\" data-id=\"1164\">r\u00e8gles compl\u00e9mentaires d&rsquo;\u00e9conomie d&rsquo;\u00e9nergie<\/a> pour nous permettre de vivre dans de bonnes conditions le plus tard possible :<\/p>\n\n\n\n<ul class=\"wp-block-list has-medium-font-size\">\n<li><a href=\"https:\/\/mecahealth.com\/?page_id=446\" data-type=\"page\" data-id=\"446\">Rapprochement maximum<\/a><\/li>\n\n\n\n<li><a href=\"https:\/\/mecahealth.com\/?page_id=448\" data-type=\"page\" data-id=\"448\">Points d\u2019appui<\/a><\/li>\n\n\n\n<li><a href=\"https:\/\/mecahealth.com\/?page_id=450\" data-type=\"page\" data-id=\"450\">Tirer-Pousser<\/a><\/li>\n<\/ul>\n\n\n\n<p class=\"has-medium-font-size\">La normalit\u00e9 des maux <a href=\"https:\/\/mecahealth.com\/?page_id=548\" data-type=\"page\" data-id=\"548\">(pathologies)<\/a> n&rsquo;existe pas en tant que telle mais expliquer les raisons qui am\u00e8nent \u00e0 une pathologie dans ce site permet de mieux comprendre et donc de mieux anticiper les difficult\u00e9s voire de les \u00e9viter. Nous donnerons parfois <a href=\"https:\/\/mecahealth.com\/?page_id=474\" data-type=\"page\" data-id=\"474\">quelques exemples<\/a> pour illustrer diff\u00e9rentes de ces difficult\u00e9s physiques ou psychiques. Pour une meilleure prise en charge du ou des th\u00e9rapeutes, le patient devrait apprendre \u00e0 <a href=\"https:\/\/mecahealth.com\/?page_id=1136\" data-type=\"page\" data-id=\"1136\">analyser diff\u00e9rents param\u00e8tres pour les retransmettre au corps m\u00e9dical (&#8230;)<\/a>.<\/p>\n\n\n\n<h2 class=\"wp-block-heading has-medium-font-size\">Vous avez aim\u00e9 l&rsquo;information que MecaHealth apporte, vous pouvez nous contacter pour l&rsquo;une ou l&rsquo;autre <a rel=\"noreferrer noopener\" href=\"https:\/\/mecahealth.com\/?page_id=146\" data-type=\"page\" data-id=\"146\" target=\"_blank\">formation<\/a>, nous appuyer en transmettant l&rsquo;adresse de notre site mais \u00e9galement par <a rel=\"noreferrer noopener\" href=\"https:\/\/mecahealth.com\/?page_id=172\" data-type=\"page\" data-id=\"172\" target=\"_blank\">d&rsquo;autres appuis<\/a>.<\/h2>\n\n\n\n<h2 class=\"wp-block-heading has-medium-font-size\">Revenir au chapitre <em><a href=\"https:\/\/mecahealth.com\/?page_id=61\" data-type=\"page\" data-id=\"61\">1001 conseils<\/a><\/em><\/h2>\n","protected":false},"excerpt":{"rendered":"<p>Attention \u00e0 lire les consignes avant de lire toute page d&rsquo;un site sant\u00e9 ! Chaque structure de notre corps, qu&rsquo;elle soit musculaire, articulaire ou visc\u00e9rale, est destin\u00e9e par sa nature et par des r\u00e8gles naturelles \u00e0 une ou plusieurs fonctions bien d\u00e9finies. Nous sommes tenus de suivre ces normes et<a href=\"https:\/\/mecahealth.com\/?page_id=180\" class=\"read-more\">Read More&#8230;<\/a><\/p>\n","protected":false},"author":1,"featured_media":0,"parent":0,"menu_order":0,"comment_status":"closed","ping_status":"closed","template":"","meta":{"footnotes":""},"class_list":["post-180","page","type-page","status-publish","hentry"],"jetpack_sharing_enabled":true,"_links":{"self":[{"href":"https:\/\/mecahealth.com\/index.php?rest_route=\/wp\/v2\/pages\/180","targetHints":{"allow":["GET"]}}],"collection":[{"href":"https:\/\/mecahealth.com\/index.php?rest_route=\/wp\/v2\/pages"}],"about":[{"href":"https:\/\/mecahealth.com\/index.php?rest_route=\/wp\/v2\/types\/page"}],"author":[{"embeddable":true,"href":"https:\/\/mecahealth.com\/index.php?rest_route=\/wp\/v2\/users\/1"}],"replies":[{"embeddable":true,"href":"https:\/\/mecahealth.com\/index.php?rest_route=%2Fwp%2Fv2%2Fcomments&post=180"}],"version-history":[{"count":27,"href":"https:\/\/mecahealth.com\/index.php?rest_route=\/wp\/v2\/pages\/180\/revisions"}],"predecessor-version":[{"id":8228,"href":"https:\/\/mecahealth.com\/index.php?rest_route=\/wp\/v2\/pages\/180\/revisions\/8228"}],"wp:attachment":[{"href":"https:\/\/mecahealth.com\/index.php?rest_route=%2Fwp%2Fv2%2Fmedia&parent=180"}],"curies":[{"name":"wp","href":"https:\/\/api.w.org\/{rel}","templated":true}]}}