{"id":1776,"date":"2023-01-19T11:24:17","date_gmt":"2023-01-19T10:24:17","guid":{"rendered":"https:\/\/mecahealth.com\/?page_id=1776"},"modified":"2024-02-04T19:37:49","modified_gmt":"2024-02-04T18:37:49","slug":"normalite-sexualite","status":"publish","type":"page","link":"https:\/\/mecahealth.com\/?page_id=1776","title":{"rendered":"Normalit\u00e9 : sexualit\u00e9"},"content":{"rendered":"\n<p class=\"has-medium-font-size\"><a href=\"https:\/\/mecahealth.com\/?page_id=122\">Attention \u00e0 lire les consignes avant de lire toute page d&rsquo;un site sant\u00e9 !<\/a><\/p>\n\n\n\n<figure class=\"wp-block-image size-full is-style-rounded\"><img loading=\"lazy\" decoding=\"async\" width=\"330\" height=\"330\" src=\"https:\/\/mecahealth.com\/wp-content\/uploads\/2023\/01\/MecaHealth-sexualite.jpg\" alt=\"\" class=\"wp-image-1782\" srcset=\"https:\/\/mecahealth.com\/wp-content\/uploads\/2023\/01\/MecaHealth-sexualite.jpg 330w, https:\/\/mecahealth.com\/wp-content\/uploads\/2023\/01\/MecaHealth-sexualite-300x300.jpg 300w, https:\/\/mecahealth.com\/wp-content\/uploads\/2023\/01\/MecaHealth-sexualite-150x150.jpg 150w\" sizes=\"auto, (max-width: 330px) 100vw, 330px\" \/><\/figure>\n\n\n\n<p class=\"has-medium-font-size\">La sexualit\u00e9 sera envisag\u00e9e ici prochainement surtout sous un angle m\u00e9canique et en partie sous un angle psychique en effet partiellement, notamment en <a href=\"https:\/\/mecahealth.com\/?page_id=5023\" data-type=\"page\" data-id=\"5023\">ce qui concerne la masturbation<\/a>, mais ne vous attendez pas \u00e0 des images visibles sur certains sites sp\u00e9cialis\u00e9s<\/p>\n\n\n\n<figure class=\"wp-block-image size-full is-resized\"><img loading=\"lazy\" decoding=\"async\" src=\"https:\/\/mecahealth.com\/wp-content\/uploads\/2023\/11\/MecaHealth-smiley-A.png\" alt=\"\" class=\"wp-image-6622\" width=\"50\" height=\"50\" srcset=\"https:\/\/mecahealth.com\/wp-content\/uploads\/2023\/11\/MecaHealth-smiley-A.png 965w, https:\/\/mecahealth.com\/wp-content\/uploads\/2023\/11\/MecaHealth-smiley-A-292x300.png 292w, https:\/\/mecahealth.com\/wp-content\/uploads\/2023\/11\/MecaHealth-smiley-A-150x150.png 150w, https:\/\/mecahealth.com\/wp-content\/uploads\/2023\/11\/MecaHealth-smiley-A-768x788.png 768w, https:\/\/mecahealth.com\/wp-content\/uploads\/2023\/11\/MecaHealth-smiley-A-300x308.png 300w\" sizes=\"auto, (max-width: 50px) 100vw, 50px\" \/><\/figure>\n\n\n\n<p class=\"has-medium-font-size\">Cela \u00e9tant, ces sites dits pornographiques ne devraient pas \u00eatre l\u00e9galement aussi facilement accessibles \u00e9tant donn\u00e9 que la sc\u00e9narisation de ces films s&rsquo;ils sont pris comme films \u00e9ducatifs peuvent cr\u00e9er des probl\u00e8mes durant la p\u00e9riode de recherche identitaire et lors de la mise en place d&rsquo;une sexualit\u00e9 en couple (&#8230;).<\/p>\n\n\n\n<p class=\"has-medium-font-size\"><\/p>\n\n\n\n<p class=\"has-medium-font-size\">Pour r\u00e9pondre \u00e0 vos questions en Belgique, comme apparemment de plus loin, nous vous invitons \u00e0 plut\u00f4t suivre les pages de <a rel=\"noreferrer noopener\" href=\"https:\/\/www.love-health-center.org\/\" data-type=\"URL\" data-id=\"https:\/\/www.love-health-center.org\/\" target=\"_blank\">Love-health-center<\/a><\/p>\n\n\n\n<figure class=\"wp-block-embed is-type-video is-provider-youtube wp-block-embed-youtube wp-embed-aspect-16-9 wp-has-aspect-ratio\"><div class=\"wp-block-embed__wrapper\">\n<iframe loading=\"lazy\" title=\"Le Love Health Center en moins d&#039;une minute !\" width=\"600\" height=\"338\" src=\"https:\/\/www.youtube.com\/embed\/1-XIT3_1UPg?feature=oembed\" frameborder=\"0\" allow=\"accelerometer; autoplay; clipboard-write; encrypted-media; gyroscope; picture-in-picture; web-share\" referrerpolicy=\"strict-origin-when-cross-origin\" allowfullscreen><\/iframe>\n<\/div><\/figure>\n\n\n\n<p>(&#8230;)<\/p>\n\n\n\n<h2 class=\"wp-block-heading has-medium-font-size\">Revenir au chapitre<em> <a href=\"https:\/\/mecahealth.com\/?page_id=127\" data-type=\"page\" data-id=\"127\">Corps psychique<\/a><\/em><\/h2>\n","protected":false},"excerpt":{"rendered":"<p>Attention \u00e0 lire les consignes avant de lire toute page d&rsquo;un site sant\u00e9 ! La sexualit\u00e9 sera envisag\u00e9e ici prochainement surtout sous un angle m\u00e9canique et en partie sous un angle psychique en effet partiellement, notamment en ce qui concerne la masturbation, mais ne vous attendez pas \u00e0 des images<a href=\"https:\/\/mecahealth.com\/?page_id=1776\" class=\"read-more\">Read More&#8230;<\/a><\/p>\n","protected":false},"author":1,"featured_media":0,"parent":0,"menu_order":0,"comment_status":"closed","ping_status":"closed","template":"","meta":{"footnotes":""},"class_list":["post-1776","page","type-page","status-publish","hentry"],"jetpack_sharing_enabled":true,"_links":{"self":[{"href":"https:\/\/mecahealth.com\/index.php?rest_route=\/wp\/v2\/pages\/1776","targetHints":{"allow":["GET"]}}],"collection":[{"href":"https:\/\/mecahealth.com\/index.php?rest_route=\/wp\/v2\/pages"}],"about":[{"href":"https:\/\/mecahealth.com\/index.php?rest_route=\/wp\/v2\/types\/page"}],"author":[{"embeddable":true,"href":"https:\/\/mecahealth.com\/index.php?rest_route=\/wp\/v2\/users\/1"}],"replies":[{"embeddable":true,"href":"https:\/\/mecahealth.com\/index.php?rest_route=%2Fwp%2Fv2%2Fcomments&post=1776"}],"version-history":[{"count":8,"href":"https:\/\/mecahealth.com\/index.php?rest_route=\/wp\/v2\/pages\/1776\/revisions"}],"predecessor-version":[{"id":7118,"href":"https:\/\/mecahealth.com\/index.php?rest_route=\/wp\/v2\/pages\/1776\/revisions\/7118"}],"wp:attachment":[{"href":"https:\/\/mecahealth.com\/index.php?rest_route=%2Fwp%2Fv2%2Fmedia&parent=1776"}],"curies":[{"name":"wp","href":"https:\/\/api.w.org\/{rel}","templated":true}]}}