{"id":1732,"date":"2023-01-18T16:38:39","date_gmt":"2023-01-18T15:38:39","guid":{"rendered":"https:\/\/mecahealth.com\/?page_id=1732"},"modified":"2023-07-16T18:30:31","modified_gmt":"2023-07-16T16:30:31","slug":"pathologie-hernie-discale","status":"publish","type":"page","link":"https:\/\/mecahealth.com\/?page_id=1732","title":{"rendered":"Pathologie : hernie discale"},"content":{"rendered":"\n<p class=\"has-medium-font-size\"><a href=\"https:\/\/mecahealth.com\/?page_id=122\">Attention \u00e0 lire les consignes avant de lire toute page d&rsquo;un site sant\u00e9 !<\/a><\/p>\n\n\n\n<figure class=\"wp-block-image size-full is-style-rounded\"><img loading=\"lazy\" decoding=\"async\" width=\"330\" height=\"330\" src=\"https:\/\/mecahealth.com\/wp-content\/uploads\/2023\/02\/MecaHealth-hernie-discale-1.jpg\" alt=\"\" class=\"wp-image-2981\" srcset=\"https:\/\/mecahealth.com\/wp-content\/uploads\/2023\/02\/MecaHealth-hernie-discale-1.jpg 330w, https:\/\/mecahealth.com\/wp-content\/uploads\/2023\/02\/MecaHealth-hernie-discale-1-300x300.jpg 300w, https:\/\/mecahealth.com\/wp-content\/uploads\/2023\/02\/MecaHealth-hernie-discale-1-150x150.jpg 150w\" sizes=\"auto, (max-width: 330px) 100vw, 330px\" \/><\/figure>\n\n\n\n<p class=\"has-medium-font-size\">Une hernie est une excroissance d&rsquo;un tissu survenant en g\u00e9n\u00e9ral suite \u00e0 un exc\u00e8s de pression. L&rsquo;hernie survient donc non seulement au niveau des disques intervert\u00e9braux mais aussi au niveau d&rsquo;autres tissus tel que l&rsquo;abdomen. On parle dans ce cas <a href=\"https:\/\/mecahealth.com\/?page_id=1762\" data-type=\"page\" data-id=\"1762\">d&rsquo;hernie abdominale ou inguinale<\/a>.<\/p>\n\n\n<div class=\"wp-block-image\">\n<figure class=\"alignleft size-full is-resized\"><img loading=\"lazy\" decoding=\"async\" src=\"https:\/\/mecahealth.com\/wp-content\/uploads\/2023\/02\/MecaHealth-hernie-discale-2.jpg\" alt=\"\" class=\"wp-image-2982\" width=\"250\" height=\"250\" srcset=\"https:\/\/mecahealth.com\/wp-content\/uploads\/2023\/02\/MecaHealth-hernie-discale-2.jpg 330w, https:\/\/mecahealth.com\/wp-content\/uploads\/2023\/02\/MecaHealth-hernie-discale-2-300x300.jpg 300w, https:\/\/mecahealth.com\/wp-content\/uploads\/2023\/02\/MecaHealth-hernie-discale-2-150x150.jpg 150w\" sizes=\"auto, (max-width: 250px) 100vw, 250px\" \/><\/figure>\n<\/div>\n\n\n<p class=\"has-medium-font-size\">L&rsquo;hernie survient par fragilit\u00e9 cong\u00e9nitale ou par surcharge au niveau du dos. Cette surcharge hormis accident survient rarement sans que le dos n&rsquo;ait \u00e9t\u00e9 fatigu\u00e9 au pr\u00e9alable comme il l&rsquo;a \u00e9t\u00e9 soulign\u00e9 dans la page <a href=\"https:\/\/mecahealth.com\/?page_id=1113\" data-type=\"page\" data-id=\"1113\"><em>Bras de levier<\/em><\/a>.<\/p>\n\n\n\n<p class=\"has-medium-font-size\">Il est donc important d&rsquo;apprendre \u00e0 <strong><a href=\"https:\/\/mecahealth.com\/?page_id=1164\" data-type=\"page\" data-id=\"1164\">\u00e9conomiser son \u00e9nergie<\/a>.<\/strong><\/p>\n\n\n\n<p class=\"has-medium-font-size\">L&rsquo;hernie survient la plupart du temps lors d&rsquo;un mouvement de flexion du tronc portant une charge importante ou lors d&rsquo;une r\u00e9p\u00e9tition de flexions avec une charge moins importante. C&rsquo;est la raison pour laquelle lors du port d&rsquo;une <a href=\"https:\/\/mecahealth.com\/?page_id=822\" data-type=\"page\" data-id=\"822\">charge plus lourde, il soit propos\u00e9 de maintenir le creux du dos<\/a> (&#8230;).<\/p>\n\n\n\n<p class=\"has-medium-font-size\">Durant ce mouvement de flexion, le disque est donc mis sous pression sur sa partie ant\u00e9rieure (avant). Son contenu se pousse vers l&rsquo;arri\u00e8re. La paroi du disque fatigu\u00e9 se distend en partie. L&rsquo;hernie appara\u00eet.<\/p>\n\n\n\n<p class=\"has-medium-font-size\">Si l&rsquo;hernie se fait suite \u00e0 un mouvement ou ensemble de <a href=\"https:\/\/mecahealth.com\/?page_id=402\" data-type=\"page\" data-id=\"402\">mouvements sym\u00e9triques<\/a>, elle se fera parfois plus largement poussant ainsi plus harmonieusement la mo\u00eblle \u00e9pini\u00e8re. L&rsquo;hernie pourra parfois rester asymptomatique (sans <a href=\"https:\/\/mecahealth.com\/?page_id=1136\" data-type=\"page\" data-id=\"1136\">douleur<\/a>, etc.). Si par contre, l&rsquo;hernie est l\u00e9g\u00e8rement asym\u00e9trique, elle presse quelque peu le nerf en plus ou \u00e0 la place de la mo\u00eblle, une douleur peut se faire <a href=\"https:\/\/mecahealth.com\/?page_id=1136\" data-type=\"page\" data-id=\"1136\">ressentir de diff\u00e9rentes mani\u00e8res<\/a> en fonction de la proportion ou de la localisation pr\u00e9cise de l&rsquo;hernie.<\/p>\n\n\n\n<p class=\"has-medium-font-size\">Quelle que soit l&rsquo;hernie, le principe et <a href=\"https:\/\/mecahealth.com\/?page_id=1164\" data-type=\"page\" data-id=\"1164\">des trois premi\u00e8res r\u00e8gles qui en d\u00e9coulent est \u00e0 respecter<\/a><strong>.<\/strong><\/p>\n\n\n\n<p class=\"has-medium-font-size\"><a href=\"https:\/\/mecahealth.com\/?page_id=803\" data-type=\"page\" data-id=\"803\">Le mouvement d&rsquo;enroulement<\/a> conseill\u00e9 r\u00e9guli\u00e8rement et notamment dans les diff\u00e9rentes devient d\u00e8s lors proscrit si l&rsquo;hernie est post\u00e9rieure ou post\u00e9ro-lat\u00e9rale (cfr m\u00e9decin traitant). En fait le mouvement portant le corps dans la direction oppos\u00e9e \u00e0 l&rsquo;hernie est \u00e0 \u00e9viter.<\/p>\n\n\n\n<p class=\"has-medium-font-size\"><strong>Une des mani\u00e8res les plus simples de se d\u00e9gager des douleurs ou de l&rsquo;apparition de celles-ci est de pratiquer r\u00e9guli\u00e8rement l&rsquo;exercice d<\/strong>&lsquo;<a href=\"https:\/\/mecahealth.com\/?page_id=1055\" data-type=\"page\" data-id=\"1055\"><em>E<strong>ntre deux<\/strong><\/em><\/a> mais en compl\u00e9ment \u00e0 l&rsquo;exercice de base, il se terminera par un redressement une fois le tronc en suspension. Certains ost\u00e9opathes font un excellent travail de repositionnement.<\/p>\n\n\n\n<h2 class=\"wp-block-heading has-medium-font-size\">Revenir \u00e0 la page <em><a href=\"https:\/\/mecahealth.com\/?page_id=212\" data-type=\"page\" data-id=\"212\">Lombalgie<\/a> <\/em>ou <a href=\"https:\/\/mecahealth.com\/?page_id=626\" data-type=\"page\" data-id=\"626\"><em>Dos<\/em><\/a><\/h2>\n","protected":false},"excerpt":{"rendered":"<p>Attention \u00e0 lire les consignes avant de lire toute page d&rsquo;un site sant\u00e9 ! Une hernie est une excroissance d&rsquo;un tissu survenant en g\u00e9n\u00e9ral suite \u00e0 un exc\u00e8s de pression. L&rsquo;hernie survient donc non seulement au niveau des disques intervert\u00e9braux mais aussi au niveau d&rsquo;autres tissus tel que l&rsquo;abdomen. On<a href=\"https:\/\/mecahealth.com\/?page_id=1732\" class=\"read-more\">Read More&#8230;<\/a><\/p>\n","protected":false},"author":1,"featured_media":0,"parent":0,"menu_order":0,"comment_status":"closed","ping_status":"closed","template":"","meta":{"footnotes":""},"class_list":["post-1732","page","type-page","status-publish","hentry"],"jetpack_sharing_enabled":true,"_links":{"self":[{"href":"https:\/\/mecahealth.com\/index.php?rest_route=\/wp\/v2\/pages\/1732","targetHints":{"allow":["GET"]}}],"collection":[{"href":"https:\/\/mecahealth.com\/index.php?rest_route=\/wp\/v2\/pages"}],"about":[{"href":"https:\/\/mecahealth.com\/index.php?rest_route=\/wp\/v2\/types\/page"}],"author":[{"embeddable":true,"href":"https:\/\/mecahealth.com\/index.php?rest_route=\/wp\/v2\/users\/1"}],"replies":[{"embeddable":true,"href":"https:\/\/mecahealth.com\/index.php?rest_route=%2Fwp%2Fv2%2Fcomments&post=1732"}],"version-history":[{"count":9,"href":"https:\/\/mecahealth.com\/index.php?rest_route=\/wp\/v2\/pages\/1732\/revisions"}],"predecessor-version":[{"id":5615,"href":"https:\/\/mecahealth.com\/index.php?rest_route=\/wp\/v2\/pages\/1732\/revisions\/5615"}],"wp:attachment":[{"href":"https:\/\/mecahealth.com\/index.php?rest_route=%2Fwp%2Fv2%2Fmedia&parent=1732"}],"curies":[{"name":"wp","href":"https:\/\/api.w.org\/{rel}","templated":true}]}}