{"id":1731,"date":"2023-01-18T16:36:47","date_gmt":"2023-01-18T15:36:47","guid":{"rendered":"https:\/\/mecahealth.com\/?page_id=1731"},"modified":"2023-06-18T10:31:01","modified_gmt":"2023-06-18T08:31:01","slug":"pathologie-tendon-dachille-et-mollet","status":"publish","type":"page","link":"https:\/\/mecahealth.com\/?page_id=1731","title":{"rendered":"Pathologie : tendon d&rsquo;Achille et mollet"},"content":{"rendered":"\n<p class=\"has-medium-font-size\"><a href=\"https:\/\/mecahealth.com\/?page_id=122\">Attention \u00e0 lire les consignes avant de lire toute page d&rsquo;un site sant\u00e9 !<\/a><\/p>\n\n\n\n<figure class=\"wp-block-image size-full is-style-rounded\"><img loading=\"lazy\" decoding=\"async\" width=\"330\" height=\"330\" src=\"https:\/\/mecahealth.com\/wp-content\/uploads\/2023\/06\/MecaHealth-patho-tendon-dAchille.jpg\" alt=\"\" class=\"wp-image-5548\" srcset=\"https:\/\/mecahealth.com\/wp-content\/uploads\/2023\/06\/MecaHealth-patho-tendon-dAchille.jpg 330w, https:\/\/mecahealth.com\/wp-content\/uploads\/2023\/06\/MecaHealth-patho-tendon-dAchille-300x300.jpg 300w, https:\/\/mecahealth.com\/wp-content\/uploads\/2023\/06\/MecaHealth-patho-tendon-dAchille-150x150.jpg 150w\" sizes=\"auto, (max-width: 330px) 100vw, 330px\" \/><\/figure>\n\n\n\n<p class=\"has-medium-font-size\">La douleur situ\u00e9e au tendon d&rsquo;Achille, \u00e0 son insertion ou quelques centim\u00e8tres plus hauts, survient de diff\u00e9rentes mani\u00e8res mais doit \u00eatre surveill\u00e9e avec attention puisque cette douleur pr\u00e9c\u00e8de parfois un claquage du mollet (rupture partielle \u00e0 totale).<\/p>\n\n\n\n<p class=\"has-medium-font-size\">Le plus souvent, cette sensibilit\u00e9 survient de l&rsquo;addition de petits chocs souvent li\u00e9s \u00e0 des petits pas rapides comme c&rsquo;est notamment le cas lors d&rsquo;une <a href=\"https:\/\/mecahealth.com\/?page_id=529\" data-type=\"page\" data-id=\"529\">r\u00e9alis\u00e9e avec des muscles <\/a> ou mal recrut\u00e9s d\u00e9j\u00e0 dans les <a href=\"https:\/\/mecahealth.com\/?page_id=186\" data-type=\"page\" data-id=\"186\">situations courantes<\/a> notamment \u00e0 cause de <a href=\"https:\/\/mecahealth.com\/?page_id=978\" data-type=\"page\" data-id=\"978\">mauvaises chaussures<\/a>.<\/p>\n\n\n\n<p class=\"has-medium-font-size\">Il arrive parfois que la douleur survienne tout b\u00eatement parce que le rebord arri\u00e8re de la chaussure vient frotter ou pousser trop fort sur le tendon d&rsquo;Achille qui se fatigue plus rapidement que la normale.<\/p>\n\n\n\n<p class=\"has-medium-font-size\">Si la douleur est prononc\u00e9e, \u00e0 ce stade, le pied sera mis au repos. Si la douleur n&rsquo;est pas trop prononc\u00e9e, ou plus tard quand il s&rsquo;est repos\u00e9 (apr\u00e8s quelque jours) nous pratiquerons <a href=\"https:\/\/mecahealth.com\/?page_id=1845\" data-type=\"page\" data-id=\"1845\">l&rsquo;\u00e9tirement du mollet<\/a> tr\u00e8s r\u00e9guli\u00e8rement.<\/p>\n\n\n\n<p class=\"has-medium-font-size\">Quelques jours plus tard encore, il faudra veiller \u00e0 bien recruter ses mollets en alternance avec ses releveurs en <a href=\"https:\/\/mecahealth.com\/?page_id=695\" data-type=\"page\" data-id=\"695\">d\u00e9roulant correctement le pied<\/a>.<\/p>\n\n\n\n<p class=\"has-medium-font-size\">Si la douleur est chronique, <a href=\"https:\/\/mecahealth.com\/?page_id=272\" data-type=\"page\" data-id=\"272\">s&rsquo;int\u00e9rroger sur l&rsquo;effet de notre alimentation sur les douleurs<\/a> comme dans la plupart des <a href=\"https:\/\/mecahealth.com\/?page_id=683\" data-type=\"page\" data-id=\"683\">tendinites<\/a> \u00e0 r\u00e9p\u00e9tition.<\/p>\n\n\n\n<p>(&#8230;)<\/p>\n\n\n\n<h2 class=\"wp-block-heading has-medium-font-size\">Revenir \u00e0 la page <em><a href=\"https:\/\/mecahealth.com\/?page_id=618\" data-type=\"page\" data-id=\"618\">Pied et cheville<\/a> <\/em>ou <em><a href=\"https:\/\/mecahealth.com\/?page_id=428\" data-type=\"page\" data-id=\"428\">Marcher<\/a><\/em><\/h2>\n","protected":false},"excerpt":{"rendered":"<p>Attention \u00e0 lire les consignes avant de lire toute page d&rsquo;un site sant\u00e9 ! La douleur situ\u00e9e au tendon d&rsquo;Achille, \u00e0 son insertion ou quelques centim\u00e8tres plus hauts, survient de diff\u00e9rentes mani\u00e8res mais doit \u00eatre surveill\u00e9e avec attention puisque cette douleur pr\u00e9c\u00e8de parfois un claquage du mollet (rupture partielle \u00e0<a href=\"https:\/\/mecahealth.com\/?page_id=1731\" class=\"read-more\">Read More&#8230;<\/a><\/p>\n","protected":false},"author":1,"featured_media":0,"parent":0,"menu_order":0,"comment_status":"closed","ping_status":"closed","template":"","meta":{"footnotes":""},"class_list":["post-1731","page","type-page","status-publish","hentry"],"jetpack_sharing_enabled":true,"_links":{"self":[{"href":"https:\/\/mecahealth.com\/index.php?rest_route=\/wp\/v2\/pages\/1731","targetHints":{"allow":["GET"]}}],"collection":[{"href":"https:\/\/mecahealth.com\/index.php?rest_route=\/wp\/v2\/pages"}],"about":[{"href":"https:\/\/mecahealth.com\/index.php?rest_route=\/wp\/v2\/types\/page"}],"author":[{"embeddable":true,"href":"https:\/\/mecahealth.com\/index.php?rest_route=\/wp\/v2\/users\/1"}],"replies":[{"embeddable":true,"href":"https:\/\/mecahealth.com\/index.php?rest_route=%2Fwp%2Fv2%2Fcomments&post=1731"}],"version-history":[{"count":9,"href":"https:\/\/mecahealth.com\/index.php?rest_route=\/wp\/v2\/pages\/1731\/revisions"}],"predecessor-version":[{"id":5558,"href":"https:\/\/mecahealth.com\/index.php?rest_route=\/wp\/v2\/pages\/1731\/revisions\/5558"}],"wp:attachment":[{"href":"https:\/\/mecahealth.com\/index.php?rest_route=%2Fwp%2Fv2%2Fmedia&parent=1731"}],"curies":[{"name":"wp","href":"https:\/\/api.w.org\/{rel}","templated":true}]}}