{"id":172,"date":"2022-12-26T16:58:43","date_gmt":"2022-12-26T15:58:43","guid":{"rendered":"http:\/\/mecahealth.com\/?page_id=172"},"modified":"2023-10-29T12:57:40","modified_gmt":"2023-10-29T11:57:40","slug":"sponsoring-mecenat-don","status":"publish","type":"page","link":"https:\/\/mecahealth.com\/?page_id=172","title":{"rendered":"Sponsoring, m\u00e9c\u00e9nat &#038; don"},"content":{"rendered":"\n<figure class=\"wp-block-image size-full is-style-rounded\"><img loading=\"lazy\" decoding=\"async\" width=\"330\" height=\"330\" src=\"https:\/\/mecahealth.com\/wp-content\/uploads\/2023\/03\/MecaHealth-financement.jpg\" alt=\"\" class=\"wp-image-4745\" srcset=\"https:\/\/mecahealth.com\/wp-content\/uploads\/2023\/03\/MecaHealth-financement.jpg 330w, https:\/\/mecahealth.com\/wp-content\/uploads\/2023\/03\/MecaHealth-financement-300x300.jpg 300w, https:\/\/mecahealth.com\/wp-content\/uploads\/2023\/03\/MecaHealth-financement-150x150.jpg 150w\" sizes=\"auto, (max-width: 330px) 100vw, 330px\" \/><\/figure>\n\n\n\n<p class=\"has-medium-font-size\"><strong>Si<\/strong> vous souhaitez que <strong>chaque universit\u00e9 et \u00e9cole professionnelle<\/strong> puissent former leurs \u00e9tudiants tout en \u00e9vitant une grande part des maux professionnels, &#8230;<\/p>\n\n\n\n<p class=\"has-medium-font-size\"><strong>Si<\/strong> vous souhaitez contribuer au <strong>bien-\u00eatre au travail ou dans la vie priv\u00e9e<\/strong>, &#8230;<\/p>\n\n\n\n<p class=\"has-medium-font-size\"><strong>Si<\/strong> vous souhaitez que <strong>chaque jeune parent puisse \u00e9viter des maux en s&rsquo;occupant de leur(s) enfant(s). <\/strong><\/p>\n\n\n\n<p class=\"has-medium-font-size\"><strong>Si<\/strong> vous souhaitez que <strong>que chaque aidant proche puissent tenir les difficult\u00e9s physiques et psychiques<\/strong> qu&rsquo;impliquent un accompagnement  &#8230;<\/p>\n\n\n\n<p class=\"has-medium-font-size\"><strong>Si<\/strong> vous souhaitez <strong><a href=\"https:\/\/mecahealth.com\/?page_id=149\" data-type=\"page\" data-id=\"149\">limiter les chiffres encore catastrophiques<\/a> en sant\u00e9 mentale<\/strong> notamment dans le monde de l&rsquo;adoption et dans les autres sujets que nous d\u00e9fendons&#8230;<\/p>\n\n\n\n<p class=\"has-medium-font-size\"><strong>Si<\/strong> vous souhaitez que les <strong>\u00e9coles soient plus accessibles aux personnes en situation de handicap<\/strong>, aussi bien enfants que parents (en lien avec l&rsquo;<a rel=\"noreferrer noopener\" href=\"https:\/\/almagic.org\/sponsoring-mecenats-dons-legs-ou-pret\/\" target=\"_blank\">asbl Almagic<\/a>), &#8230;<\/p>\n\n\n\n<p class=\"has-text-align-right has-medium-font-size\">  &#8230; vous pouvez y parvenir en finan\u00e7ant l&rsquo;un ou l&rsquo;autre de nos projets <\/p>\n\n\n\n<p class=\"has-text-align-right has-medium-font-size\">&#8230; en proposant <a href=\"https:\/\/mecahealth.com\/?page_id=146\" data-type=\"page\" data-id=\"146\">une de nos formations<\/a> \u00e0 votre entreprise (5+1 offerte)<\/p>\n\n\n\n<p class=\"has-text-align-right has-medium-font-size\">&#8230; en faisant conna\u00eetre notre action aupr\u00e8s de partenaires potentiels<\/p>\n\n\n\n<p class=\"has-text-align-right has-medium-font-size\">&#8230; soit en faisant la promotion via les r\u00e9seaux de nos conseils voire de notre action<\/p>\n\n\n\n<p class=\"has-text-align-right\">&#8230;<\/p>\n\n\n\n<p class=\"has-medium-font-size\"><strong>Si<\/strong> vous souhaitez une v\u00e9ritable visibilit\u00e9 de type sponsoring, avec ou sans notre asbl s\u0153ur <a rel=\"noreferrer noopener\" href=\"https:\/\/almagic.org\/sponsoring-mecenats-dons-legs-ou-pret\/\" target=\"_blank\">Almagic<\/a>, nous pouvons assurer une visibilit\u00e9 jusqu&rsquo;\u00e0 500.000p\/an (&#8230;) durant des festivals, des salons, des universit\u00e9s, des \u00e9coles techniques, etc.<\/p>\n\n\n\n<p class=\"has-text-align-center has-medium-font-size\"><em><a href=\"https:\/\/mecahealth.com\/?page_id=95\" data-type=\"page\" data-id=\"95\">Contactez-nous<\/a> pour de plus amples informations&#8230;<\/em><\/p>\n\n\n\n<p class=\"has-text-align-center has-medium-font-size\">Pour toute contribution notre compte est le : BE52 3101 7936 4709<\/p>\n\n\n\n<p class=\"has-text-align-center has-small-font-size\">Attention, nous ne pouvons encore \u00e9mettre d&rsquo;attestation fiscale mais bien une facture en bonne et due forme<\/p>\n","protected":false},"excerpt":{"rendered":"<p>Si vous souhaitez que chaque universit\u00e9 et \u00e9cole professionnelle puissent former leurs \u00e9tudiants tout en \u00e9vitant une grande part des maux professionnels, &#8230; Si vous souhaitez contribuer au bien-\u00eatre au travail ou dans la vie priv\u00e9e, &#8230; Si vous souhaitez que chaque jeune parent puisse \u00e9viter des maux en s&rsquo;occupant<a href=\"https:\/\/mecahealth.com\/?page_id=172\" class=\"read-more\">Read More&#8230;<\/a><\/p>\n","protected":false},"author":1,"featured_media":0,"parent":0,"menu_order":0,"comment_status":"closed","ping_status":"closed","template":"","meta":{"footnotes":""},"class_list":["post-172","page","type-page","status-publish","hentry"],"jetpack_sharing_enabled":true,"_links":{"self":[{"href":"https:\/\/mecahealth.com\/index.php?rest_route=\/wp\/v2\/pages\/172","targetHints":{"allow":["GET"]}}],"collection":[{"href":"https:\/\/mecahealth.com\/index.php?rest_route=\/wp\/v2\/pages"}],"about":[{"href":"https:\/\/mecahealth.com\/index.php?rest_route=\/wp\/v2\/types\/page"}],"author":[{"embeddable":true,"href":"https:\/\/mecahealth.com\/index.php?rest_route=\/wp\/v2\/users\/1"}],"replies":[{"embeddable":true,"href":"https:\/\/mecahealth.com\/index.php?rest_route=%2Fwp%2Fv2%2Fcomments&post=172"}],"version-history":[{"count":12,"href":"https:\/\/mecahealth.com\/index.php?rest_route=\/wp\/v2\/pages\/172\/revisions"}],"predecessor-version":[{"id":5777,"href":"https:\/\/mecahealth.com\/index.php?rest_route=\/wp\/v2\/pages\/172\/revisions\/5777"}],"wp:attachment":[{"href":"https:\/\/mecahealth.com\/index.php?rest_route=%2Fwp%2Fv2%2Fmedia&parent=172"}],"curies":[{"name":"wp","href":"https:\/\/api.w.org\/{rel}","templated":true}]}}