{"id":149,"date":"2022-12-26T15:01:48","date_gmt":"2022-12-26T14:01:48","guid":{"rendered":"http:\/\/mecahealth.com\/?page_id=149"},"modified":"2026-05-02T22:34:44","modified_gmt":"2026-05-02T20:34:44","slug":"recherche-scientifique","status":"publish","type":"page","link":"https:\/\/mecahealth.com\/?page_id=149","title":{"rendered":"Recherche scientifique"},"content":{"rendered":"\n<figure class=\"wp-block-image size-full is-style-rounded\"><img loading=\"lazy\" decoding=\"async\" width=\"330\" height=\"330\" src=\"https:\/\/mecahealth.com\/wp-content\/uploads\/2023\/02\/MecaHealth-psycho-recherche.jpg\" alt=\"\" class=\"wp-image-3754\" srcset=\"https:\/\/mecahealth.com\/wp-content\/uploads\/2023\/02\/MecaHealth-psycho-recherche.jpg 330w, https:\/\/mecahealth.com\/wp-content\/uploads\/2023\/02\/MecaHealth-psycho-recherche-300x300.jpg 300w, https:\/\/mecahealth.com\/wp-content\/uploads\/2023\/02\/MecaHealth-psycho-recherche-150x150.jpg 150w\" sizes=\"auto, (max-width: 330px) 100vw, 330px\" \/><\/figure>\n\n\n\n<p class=\"has-medium-font-size\">Nous avons constat\u00e9 que <strong>certaines <\/strong>conclusions d&rsquo;\u00e9tudes en <a href=\"https:\/\/mecahealth.com\/?page_id=75\">sant\u00e9 physique<\/a> et surtout en <a href=\"https:\/\/mecahealth.com\/?page_id=127\">sant\u00e9 psychique<\/a> pouvaient, sous un autre angle de vue, parfois \u00eatre interpr\u00e9t\u00e9es diff\u00e9remment selon la subjectivit\u00e9 des lecteurs. Dans d&rsquo;autres cas, le nombre de param\u00e8tres relev\u00e9s dans certains articles scientifiques semble \u00e9galement minime. L&rsquo;\u00e9chantillonnage comparatif peut parfois s&rsquo;av\u00e9rer insuffisant ou tronqu\u00e9. Les conclusions sont d\u00e8s lors <strong>parfois difficilement<br><em>reproductibles<\/em>\u00a0et donc ne peuvent pas \u00eatre consid\u00e9r\u00e9es comme v\u00e9ritablement scientifiques<\/strong> <strong>\u00e0 proprement parler<\/strong>. <\/p>\n\n\n\n<p class=\"has-medium-font-size\">Une \u00e9tude am\u00e9ricaine soutenait en 2015 que pr\u00e8s des deux tiers des \u00e9tudes en sant\u00e9 mentale seraient dans cette situation (<a href=\"https:\/\/www.sciencesetavenir.fr\/sante\/pres-des-deux-tiers-des-etudes-en-psychologie-ne-peuvent-pas-etre-reproduites_29445\" target=\"_blank\" rel=\"noreferrer noopener\">sources diverses, dont Science et Avenir<\/a>). Nous arrivons \u00e0 peu pr\u00e8s \u00e0 cette m\u00eame conclusion sur nos seules lectures durant les derni\u00e8res ann\u00e9es \u00e9coul\u00e9es.<\/p>\n\n\n\n<p class=\"has-medium-font-size\">S&rsquo;il est possible d&rsquo;arriver \u00e0 de tels chiffres, c&rsquo;est \u00e0 cause du <a href=\"https:\/\/mecahealth.com\/?page_id=8131\" data-type=\"page\" data-id=\"8131\">nombre important de biais possibles<\/a> dont d&rsquo;une part sans doute par la subjectivit\u00e9 des intervenants (parcours personnel tant que professionnel), la non-pluridisciplinarit\u00e9 des \u00e9quipes mais \u00e9galement par le choix des protocoles exp\u00e9rimentaux (p. ex. nombre de param\u00e8tres peu pr\u00e9cis qui ne peuvent se v\u00e9rifier l&rsquo;un l&rsquo;autre s&rsquo;ils ne sont pas assez nombreux pour faire de v\u00e9ritables croisements &#8211; choix des \u00e9chantillons \u00e9tudi\u00e9s comme <a href=\"https:\/\/mecahealth.com\/?page_id=5989\">Freud le fit bien trop souvent<\/a> &#8211; m\u00e9connaissance du profil de r\u00e9f\u00e9rence &#8211; etc.). Le manque de reproductibilit\u00e9 survient \u00e9galement par <a href=\"https:\/\/mecahealth.com\/?page_id=8131\" data-type=\"page\" data-id=\"8131\" target=\"_blank\" rel=\"noreferrer noopener\">biais de confirmation<\/a>. C&rsquo;est \u00e9galement -malheureusement bien souvent- parce que les \u00e9tudes r\u00e9alis\u00e9es dans pas mal de secteurs, suivent un principe de subvention annuelle. Ce m\u00e9canisme entra\u00eene l&rsquo;octroi d&rsquo;une bourse si des publications ont \u00e9t\u00e9 r\u00e9alis\u00e9es dans les d\u00e9lais de l&rsquo;ann\u00e9e pr\u00e9c\u00e9dente et donc pousse parfois certains chercheurs \u00e0 \u00e9tablir des conclusions h\u00e2tives pour <em>avoir droit<\/em>\u00a0\u00e0 la subvention suivante.<\/p>\n\n\n\n<p class=\"has-medium-font-size\">Ce manque de reproductibilit\u00e9 est \u00e9galement li\u00e9 parfois au besoin d&rsquo;exister de ceux qui recherchent, au besoin de prouver des th\u00e9ories qu&rsquo;ils tentent de prouver depuis trop longtemps alors que ces personnes se font en r\u00e9alit\u00e9 happer par un <a href=\"https:\/\/mecahealth.com\/?page_id=5994\" data-type=\"page\" data-id=\"5994\">engagement psychologique<\/a>, etc. Dans ce cas, ils ne valent pas mieux qu&rsquo;un <a href=\"https:\/\/mecahealth.com\/?page_id=6522\">pi\u00e8tre juge du net<\/a> (&#8230;).<\/p>\n\n\n\n<blockquote class=\"wp-block-quote is-layout-flow wp-block-quote-is-layout-flow\">\n<p class=\"has-medium-font-size\">Science sans conscience est la ruine de l&rsquo;\u00e2me<\/p>\n\n\n\n<p>(Fran\u00e7ois Rabelais)<\/p>\n<\/blockquote>\n\n\n\n<p class=\"has-medium-font-size\">De ce fait, nous intervenons sur le net mais \u00e9galement \u00e0 d&rsquo;autres niveaux pour limiter l&rsquo;impact de telles r\u00e9f\u00e9rences sur le travail des sp\u00e9cialistes du secteur m\u00e9dical et en sant\u00e9 mentale surtout. Une conclusion contenant des verbes au conditionnel ou pr\u00e9cisant certains points permettent d&rsquo;\u00e9viter toute ambigu\u00eft\u00e9 sur l&rsquo;affirmation d&rsquo;une conclusion voire sur la pr\u00e9tention de son auteur comme le fait adroitement l&rsquo;auteur de l&rsquo;\u00e9tude r\u00e9v\u00e9lant que <a href=\"https:\/\/www.sciencesetavenir.fr\/archeo-paleo\/patrimoine\/une-analyse-des-lettres-redigees-par-vlad-dracula-au-15e-siecle-laissent-entendre-qu-il-pleurait-des-larmes-de-sang_174739\" target=\"_blank\" rel=\"noreferrer noopener\"><em>Vlad (&#8230;)<\/em> perdait probablement des larmes de sang.<\/a><\/p>\n\n\n\n<p class=\"has-medium-font-size\">Nous <a href=\"https:\/\/ekb7ginwfvd.typeform.com\/to\/MzMrA51c?typeform-source=qrcode-button\">r\u00e9alisons \u00e9galement nos propres recherches<\/a> afin de favoriser d&rsquo;autres points de vue dans diff\u00e9rentes sous-secteurs. Les prochaines concernent le monde de l&rsquo;adoption ainsi que celui que monsieur Li\u00e9geois appelle l&rsquo;<em>H-P\u00e9titude<\/em>.<\/p>\n\n\n\n<p class=\"has-medium-font-size\">Nous ne pouvons en dire plus pour l&rsquo;instant afin de ne pas influencer toute personne participant \u00e0 ces diff\u00e9rentes \u00e9tudes plus que ce nous le faisons par ces quelques lignes. Nous souhaiterions que cette recherche soit la plus scientifique possible mais les conclusions comprendront certainement du conditionnel dans certaines phrases et\/ou des termes savamment choisis pour \u00e9viter toute interpr\u00e9tation possible (\u2026).<\/p>\n\n\n\n<p>(&#8230;)<\/p>\n\n\n\n<h2 class=\"wp-block-heading has-medium-font-size\">Revenir au chapitre <em><a href=\"https:\/\/mecahealth.com\/?page_id=127\">Corps psychique<\/a><\/em><\/h2>\n\n\n\n<p><\/p>\n","protected":false},"excerpt":{"rendered":"<p>Nous avons constat\u00e9 que certaines conclusions d&rsquo;\u00e9tudes en sant\u00e9 physique et surtout en sant\u00e9 psychique pouvaient, sous un autre angle de vue, parfois \u00eatre interpr\u00e9t\u00e9es diff\u00e9remment selon la subjectivit\u00e9 des lecteurs. Dans d&rsquo;autres cas, le nombre de param\u00e8tres relev\u00e9s dans certains articles scientifiques semble \u00e9galement minime. L&rsquo;\u00e9chantillonnage comparatif peut parfois<a href=\"https:\/\/mecahealth.com\/?page_id=149\" class=\"read-more\">Read More&#8230;<\/a><\/p>\n","protected":false},"author":1,"featured_media":0,"parent":0,"menu_order":0,"comment_status":"closed","ping_status":"closed","template":"","meta":{"footnotes":""},"class_list":["post-149","page","type-page","status-publish","hentry"],"jetpack_sharing_enabled":true,"_links":{"self":[{"href":"https:\/\/mecahealth.com\/index.php?rest_route=\/wp\/v2\/pages\/149","targetHints":{"allow":["GET"]}}],"collection":[{"href":"https:\/\/mecahealth.com\/index.php?rest_route=\/wp\/v2\/pages"}],"about":[{"href":"https:\/\/mecahealth.com\/index.php?rest_route=\/wp\/v2\/types\/page"}],"author":[{"embeddable":true,"href":"https:\/\/mecahealth.com\/index.php?rest_route=\/wp\/v2\/users\/1"}],"replies":[{"embeddable":true,"href":"https:\/\/mecahealth.com\/index.php?rest_route=%2Fwp%2Fv2%2Fcomments&post=149"}],"version-history":[{"count":42,"href":"https:\/\/mecahealth.com\/index.php?rest_route=\/wp\/v2\/pages\/149\/revisions"}],"predecessor-version":[{"id":8915,"href":"https:\/\/mecahealth.com\/index.php?rest_route=\/wp\/v2\/pages\/149\/revisions\/8915"}],"wp:attachment":[{"href":"https:\/\/mecahealth.com\/index.php?rest_route=%2Fwp%2Fv2%2Fmedia&parent=149"}],"curies":[{"name":"wp","href":"https:\/\/api.w.org\/{rel}","templated":true}]}}