{"id":146,"date":"2022-12-26T15:00:37","date_gmt":"2022-12-26T14:00:37","guid":{"rendered":"http:\/\/mecahealth.com\/?page_id=146"},"modified":"2023-12-10T15:59:19","modified_gmt":"2023-12-10T14:59:19","slug":"formations-sur-mesure","status":"publish","type":"page","link":"https:\/\/mecahealth.com\/?page_id=146","title":{"rendered":"Formations sur mesure"},"content":{"rendered":"\n<figure class=\"wp-block-image size-large is-resized is-style-rounded\"><img loading=\"lazy\" decoding=\"async\" src=\"https:\/\/mecahealth.com\/wp-content\/uploads\/2023\/02\/MecaHealth-accueil-formation-Liftinc-edited.jpg\" alt=\"\" class=\"wp-image-3190\" width=\"330\" height=\"330\" srcset=\"https:\/\/mecahealth.com\/wp-content\/uploads\/2023\/02\/MecaHealth-accueil-formation-Liftinc-edited.jpg 797w, https:\/\/mecahealth.com\/wp-content\/uploads\/2023\/02\/MecaHealth-accueil-formation-Liftinc-edited-300x300.jpg 300w, https:\/\/mecahealth.com\/wp-content\/uploads\/2023\/02\/MecaHealth-accueil-formation-Liftinc-edited-150x150.jpg 150w, https:\/\/mecahealth.com\/wp-content\/uploads\/2023\/02\/MecaHealth-accueil-formation-Liftinc-edited-768x768.jpg 768w\" sizes=\"auto, (max-width: 330px) 100vw, 330px\" \/><\/figure>\n\n\n\n<p class=\"has-medium-font-size\">Nos formations en ergonomie sont destin\u00e9es \u00e0 chaque public priv\u00e9 comme professionnel.<\/p>\n\n\n\n<p class=\"has-medium-font-size\"><strong>Qu&rsquo;il s&rsquo;agisse d&rsquo;ouvriers ou d&#8217;employ\u00e9s<\/strong>, apprendre \u00e0 utiliser son corps sainement dans sa fonction permet d&rsquo;\u00e9viter une fatigue physique et d\u00e8s lors par extension une fatigue psychique. Permettre de suivre une formation en ergonomie permet donc une meilleure productivit\u00e9 mais \u00e9galement une <strong>diminution de l&rsquo;absent\u00e9isme<\/strong> et d&rsquo;autant plus si la formation est suffisamment longue pour apprendre \u00e0 \u00e9viter les <a href=\"https:\/\/mecahealth.com\/?page_id=998\" data-type=\"page\" data-id=\"998\">fatigues pr\u00e9alables<\/a> qui font suite \u00e0 une mauvaise gestion de son corps voire de son esprit dans la vie priv\u00e9e (&#8230;)<\/p>\n\n\n\n<p class=\"has-medium-font-size\">Les formations sont donc r\u00e9alis\u00e9es sur mesure en fonction des besoins et sp\u00e9cificit\u00e9s de chacun et\/ou du type d&rsquo;entreprise. La partie th\u00e9orique peut se donner en auditoire autant aux employ\u00e9s qu&rsquo;aux ouvriers (nombre illimit\u00e9). La partie pratique se donne id\u00e9alement \u00e0 12 personnes maximum.<\/p>\n\n\n\n<p class=\"has-medium-font-size\">Les formations se donnent g\u00e9n\u00e9ralement <em><strong>au sein de l&rsquo;entreprise<\/strong> <\/em>afin de pouvoir se trouver dans le cadre de travail mais peuvent \u00eatre r\u00e9alis\u00e9es dans d&rsquo;autres (centre de formations, s\u00e9jour \u00e0 l&rsquo;\u00e9tranger, etc.). Elles durent de 2 \u00e0 8 heures et peuvent se donner partout en Europe voire dans le monde.<\/p>\n\n\n\n<p class=\"has-medium-font-size\">L&rsquo;analyse et corrections de positions en <strong>t\u00e9l\u00e9travail <\/strong>est r\u00e9alis\u00e9e g\u00e9n\u00e9ralement en 1 heure 30 au domicile du t\u00e9l\u00e9travailleur&#8230; Ce type d&rsquo;analyse peuvent se faire \u00e0 distance sous conditions.<\/p>\n\n\n\n<p class=\"has-medium-font-size\">Dans le cadre priv\u00e9, en Belgique et dans le nord de la France, nous assurons \u00e9galement \u00e0 domicile et \u00e0 distance pr\u00e9alablement, des formations pour diff\u00e9rentes situations. Nous travaillons notamment celle des <a href=\"https:\/\/mecahealth.com\/?page_id=2612\" data-type=\"page\" data-id=\"2612\">jeunes parents<\/a> pour \u00e9viter des troubles physiques pour ces derniers qu&rsquo;ils s&rsquo;agissent d&rsquo;enfants avec ou sans difficult\u00e9 (&#8230;).<\/p>\n\n\n\n<p class=\"has-medium-font-size\"><a href=\"https:\/\/mecahealth.com\/?page_id=95\" data-type=\"page\" data-id=\"95\">Contactez-nous<\/a> pour envisager la formule la plus adapt\u00e9e \u00e0 vos besoins. Avec son asbl s\u0153ur, Almagic, elle peut assurer \u00e9galement des <a rel=\"noreferrer noopener\" href=\"https:\/\/almagic.org\/formations-sous-traitance\/\" target=\"_blank\">formations traitant \u00e9galement de l&rsquo;accueil des personnes \u00e0 besoins sp\u00e9cifiques<\/a> mais \u00e9galement de l&rsquo;accessibilit\u00e9 de sites festifs, naturels et\/ou historiques.<\/p>\n\n\n\n<h2 class=\"wp-block-heading has-medium-font-size\">Formations et CSR <\/h2>\n\n\n\n<p class=\"has-medium-font-size\">Les formations en entreprise <strong>financent <a href=\"https:\/\/mecahealth.com\/?page_id=6776\" data-type=\"page\" data-id=\"6776\">celles que nous destinons aux \u00e9coles<\/a>, aux institutions ou aux familles avec ou sans personne en situation de handicap<\/strong> (&#8230;). Si vous souhaitez nous aider \u00e0 r\u00e9aliser voire <a href=\"https:\/\/mecahealth.com\/?page_id=172\" data-type=\"page\" data-id=\"172\">financer ces formations<\/a>, c&rsquo;est \u00e9galement possible. 5 formations r\u00e9alis\u00e9es en entreprise (voire moins selon les types de formations) financent une formation dans les \u00e9coles ou aupr\u00e8s d&rsquo;associations de personnes \u00e0 besoins sp\u00e9cifiques). Votre entreprise peut orienter le choix de l&rsquo;association b\u00e9n\u00e9ficiaire aussi bien pour le <a href=\"https:\/\/mecahealth.com\/?page_id=172\" data-type=\"page\" data-id=\"172\">financement direct<\/a> que dans le cadre du financement indirect lors d&rsquo;une formation en entreprise&#8230;<\/p>\n\n\n\n<h2 class=\"wp-block-heading has-medium-font-size\">Compl\u00e9ment et combinaison<\/h2>\n\n\n\n<p class=\"has-medium-font-size\">Une formation en ergonomie peut \u00e9ventuellement se compl\u00e9ter par un teambuilding <strong>au sein m\u00eame de votre entreprise <\/strong>en \u00e9tant combin\u00e9e ou non avec :<\/p>\n\n\n\n<ul class=\"has-medium-font-size wp-block-list\">\n<li>de la gestion de conflit<\/li>\n\n\n\n<li>du kartball (<a href=\"https:\/\/mecahealth.com\/?page_id=259\" data-type=\"page\" data-id=\"259\">sport<\/a> made in Belgium) <a href=\"http:\/\/www.kartball.eu\">www.kartball.eu<\/a><\/li>\n\n\n\n<li>des ateliers d&rsquo;<a href=\"https:\/\/mecahealth.com\/?page_id=839\">improvisation th\u00e9\u00e2trale<\/a><\/li>\n\n\n\n<li>de la sp\u00e9ologie (sp\u00e9l\u00e9obox)<\/li>\n\n\n\n<li>des <a href=\"https:\/\/almagic.org\/formations-sous-traitance\/\" target=\"_blank\" rel=\"noreferrer noopener\">formations aux handicaps<\/a> (accueil\/accessibilit\u00e9\/etc.)<\/li>\n<\/ul>\n\n\n\n<p class=\"has-medium-font-size\">Pour les PME et les commerces, une formation peut se faire \u00e9galement avec une entreprise situ\u00e9e dans les environs afin de limiter les charges financi\u00e8res.<\/p>\n\n\n\n<p>(&#8230;)<\/p>\n\n\n\n<p><a href=\"https:\/\/mecahealth.com\/?page_id=95\" data-type=\"page\" data-id=\"95\">Contactez-nous<\/a> pour de plus amples informations<\/p>\n\n\n\n<h2 class=\"wp-block-heading has-medium-font-size\"><span style=\"font-size: var(--wp--preset--font-size--medium) ; color: initial;\"><span style=\"font-size: var(--wp--preset--font-size--medium) ; color: initial;\">Abonnez-vous \u00e0 nos diff\u00e9rentes pages pour \u00eatre averti(s) des nouvelles mises en ligne&#8230;<\/span><\/span><\/h2>\n\n\n\n<p class=\"has-small-font-size\"><a rel=\"noreferrer noopener\" href=\"https:\/\/www.facebook.com\/MecaHealthAsbl\" target=\"_blank\">Facebook MecaHealthAsbl<\/a> &#8211; <a rel=\"noreferrer noopener\" href=\"https:\/\/www.linkedin.com\/company\/mecahealth\/\" target=\"_blank\">Linkedin MecaHealth<\/a> &#8211; <a rel=\"noreferrer noopener\" href=\"https:\/\/www.youtube.com\/channel\/UCJb5g--IGlU6FgQLQKaJljg\" target=\"_blank\">Youtube cha\u00eene MecaHealth<\/a> &#8211; Instagram (pas encore)<\/p>\n\n\n\n<h2 class=\"wp-block-heading has-medium-font-size\">Revenir \u00e0 la page initiale <a href=\"https:\/\/mecahealth.com\/?page_id=61\" data-type=\"page\" data-id=\"61\"><em>1001 conseils \/ lexique<\/em><\/a><\/h2>\n","protected":false},"excerpt":{"rendered":"<p>Nos formations en ergonomie sont destin\u00e9es \u00e0 chaque public priv\u00e9 comme professionnel. Qu&rsquo;il s&rsquo;agisse d&rsquo;ouvriers ou d&#8217;employ\u00e9s, apprendre \u00e0 utiliser son corps sainement dans sa fonction permet d&rsquo;\u00e9viter une fatigue physique et d\u00e8s lors par extension une fatigue psychique. Permettre de suivre une formation en ergonomie permet donc une meilleure<a href=\"https:\/\/mecahealth.com\/?page_id=146\" class=\"read-more\">Read More&#8230;<\/a><\/p>\n","protected":false},"author":1,"featured_media":0,"parent":0,"menu_order":0,"comment_status":"closed","ping_status":"closed","template":"","meta":{"footnotes":""},"class_list":["post-146","page","type-page","status-publish","hentry"],"jetpack_sharing_enabled":true,"_links":{"self":[{"href":"https:\/\/mecahealth.com\/index.php?rest_route=\/wp\/v2\/pages\/146","targetHints":{"allow":["GET"]}}],"collection":[{"href":"https:\/\/mecahealth.com\/index.php?rest_route=\/wp\/v2\/pages"}],"about":[{"href":"https:\/\/mecahealth.com\/index.php?rest_route=\/wp\/v2\/types\/page"}],"author":[{"embeddable":true,"href":"https:\/\/mecahealth.com\/index.php?rest_route=\/wp\/v2\/users\/1"}],"replies":[{"embeddable":true,"href":"https:\/\/mecahealth.com\/index.php?rest_route=%2Fwp%2Fv2%2Fcomments&post=146"}],"version-history":[{"count":23,"href":"https:\/\/mecahealth.com\/index.php?rest_route=\/wp\/v2\/pages\/146\/revisions"}],"predecessor-version":[{"id":6782,"href":"https:\/\/mecahealth.com\/index.php?rest_route=\/wp\/v2\/pages\/146\/revisions\/6782"}],"wp:attachment":[{"href":"https:\/\/mecahealth.com\/index.php?rest_route=%2Fwp%2Fv2%2Fmedia&parent=146"}],"curies":[{"name":"wp","href":"https:\/\/api.w.org\/{rel}","templated":true}]}}