{"id":1416,"date":"2023-01-16T11:40:28","date_gmt":"2023-01-16T10:40:28","guid":{"rendered":"https:\/\/mecahealth.com\/?page_id=1416"},"modified":"2025-04-21T14:42:55","modified_gmt":"2025-04-21T12:42:55","slug":"pathologie-hemorroides","status":"publish","type":"page","link":"https:\/\/mecahealth.com\/?page_id=1416","title":{"rendered":"Pathologie : h\u00e9morro\u00efdes"},"content":{"rendered":"\n<p class=\"has-medium-font-size\"><a href=\"https:\/\/mecahealth.com\/?page_id=122\">Attention \u00e0 lire les consignes avant de lire toute page d&rsquo;un site sant\u00e9 !<\/a><\/p>\n\n\n\n<figure class=\"wp-block-image size-full is-style-rounded\"><img loading=\"lazy\" decoding=\"async\" width=\"330\" height=\"330\" src=\"https:\/\/mecahealth.com\/wp-content\/uploads\/2023\/02\/MecaHealth-defequer-hemorroides.jpg\" alt=\"\" class=\"wp-image-2785\" srcset=\"https:\/\/mecahealth.com\/wp-content\/uploads\/2023\/02\/MecaHealth-defequer-hemorroides.jpg 330w, https:\/\/mecahealth.com\/wp-content\/uploads\/2023\/02\/MecaHealth-defequer-hemorroides-300x300.jpg 300w, https:\/\/mecahealth.com\/wp-content\/uploads\/2023\/02\/MecaHealth-defequer-hemorroides-150x150.jpg 150w\" sizes=\"auto, (max-width: 330px) 100vw, 330px\" \/><\/figure>\n\n\n\n<p class=\"has-medium-font-size\">Une h\u00e9morro\u00efde n&rsquo;est en fait qu&rsquo;une varice plac\u00e9e au dessus ou en dessous de l&rsquo;anus. On parle respectivement d&rsquo;une h\u00e9morro\u00efde interne ou externe.<\/p>\n\n\n<div class=\"wp-block-image\">\n<figure class=\"alignleft size-full is-resized\"><img loading=\"lazy\" decoding=\"async\" width=\"330\" height=\"330\" src=\"https:\/\/mecahealth.com\/wp-content\/uploads\/2023\/02\/MecaHealth-defequer-attention.jpg\" alt=\"\" class=\"wp-image-2782\" style=\"width:230px;height:230px\" srcset=\"https:\/\/mecahealth.com\/wp-content\/uploads\/2023\/02\/MecaHealth-defequer-attention.jpg 330w, https:\/\/mecahealth.com\/wp-content\/uploads\/2023\/02\/MecaHealth-defequer-attention-300x300.jpg 300w, https:\/\/mecahealth.com\/wp-content\/uploads\/2023\/02\/MecaHealth-defequer-attention-150x150.jpg 150w\" sizes=\"auto, (max-width: 330px) 100vw, 330px\" \/><\/figure>\n<\/div>\n\n\n<p class=\"has-medium-font-size\">Une <a href=\"https:\/\/mecahealth.com\/?page_id=661\" data-type=\"page\" data-id=\"661\">varice<\/a> comme nous le voyons dans le <strong><a href=\"https:\/\/mecahealth.com\/?page_id=604\" data-type=\"page\" data-id=\"604\">chapitre d\u00e9di\u00e9 \u00e0 la circulation<\/a><\/strong> est un dilatation anormale d&rsquo;une veine survenant notamment par une pression r\u00e9p\u00e9t\u00e9e (notamment \u00e0 cause de <a href=\"https:\/\/mecahealth.com\/?page_id=2950\" data-type=\"page\" data-id=\"2950\">constipations chroniques<\/a>) ou une traction trop fr\u00e9quente sur les diff\u00e9rentes parois. C&rsquo;est ce qui survient assez r\u00e9guli\u00e8rement chez les <em>lecteurs du pot<\/em>. <strong>Ne laissez donc jamais de lecture dans les toilettes contrairement \u00e0 ce qui est fait chez beaucoup de personnes et ne jouez pas avec votre smartphone<\/strong> mais concentrez vous sur la <a href=\"https:\/\/mecahealth.com\/?page_id=268\" data-type=\"page\" data-id=\"268\">bonne mani\u00e8re de d\u00e9f\u00e9quer<\/a> pour que cela ne dure pas trop longtemps et avec une ouverture naturelle&#8230;<\/p>\n\n\n\n<p class=\"has-medium-font-size\">Nous avons eu \u00e9galement plusieurs personnes h\u00e9morro\u00efdaires souffrir pour \u00eatre rest\u00e9es trop souvent sur des <strong>chaises ergonomiques pour enfants<\/strong> (instituteurs\/personnel de cr\u00e8che\/parents). De ce fait, comme sur une toilette, les fesses sont tir\u00e9es vers l&rsquo;ext\u00e9rieur en continu, poussant l&rsquo;anus et les muscles le soutenant, \u00e0 s&rsquo;\u00e9tirer \u00e9galement trop longtemps.<\/p>\n\n\n\n<p class=\"has-medium-font-size\">L&rsquo;h\u00e9morro\u00efde diff\u00e8re de la varice du mollet principalement par le fait que celle-ci peut \u00eatre plus facilement douloureuse. Cette varice sp\u00e9cifique prend de la place et peut s&rsquo;accompagner d&rsquo;un d\u00e9collement partiel de la muqueuse de l&rsquo;anus ou du rectum. La configuration de cette structure peut donner l&rsquo;impression d&rsquo;un d\u00e9but d&rsquo;incontinence f\u00e9cale. En r\u00e9alit\u00e9, le repli de ces tissus d\u00e9form\u00e9s peut parfois se mettre en \u00ab\u00a0<em>goutti\u00e8re<\/em>\u00a0\u00bb et laisser passer quelques s\u00e9cr\u00e9tions le plus souvent brun\u00e2tres bien entendu. G\u00e9n\u00e9ralement, elles surviennent apr\u00e8s la d\u00e9f\u00e9cation. Il semble alors difficile de pouvoir terminer de s&rsquo;essuyer correctement. Eventuellement quelques minutes encore apr\u00e8s, nous avons la sensation \u00e0 juste titre, de sentir l&rsquo;anus l\u00e9g\u00e8rement humide. Quelques petites s\u00e9cr\u00e9tions sont encore descendues dans la <em>goutti\u00e8re<\/em>.<\/p>\n\n\n\n<p class=\"has-medium-font-size\">Pour \u00e9viter ces souillures et le gonflement de l&rsquo;h\u00e9morro\u00efde, il faut d&rsquo;abord apprendre \u00e0 \u00e9viter la cause initiale qui est en grosse partie la pression et d\u00e8s lors apprendre \u00e0 <a href=\"https:\/\/mecahealth.com\/?page_id=268\" data-type=\"page\" data-id=\"268\">d\u00e9f\u00e9quer correctement<\/a> et notamment \u00e0 positionner le ventre comme il se doit, ensuite \u00e9ventuellement \u00e0 renforcer quelque peu le muscle anal et \u00e0 (re)positionner les tissus d\u00e9coll\u00e9s. Cette derni\u00e8re action est r\u00e9alis\u00e9e apr\u00e8s une d\u00e9f\u00e9cation principalement ou apr\u00e8s un effort non contenu par la m\u00e9thode de positionnement du ventre \u00e0 l&rsquo;effort. Elle se fait avec un doigt gant\u00e9 ou emball\u00e9 poussant vers le haut et l&rsquo;int\u00e9rieur la varice (en principe sensible) et\/ou les tissus d\u00e9plac\u00e9s. Nous purgeons ainsi la varice qui a tendance \u00e0 se dilater apr\u00e8s effort et repoussons les tissus distendus. Ils sont ainsi soutenus correctement de quelques minutes \u00e0 quelques heures. La veine \u00e9tant en principe \u00e9galement mieux positionn\u00e9e pour assurer un meilleur <strong>retour veineux<\/strong>, se dilatera moins rapidement.<\/p>\n\n\n\n<p class=\"has-medium-font-size\">Pour emballer le doigt, faisons deux ou trois tours avec le papier toilette autour de celui-ci en partant de la base jusqu&rsquo;au bout du doigt. A cette hauteur, faire un pli sur le bout et refaire un tour. R\u00e9\u00e9diter l&rsquo;op\u00e9ration deux ou trois fois afin d&rsquo;\u00e9viter d&rsquo;avoir le doigt souill\u00e9 lors de son introduction. Pour passer le doigt dans le conduit ano-rectal, pousser l\u00e9g\u00e8rement comme si nous voulions aller \u00e0 celle afin que l&rsquo;anus s&rsquo;entrouvre.<\/p>\n\n\n<div class=\"wp-block-image\">\n<figure class=\"alignleft size-full is-resized\"><img loading=\"lazy\" decoding=\"async\" width=\"330\" height=\"330\" src=\"https:\/\/mecahealth.com\/wp-content\/uploads\/2023\/02\/MecaHealth-materiel-hemorroides.jpg\" alt=\"\" class=\"wp-image-2789\" style=\"width:187px;height:187px\" srcset=\"https:\/\/mecahealth.com\/wp-content\/uploads\/2023\/02\/MecaHealth-materiel-hemorroides.jpg 330w, https:\/\/mecahealth.com\/wp-content\/uploads\/2023\/02\/MecaHealth-materiel-hemorroides-300x300.jpg 300w, https:\/\/mecahealth.com\/wp-content\/uploads\/2023\/02\/MecaHealth-materiel-hemorroides-150x150.jpg 150w\" sizes=\"auto, (max-width: 330px) 100vw, 330px\" \/><\/figure>\n<\/div>\n\n\n<p class=\"has-medium-font-size\">Une mani\u00e8re de soulager ses h\u00e9morro\u00efdes voire une descente des parois, est de s&rsquo;asseoir quelques minutes sur certains \u00e9l\u00e9ments arrondis tels qu&rsquo;une balle de golf ou un <em>\u0153uf \u00e0 repriser<\/em>&#8230;<\/p>\n\n\n\n<p class=\"has-medium-font-size\">En dehors ou \u00e0 l&rsquo;int\u00e9rieur de chez soi, certaines personnes peuvent opter pour un appui de leur anus contre un poteau voire un coin de table en faisant mine de se reposer&#8230;<\/p>\n\n\n\n<h2 class=\"wp-block-heading has-medium-font-size\">Revenir au chapitre <a href=\"https:\/\/mecahealth.com\/?page_id=77\" data-type=\"page\" data-id=\"77\"><em>Corps plomberie<\/em><\/a>, <em><a href=\"https:\/\/mecahealth.com\/?page_id=604\" data-type=\"page\" data-id=\"604\">Syst\u00e8me circulatoire<\/a> <\/em>ou \u00e0 la page<em> <a href=\"https:\/\/mecahealth.com\/?page_id=661\" data-type=\"page\" data-id=\"661\">Varice<\/a><\/em><\/h2>\n","protected":false},"excerpt":{"rendered":"<p>Attention \u00e0 lire les consignes avant de lire toute page d&rsquo;un site sant\u00e9 ! Une h\u00e9morro\u00efde n&rsquo;est en fait qu&rsquo;une varice plac\u00e9e au dessus ou en dessous de l&rsquo;anus. On parle respectivement d&rsquo;une h\u00e9morro\u00efde interne ou externe. Une varice comme nous le voyons dans le chapitre d\u00e9di\u00e9 \u00e0 la circulation<a href=\"https:\/\/mecahealth.com\/?page_id=1416\" class=\"read-more\">Read More&#8230;<\/a><\/p>\n","protected":false},"author":1,"featured_media":0,"parent":0,"menu_order":0,"comment_status":"closed","ping_status":"closed","template":"","meta":{"footnotes":""},"class_list":["post-1416","page","type-page","status-publish","hentry"],"jetpack_sharing_enabled":true,"_links":{"self":[{"href":"https:\/\/mecahealth.com\/index.php?rest_route=\/wp\/v2\/pages\/1416","targetHints":{"allow":["GET"]}}],"collection":[{"href":"https:\/\/mecahealth.com\/index.php?rest_route=\/wp\/v2\/pages"}],"about":[{"href":"https:\/\/mecahealth.com\/index.php?rest_route=\/wp\/v2\/types\/page"}],"author":[{"embeddable":true,"href":"https:\/\/mecahealth.com\/index.php?rest_route=\/wp\/v2\/users\/1"}],"replies":[{"embeddable":true,"href":"https:\/\/mecahealth.com\/index.php?rest_route=%2Fwp%2Fv2%2Fcomments&post=1416"}],"version-history":[{"count":14,"href":"https:\/\/mecahealth.com\/index.php?rest_route=\/wp\/v2\/pages\/1416\/revisions"}],"predecessor-version":[{"id":7855,"href":"https:\/\/mecahealth.com\/index.php?rest_route=\/wp\/v2\/pages\/1416\/revisions\/7855"}],"wp:attachment":[{"href":"https:\/\/mecahealth.com\/index.php?rest_route=%2Fwp%2Fv2%2Fmedia&parent=1416"}],"curies":[{"name":"wp","href":"https:\/\/api.w.org\/{rel}","templated":true}]}}