{"id":1403,"date":"2023-01-16T09:20:10","date_gmt":"2023-01-16T08:20:10","guid":{"rendered":"https:\/\/mecahealth.com\/?page_id=1403"},"modified":"2023-03-12T18:50:49","modified_gmt":"2023-03-12T17:50:49","slug":"pathologie-endometriose","status":"publish","type":"page","link":"https:\/\/mecahealth.com\/?page_id=1403","title":{"rendered":"Pathologie : endom\u00e9triose"},"content":{"rendered":"\n<p><a href=\"https:\/\/mecahealth.com\/?page_id=122\">Attention \u00e0 lire les consignes avant de lire toute page d&rsquo;un site sant\u00e9 !<\/a><\/p>\n\n\n\n<figure class=\"wp-block-image size-full is-style-rounded\"><img loading=\"lazy\" decoding=\"async\" width=\"330\" height=\"330\" src=\"https:\/\/mecahealth.com\/wp-content\/uploads\/2023\/01\/MecaHealth-uterus-1.jpg\" alt=\"\" class=\"wp-image-1451\" srcset=\"https:\/\/mecahealth.com\/wp-content\/uploads\/2023\/01\/MecaHealth-uterus-1.jpg 330w, https:\/\/mecahealth.com\/wp-content\/uploads\/2023\/01\/MecaHealth-uterus-1-300x300.jpg 300w, https:\/\/mecahealth.com\/wp-content\/uploads\/2023\/01\/MecaHealth-uterus-1-150x150.jpg 150w\" sizes=\"auto, (max-width: 330px) 100vw, 330px\" \/><\/figure>\n\n\n\n<h2 class=\"wp-block-heading has-large-font-size\">La d\u00e9nomination de cette pathologie est relativement r\u00e9cente*<\/h2>\n\n\n\n<p class=\"has-small-font-size\">* premi\u00e8re description en 1860 &#8211; reconnaissance toujours en cours malheureusement dans beaucoup de cabinets<\/p>\n\n\n\n<p class=\"has-medium-font-size\">L\u2019endom\u00e9triose est une maladie gyn\u00e9cologique inflammatoire caract\u00e9ris\u00e9e par la migration, apr\u00e8s les menstruations (r\u00e8gles) d\u2019une partie de l\u2019endom\u00e8tre \u00e9vacu\u00e9 vers d\u2019autres organes ; l&rsquo;endom\u00e8tre \u00e9tant le tissu qui tapisse la paroi interne de l&rsquo;ut\u00e9rus. Ce qui entra\u00eene des l\u00e9sions, des adh\u00e9rences et des kystes ovariens.&nbsp;<\/p>\n\n\n\n<p class=\"has-medium-font-size\">A l\u2019origine d\u2019une consultation pour cette pathologie : douleurs abdominales, douleurs durant les rapports sexuels, etc. Elle peut aboutir \u00e9galement \u00e0 une infertilit\u00e9, \u00e0 ne pas confondre avec une st\u00e9rilit\u00e9.&nbsp;<\/p>\n\n\n\n<p class=\"has-medium-font-size\">Durant de tr\u00e8s nombreuses ann\u00e9es et malheureusement encore aujourd\u2019hui, certains m\u00e9decins consid\u00e9raient ces sympt\u00f4mes comme psychologiques. La reconnaissance s\u2019est faite notamment gr\u00e2ce aux associations de femmes directement touch\u00e9es telles que :<\/p>\n\n\n\n<ul class=\"has-medium-font-size wp-block-list\">\n<li>En <a href=\"https:\/\/endositebelgique.wixsite.com\/endobe\" data-type=\"URL\" data-id=\"https:\/\/endositebelgique.wixsite.com\/endobe\" target=\"_blank\" rel=\"noreferrer noopener\">Belgique<\/a>,<\/li>\n\n\n\n<li>Au Canada,&nbsp;<\/li>\n\n\n\n<li>En France,&nbsp;<\/li>\n\n\n\n<li>En Suisse, &nbsp;<\/li>\n\n\n\n<li>Etc.&nbsp;<\/li>\n<\/ul>\n\n\n\n<h2 class=\"wp-block-heading has-medium-font-size\">Revenir \u00e0 la page <a href=\"https:\/\/mecahealth.com\/?page_id=537\">Douleurs<\/a> ou au chapitre <a href=\"https:\/\/mecahealth.com\/?page_id=548\">Pathologies<\/a><\/h2>\n","protected":false},"excerpt":{"rendered":"<p>Attention \u00e0 lire les consignes avant de lire toute page d&rsquo;un site sant\u00e9 ! La d\u00e9nomination de cette pathologie est relativement r\u00e9cente* * premi\u00e8re description en 1860 &#8211; reconnaissance toujours en cours malheureusement dans beaucoup de cabinets L\u2019endom\u00e9triose est une maladie gyn\u00e9cologique inflammatoire caract\u00e9ris\u00e9e par la migration, apr\u00e8s les menstruations<a href=\"https:\/\/mecahealth.com\/?page_id=1403\" class=\"read-more\">Read More&#8230;<\/a><\/p>\n","protected":false},"author":1,"featured_media":0,"parent":0,"menu_order":0,"comment_status":"closed","ping_status":"closed","template":"","meta":{"footnotes":""},"class_list":["post-1403","page","type-page","status-publish","hentry"],"jetpack_sharing_enabled":true,"_links":{"self":[{"href":"https:\/\/mecahealth.com\/index.php?rest_route=\/wp\/v2\/pages\/1403","targetHints":{"allow":["GET"]}}],"collection":[{"href":"https:\/\/mecahealth.com\/index.php?rest_route=\/wp\/v2\/pages"}],"about":[{"href":"https:\/\/mecahealth.com\/index.php?rest_route=\/wp\/v2\/types\/page"}],"author":[{"embeddable":true,"href":"https:\/\/mecahealth.com\/index.php?rest_route=\/wp\/v2\/users\/1"}],"replies":[{"embeddable":true,"href":"https:\/\/mecahealth.com\/index.php?rest_route=%2Fwp%2Fv2%2Fcomments&post=1403"}],"version-history":[{"count":7,"href":"https:\/\/mecahealth.com\/index.php?rest_route=\/wp\/v2\/pages\/1403\/revisions"}],"predecessor-version":[{"id":5032,"href":"https:\/\/mecahealth.com\/index.php?rest_route=\/wp\/v2\/pages\/1403\/revisions\/5032"}],"wp:attachment":[{"href":"https:\/\/mecahealth.com\/index.php?rest_route=%2Fwp%2Fv2%2Fmedia&parent=1403"}],"curies":[{"name":"wp","href":"https:\/\/api.w.org\/{rel}","templated":true}]}}