{"id":1371,"date":"2023-01-16T02:12:29","date_gmt":"2023-01-16T01:12:29","guid":{"rendered":"https:\/\/mecahealth.com\/?page_id=1371"},"modified":"2023-03-17T08:39:15","modified_gmt":"2023-03-17T07:39:15","slug":"sport-nage-brasse","status":"publish","type":"page","link":"https:\/\/mecahealth.com\/?page_id=1371","title":{"rendered":"Sport : nage brasse"},"content":{"rendered":"\n<p class=\"has-medium-font-size\"><a href=\"https:\/\/mecahealth.com\/?page_id=122\">Attention \u00e0 lire les consignes avant de lire toute page d&rsquo;un site sant\u00e9 !<\/a><\/p>\n\n\n\n<figure class=\"wp-block-image size-full is-style-rounded\"><img loading=\"lazy\" decoding=\"async\" width=\"330\" height=\"330\" src=\"https:\/\/mecahealth.com\/wp-content\/uploads\/2023\/01\/MecaHealth-natation-brasse.jpg\" alt=\"\" class=\"wp-image-1557\" srcset=\"https:\/\/mecahealth.com\/wp-content\/uploads\/2023\/01\/MecaHealth-natation-brasse.jpg 330w, https:\/\/mecahealth.com\/wp-content\/uploads\/2023\/01\/MecaHealth-natation-brasse-300x300.jpg 300w, https:\/\/mecahealth.com\/wp-content\/uploads\/2023\/01\/MecaHealth-natation-brasse-150x150.jpg 150w\" sizes=\"auto, (max-width: 330px) 100vw, 330px\" \/><\/figure>\n\n\n\n<p class=\"has-medium-font-size\">La natation comme tout sport, se fait en respectant les <a href=\"https:\/\/mecahealth.com\/?page_id=259\" data-type=\"page\" data-id=\"259\">r\u00e8gles \u00e9l\u00e9mentaires<\/a> de tout exercice.<\/p>\n\n\n\n<h2 class=\"wp-block-heading\">Avantages<\/h2>\n\n\n\n<p class=\"has-medium-font-size\">La brasse est bonne principalement si elle est r\u00e9alis\u00e9e avec une certaine vitesse et surtout si elle en \u00ab\u00a0brasse coul\u00e9e\u00a0\u00bb (sous l&rsquo;eau ou \u00e0 moiti\u00e9 sous l&rsquo;eau). La pouss\u00e9e pour ressortir de l&rsquo;eau se fera en \u00e9vitant de relever la t\u00eate trop profond\u00e9ment. <\/p>\n\n\n\n<p>Photos suivront<\/p>\n\n\n\n<h2 class=\"wp-block-heading\">Inconv\u00e9nients<\/h2>\n\n\n\n<p class=\"has-medium-font-size\">La brasse est avec le crawl la nage la plus couramment pratiqu\u00e9e. Une personne fatigu\u00e9e, \u00e2g\u00e9e ou encore qui n&rsquo;a pas envie de se mouiller les cheveux,&nbsp;choisira par contre plus facilement le mouvement de brasse.<\/p>\n\n\n\n<p class=\"has-medium-font-size\">Seulement, une personne fatigu\u00e9e ou voulant nager paisiblement, peut ab\u00eemer son dos et sa nuque progressivement par un exc\u00e8s de redressement des 2 <a href=\"https:\/\/mecahealth.com\/?page_id=1173\" data-type=\"page\" data-id=\"1173\">lordoses<\/a>. La nage <em>p\u00e9p\u00e8re<\/em> comme nous pourrions l&rsquo;appeler, implique un redressement de la t\u00eate sollicitant les muscles bien entendu mais compriment les articulations post\u00e9rieures des <a href=\"https:\/\/mecahealth.com\/?page_id=205\" data-type=\"page\" data-id=\"205\">vert\u00e8bres cervicales<\/a>. Et du fait du manque de vitesse, le poids des fesses et des jambes porte ces derniers \u00e0 s&rsquo;enfoncer dans l&rsquo;eau. En travaillant les jambes, le dos se creuse de l\u00e9g\u00e8rement \u00e0 fortement. Ce rythme de nage sera donc \u00e9vit\u00e9 si notre intention est de r\u00e9\u00e9duquer notre dos except\u00e9 bien entendu si nos maux surviennent suite \u00e0 une lordose trop peu marqu\u00e9e justement.<\/p>\n\n\n\n<figure class=\"wp-block-image size-full is-resized\"><img loading=\"lazy\" decoding=\"async\" src=\"https:\/\/mecahealth.com\/wp-content\/uploads\/2023\/01\/MecaHealth-natation-brasse-cambree.jpg\" alt=\"\" class=\"wp-image-1559\" width=\"276\" height=\"276\" srcset=\"https:\/\/mecahealth.com\/wp-content\/uploads\/2023\/01\/MecaHealth-natation-brasse-cambree.jpg 330w, https:\/\/mecahealth.com\/wp-content\/uploads\/2023\/01\/MecaHealth-natation-brasse-cambree-300x300.jpg 300w, https:\/\/mecahealth.com\/wp-content\/uploads\/2023\/01\/MecaHealth-natation-brasse-cambree-150x150.jpg 150w\" sizes=\"auto, (max-width: 276px) 100vw, 276px\" \/><\/figure>\n\n\n\n<p class=\"has-medium-font-size\">Nous opterons donc en g\u00e9n\u00e9ral pour une brasse plong\u00e9e afin de bien \u00e9treindre sa musculature et de poser nos articulations dans un position d&rsquo;ouverture.<\/p>\n\n\n\n<p class=\"has-medium-font-size\">Concernant les genoux comme dans la plupart des sports et des situations de la vie courante, ils sont li\u00e9s de pr\u00e8s ou de loin \u00e0 un exc\u00e8s de <a href=\"https:\/\/mecahealth.com\/?page_id=892\" data-type=\"page\" data-id=\"892\">rotation interne<\/a>.<\/p>\n\n\n\n<p class=\"has-medium-font-size\">En piscine comme ailleurs si possible, la nage sera effectu\u00e9e de mani\u00e8re rectiligne.<\/p>\n\n\n\n<p class=\"has-medium-font-size\">Si nous sortons de la direction d&rsquo;un couloir, cela se fait g\u00e9n\u00e9ralement plus d&rsquo;un c\u00f4t\u00e9 que de l&rsquo;autre. Cela s&rsquo;explique par une diff\u00e9rence de force entre les deux c\u00f4t\u00e9s. En y pr\u00eatant attention, progressivement, la correction se fera d&rsquo;elle-m\u00eame.<\/p>\n\n\n\n<h2 class=\"wp-block-heading has-medium-font-size\">Revenir au chapitre <em><a href=\"https:\/\/mecahealth.com\/?page_id=259\">Sports<\/a><\/em> ou \u00e0 la page<em> <a href=\"https:\/\/mecahealth.com\/?page_id=259\">Natation<\/a><\/em><\/h2>\n","protected":false},"excerpt":{"rendered":"<p>Attention \u00e0 lire les consignes avant de lire toute page d&rsquo;un site sant\u00e9 ! La natation comme tout sport, se fait en respectant les r\u00e8gles \u00e9l\u00e9mentaires de tout exercice. Avantages La brasse est bonne principalement si elle est r\u00e9alis\u00e9e avec une certaine vitesse et surtout si elle en \u00ab\u00a0brasse coul\u00e9e\u00a0\u00bb<a href=\"https:\/\/mecahealth.com\/?page_id=1371\" class=\"read-more\">Read More&#8230;<\/a><\/p>\n","protected":false},"author":1,"featured_media":0,"parent":0,"menu_order":0,"comment_status":"closed","ping_status":"closed","template":"","meta":{"footnotes":""},"class_list":["post-1371","page","type-page","status-publish","hentry"],"jetpack_sharing_enabled":true,"_links":{"self":[{"href":"https:\/\/mecahealth.com\/index.php?rest_route=\/wp\/v2\/pages\/1371","targetHints":{"allow":["GET"]}}],"collection":[{"href":"https:\/\/mecahealth.com\/index.php?rest_route=\/wp\/v2\/pages"}],"about":[{"href":"https:\/\/mecahealth.com\/index.php?rest_route=\/wp\/v2\/types\/page"}],"author":[{"embeddable":true,"href":"https:\/\/mecahealth.com\/index.php?rest_route=\/wp\/v2\/users\/1"}],"replies":[{"embeddable":true,"href":"https:\/\/mecahealth.com\/index.php?rest_route=%2Fwp%2Fv2%2Fcomments&post=1371"}],"version-history":[{"count":9,"href":"https:\/\/mecahealth.com\/index.php?rest_route=\/wp\/v2\/pages\/1371\/revisions"}],"predecessor-version":[{"id":5161,"href":"https:\/\/mecahealth.com\/index.php?rest_route=\/wp\/v2\/pages\/1371\/revisions\/5161"}],"wp:attachment":[{"href":"https:\/\/mecahealth.com\/index.php?rest_route=%2Fwp%2Fv2%2Fmedia&parent=1371"}],"curies":[{"name":"wp","href":"https:\/\/api.w.org\/{rel}","templated":true}]}}