{"id":127,"date":"2022-12-26T12:48:13","date_gmt":"2022-12-26T11:48:13","guid":{"rendered":"https:\/\/mecahealth.com\/?page_id=127"},"modified":"2025-09-28T13:30:10","modified_gmt":"2025-09-28T11:30:10","slug":"corps-psychique","status":"publish","type":"page","link":"https:\/\/mecahealth.com\/?page_id=127","title":{"rendered":"Corps psychique"},"content":{"rendered":"\n<p class=\"has-medium-font-size\"><a style=\"font-size: revert;\" href=\"https:\/\/mecahealth.com\/?page_id=122\">Attention \u00e0 lire les consignes avant de lire toute page d&rsquo;un site sant\u00e9 !<\/a><\/p>\n\n\n\n<figure class=\"wp-block-image size-full is-style-rounded\"><img loading=\"lazy\" decoding=\"async\" width=\"330\" height=\"330\" src=\"https:\/\/mecahealth.com\/wp-content\/uploads\/2023\/01\/MecaHealth-psycho-1-peinture-lelitch.jpg\" alt=\"\" class=\"wp-image-387\" srcset=\"https:\/\/mecahealth.com\/wp-content\/uploads\/2023\/01\/MecaHealth-psycho-1-peinture-lelitch.jpg 330w, https:\/\/mecahealth.com\/wp-content\/uploads\/2023\/01\/MecaHealth-psycho-1-peinture-lelitch-300x300.jpg 300w, https:\/\/mecahealth.com\/wp-content\/uploads\/2023\/01\/MecaHealth-psycho-1-peinture-lelitch-150x150.jpg 150w\" sizes=\"auto, (max-width: 330px) 100vw, 330px\" \/><figcaption class=\"wp-element-caption\"><em>\u0152uvre : lelitch<\/em><\/figcaption><\/figure>\n\n\n\n<h2 class=\"wp-block-heading\">Psychocomportementalisme<\/h2>\n\n\n\n<p class=\"has-medium-font-size\">Les textes que nous mettrons dans un premier temps dans ce site ne toucheront pas la psychologie pure que nous pourrions appeler conventionnelle, mais l&rsquo;analyse de troubles psychiques par l&rsquo;analyse de comportements r\u00e9p\u00e9t\u00e9s dans le cadre de v\u00e9cus similaires. Nous ne souhaitons pas, surtout dans ce secteur de la sant\u00e9, que des \u00e9l\u00e9ments puissent \u00eatre interpr\u00e9t\u00e9s comme c&rsquo;est le cas <a href=\"https:\/\/mecahealth.com\/?page_id=149\">encore trop souvent dans cette sp\u00e9cialit\u00e9 depuis plusieurs d\u00e9cennies<\/a>. Nous parlerons donc de psychocomportementalisme (qui se distingue du courant comportementaliste m\u00eame s&rsquo;il s&rsquo;en approche).<\/p>\n\n\n\n<p class=\"has-large-font-size\">Le psychocomportementaliste ne traite pas. Il cherche \u00e0 faire prendre conscience des m\u00e9canismes courants amenant aux difficult\u00e9s rencontr\u00e9es (&#8230;).<\/p>\n\n\n\n<p class=\"has-medium-font-size\">Il donne des outils pour chacun, professionnel comme particulier, pour faciliter les \u00e9tapes d&rsquo;un bien-\u00eatre. <\/p>\n\n\n\n<p class=\"has-medium-font-size\"><strong>La psychologie, \u00e0 l&rsquo;inverse de ce que seront (&#8230;) les neurosciences, ne sera sans doute jamais une science exacte<\/strong> m\u00eame si certains le pr\u00e9tendent ou \u00e9mettent des documents avec des affirmations qu&rsquo;ils <a href=\"https:\/\/mecahealth.com\/?page_id=149\">consid\u00e8rent comme scientifiques<\/a>. Il est de notre devoir, en tant que r\u00e9dacteur ou <a href=\"https:\/\/mecahealth.com\/?page_id=6711\" data-type=\"page\" data-id=\"6711\">th\u00e9rapeute<\/a>, de permettre aux personnes en questionnement sur leur bien-\u00eatre ou leur sant\u00e9 mentale de <strong>ressortir les \u00e9l\u00e9ments objectifs parfois d\u00e9rangeants d&rsquo;une situation subjective<\/strong> et de remettre en question tout ce qui ne peut \u00eatre affirm\u00e9 si un ensemble de param\u00e8tres n&rsquo;ont pas \u00e9t\u00e9 d\u00e9cortiqu\u00e9s. Ce qui revient \u00e0 dire plus simplement, qu&rsquo;il est fondamental de relever les <a href=\"https:\/\/mecahealth.com\/?page_id=8030\" data-type=\"page\" data-id=\"8030\">diff\u00e9rents biais d&rsquo;une analyse<\/a> ou d&rsquo;une recherche avant qu&rsquo;elle ne puisse \u00eatre consid\u00e9r\u00e9e comme valable (&#8230;).<\/p>\n\n\n\n<p class=\"has-medium-font-size\">Les \u00e9tudes (recherches) que nous entamons ou analyserons, tenteront d&rsquo;\u00e9tablir des connexions entre suffisamment de param\u00e8tres pour vous donner \u00e0 vous, personnes directement ou indirectement concern\u00e9es, priv\u00e9es comme professionnelles, des outils de r\u00e9flexion permettant de mieux comprendre la mani\u00e8re dont certaines situations posent des difficult\u00e9s (&#8230;)<\/p>\n\n\n\n<p class=\"has-medium-font-size\">Nous travaillons sur la <em><strong><a href=\"https:\/\/mecahealth.com\/?page_id=180\">normalit\u00e9<\/a> de(s) maux psychiques<\/strong><\/em> comme dans les diff\u00e9rents chapitres de la <a href=\"https:\/\/mecahealth.com\/?page_id=75\">sant\u00e9 physique (musculo-articulaire)<\/a> tout en tenant compte qu&rsquo;il n&rsquo;y a pas de g\u00e9n\u00e9ralit\u00e9 absolue possible. La plupart des maux psychiques peuvent, hors trauma surtout, se r\u00e9sumer en quelques principaux axes chronologiques d\u00e9crits ci-dessous. Apr\u00e8s trauma, ces axes influent consid\u00e9rablement la situation, mais ne peuvent pas \u00eatre plac\u00e9s au m\u00eame degr\u00e9 d&rsquo;importance que pour les situations dites courantes. Nous tiendrons compte \u00e9galement que la d\u00e9finition d&rsquo;un traumatisme est \u00e9galement subjective parfois. Sans la compr\u00e9hension des axes ci-dessous par les personnes directement concern\u00e9es et sans un changement partiel de notre Soci\u00e9t\u00e9, nous pensons s\u00e9rieusement qu&rsquo;il ne faut pas s&rsquo;\u00e9tonner de l&rsquo;inefficacit\u00e9 de certaines th\u00e9rapies sur de nombreux profils, du peu de th\u00e9rapies psychiques ayant une efficacit\u00e9 rapide ou du peu d&rsquo;effets prolong\u00e9s dans le temps. Pas ces derni\u00e8res phrases, nous ne critiquons pas d&#8217;embl\u00e9e toutes les th\u00e9rapies ou encore moins les th\u00e9rapeutes mais bien un ensemble d&rsquo;intervenants qui ne peuvent fonctionner efficacement sans de consid\u00e9rables changements surtout en <a href=\"https:\/\/mecahealth.com\/?page_id=5989\" data-type=\"page\" data-id=\"5989\">psychanalyse<\/a>.<\/p>\n\n\n\n<p class=\"has-medium-font-size\">Les axes que nous pensons les plus importants \u00e0 comprendre afin de pouvoir r\u00e9aliser une bonne m\u00e9tacognition du secteur de la sant\u00e9 mentale et en fin de compte de notre Soci\u00e9t\u00e9 sont :<\/p>\n\n\n\n<ul class=\"wp-block-list has-medium-font-size\">\n<li><a href=\"https:\/\/mecahealth.com\/?page_id=2004\">Humain re\u00e7oit \u00e0 la naissance une proportion de facult\u00e9s\/capacit\u00e9s<\/a><\/li>\n\n\n\n<li><a href=\"https:\/\/mecahealth.com\/?page_id=1974\">Humain est un animal gr\u00e9gaire<\/a><\/li>\n\n\n\n<li><a href=\"https:\/\/mecahealth.com\/?page_id=4337\" data-type=\"page\" data-id=\"4337\">Humain est un animal &lsquo;plus ou moins&rsquo; empathique<\/a><\/li>\n\n\n\n<li><a data-type=\"page\" data-id=\"5003\" href=\"https:\/\/mecahealth.com\/?page_id=5003\">Humain sous influences multiples<\/a><\/li>\n\n\n\n<li><a href=\"https:\/\/mecahealth.com\/?page_id=1975\" data-type=\"page\" data-id=\"1975\">Humain vivant dans une Soci\u00e9t\u00e9 <em>g\u00e9nophilique<\/em><\/a><\/li>\n\n\n\n<li><a href=\"https:\/\/mecahealth.com\/?page_id=1973\">Humain est avant tout un intellectuel comparant<\/a><\/li>\n\n\n\n<li><a href=\"https:\/\/mecahealth.com\/?page_id=2304\" data-type=\"page\" data-id=\"2304\">Humain doit vivre et accepter un nombre de frustrations&#8230;<\/a><\/li>\n<\/ul>\n\n\n\n<p class=\"has-medium-font-size\">En attendant que nous puissions publier nos conclusions concernant diff\u00e9rents sujets de recherche, vous pourrez trouver progressivement dans nos pages <a href=\"https:\/\/mecahealth.com\/?page_id=2641\">certains \u00e9l\u00e9ments de p\u00e9dagogie<\/a>, de psychologie g\u00e9n\u00e9rale. Nous relayons et relayerons les textes d&rsquo;auteurs dont l&rsquo;esprit critique permet de remettre en questions certaines affirmations bien ancr\u00e9es sur une base peu stable.<\/p>\n\n\n\n<p class=\"has-medium-font-size\">Ceux-ci vous donneront une aper\u00e7u de la <a href=\"https:\/\/mecahealth.com\/?page_id=6654\" data-type=\"page\" data-id=\"6654\">m\u00e9tacognition soci\u00e9tale<\/a> que nous souhaiterions pour un plus grand \u00e9panouissement de chacun.<\/p>\n\n\n\n<p class=\"has-medium-font-size\">Les <a href=\"https:\/\/open.spotify.com\/show\/3peqbOuIjDnSOMEqqD6Sih?si=HJKYQUN5R1OlVtGysFOfKw\">podcasts d\u00e9nomm\u00e9s Psyk\u00e9<\/a> traitent de nombreux sujets en lien direct avec la psychologie et la psychopathologie. D&rsquo;autres r\u00e9f\u00e9rences seront en lien dans les pages traitant des diff\u00e9rents sujets&#8230; Toute formation ou site ne correspondant pas \u00e0 notre d\u00e9ontologie financi\u00e8re ne sera pas transmise (<a href=\"https:\/\/mecahealth.com\/?page_id=7114\" data-type=\"page\" data-id=\"7114\">lien <em>acidul\u00e9 <\/em>de notre pr\u00e9sident sur ce sujet<\/a>).<\/p>\n\n\n\n<p>(&#8230;)<\/p>\n\n\n\n<h2 class=\"wp-block-heading has-medium-font-size\"><span style=\"font-size: var(--wp--preset--font-size--medium) ; color: initial;\"><span style=\"font-size: var(--wp--preset--font-size--medium) ; color: initial;\">Abonnez-vous \u00e0 nos diff\u00e9rentes pages pour \u00eatre averti(s) des nouvelles mises en ligne&#8230;<\/span><\/span><\/h2>\n\n\n\n<p class=\"has-small-font-size\"><a rel=\"noreferrer noopener\" href=\"https:\/\/www.facebook.com\/MecaHealthAsbl\" target=\"_blank\">Facebook MecaHealthAsbl<\/a> &#8211; <a rel=\"noreferrer noopener\" href=\"https:\/\/www.linkedin.com\/company\/mecahealth\/\" target=\"_blank\">Linkedin MecaHealth<\/a> &#8211; <a rel=\"noreferrer noopener\" href=\"https:\/\/www.youtube.com\/channel\/UCJb5g--IGlU6FgQLQKaJljg\" target=\"_blank\">Youtube cha\u00eene MecaHealth<\/a> &#8211; Instagram (pas encore)<\/p>\n\n\n\n<p class=\"has-medium-font-size\"><strong>Vous avez aim\u00e9 l&rsquo;information que MecaHealth apporte, vous pouvez nous contacter pour l&rsquo;une ou l&rsquo;autre <a href=\"https:\/\/mecahealth.com\/?page_id=146\">formation<\/a>, nous appuyer en transmettant l&rsquo;adresse de notre site, mais \u00e9galement par <a href=\"https:\/\/mecahealth.com\/?page_id=172\">d&rsquo;autres appuis<\/a>.<\/strong><\/p>\n\n\n\n<h2 class=\"wp-block-heading has-medium-font-size\">Revenir au chapitre initial <a href=\"https:\/\/mecahealth.com\/?page_id=61\" data-type=\"page\" data-id=\"61\"><em>1001 conseils \/ lexique<\/em><\/a><\/h2>\n","protected":false},"excerpt":{"rendered":"<p>Attention \u00e0 lire les consignes avant de lire toute page d&rsquo;un site sant\u00e9 ! Psychocomportementalisme Les textes que nous mettrons dans un premier temps dans ce site ne toucheront pas la psychologie pure que nous pourrions appeler conventionnelle, mais l&rsquo;analyse de troubles psychiques par l&rsquo;analyse de comportements r\u00e9p\u00e9t\u00e9s dans le<a href=\"https:\/\/mecahealth.com\/?page_id=127\" class=\"read-more\">Read More&#8230;<\/a><\/p>\n","protected":false},"author":1,"featured_media":0,"parent":0,"menu_order":0,"comment_status":"closed","ping_status":"closed","template":"","meta":{"footnotes":""},"class_list":["post-127","page","type-page","status-publish","hentry"],"jetpack_sharing_enabled":true,"_links":{"self":[{"href":"https:\/\/mecahealth.com\/index.php?rest_route=\/wp\/v2\/pages\/127","targetHints":{"allow":["GET"]}}],"collection":[{"href":"https:\/\/mecahealth.com\/index.php?rest_route=\/wp\/v2\/pages"}],"about":[{"href":"https:\/\/mecahealth.com\/index.php?rest_route=\/wp\/v2\/types\/page"}],"author":[{"embeddable":true,"href":"https:\/\/mecahealth.com\/index.php?rest_route=\/wp\/v2\/users\/1"}],"replies":[{"embeddable":true,"href":"https:\/\/mecahealth.com\/index.php?rest_route=%2Fwp%2Fv2%2Fcomments&post=127"}],"version-history":[{"count":65,"href":"https:\/\/mecahealth.com\/index.php?rest_route=\/wp\/v2\/pages\/127\/revisions"}],"predecessor-version":[{"id":8071,"href":"https:\/\/mecahealth.com\/index.php?rest_route=\/wp\/v2\/pages\/127\/revisions\/8071"}],"wp:attachment":[{"href":"https:\/\/mecahealth.com\/index.php?rest_route=%2Fwp%2Fv2%2Fmedia&parent=127"}],"curies":[{"name":"wp","href":"https:\/\/api.w.org\/{rel}","templated":true}]}}