{"id":1259,"date":"2023-01-14T18:34:06","date_gmt":"2023-01-14T17:34:06","guid":{"rendered":"https:\/\/mecahealth.com\/?page_id=1259"},"modified":"2023-10-29T14:16:17","modified_gmt":"2023-10-29T13:16:17","slug":"positions","status":"publish","type":"page","link":"https:\/\/mecahealth.com\/?page_id=1259","title":{"rendered":"Positions"},"content":{"rendered":"\n<p class=\"has-medium-font-size\"><a href=\"https:\/\/mecahealth.com\/?page_id=122\">Attention \u00e0 lire les consignes avant de lire toute page d&rsquo;un site sant\u00e9 !<\/a><\/p>\n\n\n\n<figure class=\"wp-block-image size-full is-style-rounded\"><img loading=\"lazy\" decoding=\"async\" width=\"330\" height=\"330\" src=\"https:\/\/mecahealth.com\/wp-content\/uploads\/2023\/01\/20230121_083701_0015.png\" alt=\"\" class=\"wp-image-1948\" srcset=\"https:\/\/mecahealth.com\/wp-content\/uploads\/2023\/01\/20230121_083701_0015.png 330w, https:\/\/mecahealth.com\/wp-content\/uploads\/2023\/01\/20230121_083701_0015-300x300.png 300w, https:\/\/mecahealth.com\/wp-content\/uploads\/2023\/01\/20230121_083701_0015-150x150.png 150w\" sizes=\"auto, (max-width: 330px) 100vw, 330px\" \/><\/figure>\n\n\n\n<p class=\"has-medium-font-size\">Quelques positions un peu plus d\u00e9taill\u00e9es :<\/p>\n\n\n\n<ul class=\"has-medium-font-size wp-block-list\">\n<li><a href=\"https:\/\/mecahealth.com\/?page_id=297\">Assis<\/a> <\/li>\n\n\n\n<li><a href=\"https:\/\/mecahealth.com\/?page_id=295\">Assis bureau<\/a><\/li>\n\n\n\n<li><a href=\"https:\/\/mecahealth.com\/?page_id=521\" data-type=\"page\" data-id=\"521\">Assis voiture<\/a><\/li>\n\n\n\n<li><a href=\"https:\/\/mecahealth.com\/?page_id=413\">Debout<\/a><\/li>\n\n\n\n<li><a href=\"https:\/\/mecahealth.com\/?page_id=286\">Dormir<\/a><\/li>\n\n\n\n<li>&#8230;<\/li>\n<\/ul>\n\n\n\n<h2 class=\"wp-block-heading has-medium-font-size\">Revenir au chapitre <em><a href=\"https:\/\/mecahealth.com\/?page_id=186\">Situations courantes<\/a> <\/em><\/h2>\n\n\n\n<p><\/p>\n\n\n\n<p><\/p>\n","protected":false},"excerpt":{"rendered":"<p>Attention \u00e0 lire les consignes avant de lire toute page d&rsquo;un site sant\u00e9 ! Quelques positions un peu plus d\u00e9taill\u00e9es : Revenir au chapitre Situations courantes<\/p>\n","protected":false},"author":1,"featured_media":0,"parent":0,"menu_order":0,"comment_status":"closed","ping_status":"closed","template":"","meta":{"footnotes":""},"class_list":["post-1259","page","type-page","status-publish","hentry"],"jetpack_sharing_enabled":true,"_links":{"self":[{"href":"https:\/\/mecahealth.com\/index.php?rest_route=\/wp\/v2\/pages\/1259","targetHints":{"allow":["GET"]}}],"collection":[{"href":"https:\/\/mecahealth.com\/index.php?rest_route=\/wp\/v2\/pages"}],"about":[{"href":"https:\/\/mecahealth.com\/index.php?rest_route=\/wp\/v2\/types\/page"}],"author":[{"embeddable":true,"href":"https:\/\/mecahealth.com\/index.php?rest_route=\/wp\/v2\/users\/1"}],"replies":[{"embeddable":true,"href":"https:\/\/mecahealth.com\/index.php?rest_route=%2Fwp%2Fv2%2Fcomments&post=1259"}],"version-history":[{"count":10,"href":"https:\/\/mecahealth.com\/index.php?rest_route=\/wp\/v2\/pages\/1259\/revisions"}],"predecessor-version":[{"id":5784,"href":"https:\/\/mecahealth.com\/index.php?rest_route=\/wp\/v2\/pages\/1259\/revisions\/5784"}],"wp:attachment":[{"href":"https:\/\/mecahealth.com\/index.php?rest_route=%2Fwp%2Fv2%2Fmedia&parent=1259"}],"curies":[{"name":"wp","href":"https:\/\/api.w.org\/{rel}","templated":true}]}}