{"id":1250,"date":"2023-01-14T15:45:59","date_gmt":"2023-01-14T14:45:59","guid":{"rendered":"https:\/\/mecahealth.com\/?page_id=1250"},"modified":"2023-12-14T01:23:53","modified_gmt":"2023-12-14T00:23:53","slug":"pathologie-ehlers-danlos","status":"publish","type":"page","link":"https:\/\/mecahealth.com\/?page_id=1250","title":{"rendered":"Pathologie : Ehlers-Danlos"},"content":{"rendered":"\n<p class=\"has-medium-font-size\"><a href=\"https:\/\/mecahealth.com\/?page_id=122\">Attention \u00e0 lire les consignes avant de lire toute page d&rsquo;un site sant\u00e9 !<\/a><\/p>\n\n\n\n<figure class=\"wp-block-image size-full is-style-rounded\"><img loading=\"lazy\" decoding=\"async\" width=\"330\" height=\"330\" src=\"https:\/\/mecahealth.com\/wp-content\/uploads\/2023\/12\/MecaHealth-patho-Danlos.jpg\" alt=\"\" class=\"wp-image-6852\" srcset=\"https:\/\/mecahealth.com\/wp-content\/uploads\/2023\/12\/MecaHealth-patho-Danlos.jpg 330w, https:\/\/mecahealth.com\/wp-content\/uploads\/2023\/12\/MecaHealth-patho-Danlos-300x300.jpg 300w, https:\/\/mecahealth.com\/wp-content\/uploads\/2023\/12\/MecaHealth-patho-Danlos-150x150.jpg 150w\" sizes=\"auto, (max-width: 330px) 100vw, 330px\" \/><\/figure>\n\n\n\n<p class=\"has-medium-font-size\">La d\u00e9nomination de cette pathologie est relativement r\u00e9cente (premi\u00e8re description fin du 19\u00e8me). En plus de l&rsquo;<a href=\"https:\/\/mecahealth.com\/?page_id=537\" data-type=\"page\" data-id=\"537\">hyperlaxit\u00e9<\/a>, ce syndrome s&rsquo;accompagne d&rsquo;une fragilit\u00e9 des tissus conjonctifs. Le tissu conjonctif est essentiel pour fournir force et \u00e9lasticit\u00e9 \u00e0 diff\u00e9rentes parties du corps. Cette fragilit\u00e9 entra\u00eene notamment des ecchymoses r\u00e9guli\u00e8res (peau \u00e9lastique et vaisseau sanguin pouvant se rompre).<\/p>\n\n\n\n<p class=\"has-medium-font-size\">Il existe plusieurs types de syndrome d&rsquo;Ehlers-Danlos, chacun r\u00e9sultant de mutations g\u00e9n\u00e9tiques sp\u00e9cifiques affectant diff\u00e9rentes prot\u00e9ines du collag\u00e8ne, qui est un composant majeur du tissu conjonctif.<\/p>\n\n\n\n<p class=\"has-medium-font-size\">L&rsquo;un des nombreux h\u00e9ros de la Bande-dessin\u00e9e pr\u00e9senterait des signes de cette pathologie. <a href=\"https:\/\/www.dupuis.com\/univers\/FR\/gaston.html\" target=\"_blank\" rel=\"noreferrer noopener\">Gaston Lagaffe<\/a> dessin\u00e9 par Franquin (BE) depuis 1957 et repris en 2023 par Delaf (CA) en serait atteint selon l&rsquo;<a rel=\"noreferrer noopener\" href=\"https:\/\/theconversation.com\/et-si-gaston-lagaffe-avait-en-realite-un-syndrome-dehlers-danlos-130907?\" target=\"_blank\">article complet The Conversation 2020 02<\/a>. Si ce personnage \u00e9tait r\u00e9el, sans doute que son nonchalance et ses gaffes donneraient \u00e0 penser qu&rsquo;il est stupide mais ce serait oublier ses nombreux traits de g\u00e9nies cr\u00e9atifs qui font de lui, comme la plupart <a href=\"https:\/\/mecahealth.com\/?page_id=6847\" data-type=\"page\" data-id=\"6847\">des h\u00e9ros et anti-h\u00e9ros un HP bien marqu\u00e9<\/a>&#8230;  <\/p>\n\n\n\n<p>(&#8230;)<\/p>\n\n\n\n<h2 class=\"wp-block-heading has-medium-font-size\">Revenir \u00e0 la page <em><a href=\"https:\/\/mecahealth.com\/?page_id=537\">hyperlaxit\u00e9<\/a> <\/em>ou au chapitre <a href=\"https:\/\/mecahealth.com\/?page_id=548\"><em>Pathologies<\/em><\/a><\/h2>\n","protected":false},"excerpt":{"rendered":"<p>Attention \u00e0 lire les consignes avant de lire toute page d&rsquo;un site sant\u00e9 ! La d\u00e9nomination de cette pathologie est relativement r\u00e9cente (premi\u00e8re description fin du 19\u00e8me). En plus de l&rsquo;hyperlaxit\u00e9, ce syndrome s&rsquo;accompagne d&rsquo;une fragilit\u00e9 des tissus conjonctifs. Le tissu conjonctif est essentiel pour fournir force et \u00e9lasticit\u00e9 \u00e0<a href=\"https:\/\/mecahealth.com\/?page_id=1250\" class=\"read-more\">Read More&#8230;<\/a><\/p>\n","protected":false},"author":1,"featured_media":0,"parent":0,"menu_order":0,"comment_status":"closed","ping_status":"closed","template":"","meta":{"footnotes":""},"class_list":["post-1250","page","type-page","status-publish","hentry"],"jetpack_sharing_enabled":true,"_links":{"self":[{"href":"https:\/\/mecahealth.com\/index.php?rest_route=\/wp\/v2\/pages\/1250","targetHints":{"allow":["GET"]}}],"collection":[{"href":"https:\/\/mecahealth.com\/index.php?rest_route=\/wp\/v2\/pages"}],"about":[{"href":"https:\/\/mecahealth.com\/index.php?rest_route=\/wp\/v2\/types\/page"}],"author":[{"embeddable":true,"href":"https:\/\/mecahealth.com\/index.php?rest_route=\/wp\/v2\/users\/1"}],"replies":[{"embeddable":true,"href":"https:\/\/mecahealth.com\/index.php?rest_route=%2Fwp%2Fv2%2Fcomments&post=1250"}],"version-history":[{"count":7,"href":"https:\/\/mecahealth.com\/index.php?rest_route=\/wp\/v2\/pages\/1250\/revisions"}],"predecessor-version":[{"id":6853,"href":"https:\/\/mecahealth.com\/index.php?rest_route=\/wp\/v2\/pages\/1250\/revisions\/6853"}],"wp:attachment":[{"href":"https:\/\/mecahealth.com\/index.php?rest_route=%2Fwp%2Fv2%2Fmedia&parent=1250"}],"curies":[{"name":"wp","href":"https:\/\/api.w.org\/{rel}","templated":true}]}}