{"id":122,"date":"2022-12-26T12:40:31","date_gmt":"2022-12-26T11:40:31","guid":{"rendered":"https:\/\/mecahealth.com\/?page_id=122"},"modified":"2026-03-31T22:59:23","modified_gmt":"2026-03-31T20:59:23","slug":"a-lire-avant-tout","status":"publish","type":"page","link":"https:\/\/mecahealth.com\/?page_id=122","title":{"rendered":"\u00c0 lire avant tout"},"content":{"rendered":"\n<p class=\"has-medium-font-size\">Ce site est d\u00e9di\u00e9 \u00e0 la m\u00e9canique du corps physique et <a href=\"https:\/\/mecahealth.com\/?page_id=127\" data-type=\"page\" data-id=\"127\">psychique<\/a>.<\/p>\n\n\n\n<p class=\"has-medium-font-size\">Apprendre et comprendre la m\u00e9canique naturelle <em>normale<\/em> permet d&rsquo;analyser soi-m\u00eame les causes de troubles parfois majeurs que nous appellerons ici <em>troubles m\u00e9caniques<\/em> tout comme <strong>certains <\/strong>troubles psychiques.<\/p>\n\n\n\n<p class=\"has-medium-font-size\">Il ne s&rsquo;agit <strong>pas de se substituer \u00e0 la m\u00e9decine, mais bien de donner aux patients potentiels le compl\u00e9ment d&rsquo;informations n\u00e9cessaires \u00e0 sa propre prise en charge<\/strong>. Le lecteur pourra ainsi, d\u2019une part, \u00e9viter une quantit\u00e9 non n\u00e9gligeable de maux physiques mais d\u2019autre part se r\u00e9tablir au plus vite si le seuil de la <a href=\"https:\/\/mecahealth.com\/?page_id=1879\" data-type=\"page\" data-id=\"1879\">douleur<\/a> est atteint. Il devrait donc \u00e9galement \u00e9viter des r\u00e9cidives dans la plupart des situations m\u00e9caniques voire psychologiques.<\/p>\n\n\n\n<p class=\"has-medium-font-size\">Le lecteur doit \u00eatre conscient qu&rsquo;il est de son devoir de ne pas interpr\u00e9ter les solutions ou maux d\u00e9crits dans les diff\u00e9rentes pages comme \u00e9tant d\u2019embl\u00e9e les siens. Il se doit de demander un diagnostic pr\u00e9cis \u00e0 son m\u00e9decin. Un mal de dos, par exemple, pourrait \u00eatre un cancer du poumon surtout si on est <a href=\"https:\/\/mecahealth.com\/?page_id=6432\" data-type=\"page\" data-id=\"6432\">fumeur<\/a> (contrairement \u00e0 ce que disent certains <a href=\"https:\/\/mecahealth.com\/?page_id=7252\" data-type=\"page\" data-id=\"7252\">psychog\u00e9n\u00e9alogistes<\/a> ou autre <a href=\"https:\/\/mecahealth.com\/?page_id=5847\" data-type=\"page\" data-id=\"5847\">manipulateurs dangereux<\/a>). La lecture d\u2019un site ou d\u2019un blog tout comme les r\u00e9ponses d&rsquo;une IA, est un appui parfois salvateur mais il n\u2019est en rien un substitut d\u2019une analyse complexe. Si dans les pages dudit site ou blog, les affirmations \u00e9crites indiquent un point de vue comme 100% fiable et n\u2019utilisent jamais le <em>conditionnel pr\u00e9sent<\/em> dans leurs phrases, vous devrez vous m\u00e9fier car personne en m\u00e9decine, ne peut quasiment affirmer \u00e0 100% d\u2019un r\u00e9sultat et d&rsquo;autant plus que derri\u00e8re chaque analyse complexe, peut se cacher \u00e9galement une part parfois non n\u00e9gligeable de subjectivit\u00e9 ou <a href=\"https:\/\/mecahealth.com\/?page_id=8131\" data-type=\"page\" data-id=\"8131\">de biais<\/a> (que le <a href=\"https:\/\/mecahealth.com\/?page_id=6711\" data-type=\"page\" data-id=\"6711\">th\u00e9rapeute tout comme le lecteur doivent conna\u00eetre<\/a>). Il est donc important d\u2019\u00e9veiller son sens critique en tant que r\u00e9dacteur et de ce fait d\u2019\u00e9veiller celui-ci chez le lecteur. Ce que nous faisons de mani\u00e8re assez critique dans ce qui concerne <a href=\"https:\/\/mecahealth.com\/?page_id=127\" data-type=\"page\" data-id=\"127\">la sant\u00e9 mentale<\/a> insistant sur le principe de <a href=\"https:\/\/mecahealth.com\/?page_id=6654\" data-type=\"page\" data-id=\"6654\">m\u00e9tacognition<\/a> indispensable selon nous pour l&rsquo;\u00e9volution de ce secteur.<\/p>\n\n\n\n<p class=\"has-medium-font-size\">En plus de ce que vous lirez dans nos pages ou de celles de confr\u00e8res, n\u2019h\u00e9sitez pas \u00e0 poser des questions \u00e0 votre ou vos th\u00e9rapeutes. <\/p>\n\n\n\n<blockquote class=\"wp-block-quote is-layout-flow wp-block-quote-is-layout-flow\">\n<p class=\"has-text-align-center has-medium-font-size\">Dans le m\u00e9dical, il n\u2019y a pas de b\u00eates questions, il n\u2019y a que des b\u00eates r\u00e9ponses<\/p>\n<cite>F.Li\u00e9geois<\/cite><\/blockquote>\n\n\n\n<p class=\"has-medium-font-size\">Si un th\u00e9rapeute n\u2019y r\u00e9pond pas, posez-vous la question de ce qui am\u00e8ne un soignant \u00e0 ne pas r\u00e9pondre (\u2026).<\/p>\n\n\n\n<p class=\"has-medium-font-size\">Nous ne d\u00e9velopperons pas pour l\u2019instant le r\u00f4le de chacun, ni l\u2019ensemble des th\u00e9rapies mais soulignerons les points d\u2019attention afin d\u2019\u00e9viter un maximum les erreurs ou les abus rencontr\u00e9s encore trop souvent dans notre secteur (m\u00eame s&rsquo;ils sont loin d&rsquo;\u00eatre majoritaires). Un <a href=\"https:\/\/mecahealth.com\/?page_id=6711\" data-type=\"page\" data-id=\"6711\">bon th\u00e9rapeute<\/a> en principe, selon nous, ne devrait pas oublier qu&rsquo;il souhaite soigner et non <a href=\"https:\/\/mecahealth.com\/?page_id=7114\" data-type=\"page\" data-id=\"7114\">pas gagner \u00e9norm\u00e9ment d&rsquo;argent sur le dos de ceux qui sont en difficult\u00e9<\/a> ni ne vouloir les dominer par <a href=\"https:\/\/mecahealth.com\/?page_id=6719\" data-type=\"page\" data-id=\"6719\">l&rsquo;usage notamment de mots savants<\/a> (\u2026) mais doit aussi conna\u00eetre les <a href=\"https:\/\/mecahealth.com\/?page_id=8131\" data-type=\"page\" data-id=\"8131\">biais qui conduisent la profession et la r\u00e9flexion<\/a> (&#8230;)<\/p>\n\n\n\n<p class=\"has-medium-font-size\">De ce fait, il est malheureusement possible que certaines donn\u00e9es de ce site ne seront pas accept\u00e9es par une partie du corps m\u00e9dical et\/ou param\u00e9dical. \u00c0 vous de chercher pourquoi. Analyser est le ma\u00eetre verbe de la compr\u00e9hension.<\/p>\n\n\n\n<h2 class=\"wp-block-heading has-medium-font-size\">M\u00e9caniques et non physiques<\/h2>\n\n\n\n<p class=\"has-medium-font-size\">Evitons de faire un amalgame entre troubles m\u00e9caniques et physiques<\/p>\n\n\n\n<p class=\"has-medium-font-size\">La d\u00e9nomination <em>troubles m\u00e9caniques<\/em> devrait \u00e9viter de faire un amalgame avec des troubles dits physiques qu&rsquo;il faut souvent associer avec des perturbations biologiques. Les troubles m\u00e9caniques et les perturbations qu\u2019elles peuvent entra\u00eener sont \u00e0 prendre en charge avant tout par la kin\u00e9sith\u00e9rapie\/l\u2019ost\u00e9opathie avec de pr\u00e9f\u00e9rence une analyse pr\u00e9alable d\u2019un m\u00e9decin. Les seconds doivent imp\u00e9rativement passer par une analyse m\u00e9dicale (diagnostic diff\u00e9rentiel) permettant d\u2019exclure une pathologie plus grave et ne concernent pas forc\u00e9ment les kin\u00e9sith\u00e9rapeutes.<\/p>\n\n\n\n<h2 class=\"wp-block-heading has-medium-font-size\">Toujours quelque chose \u00e0 faire<\/h2>\n\n\n\n<p class=\"has-medium-font-size\">Nous revendiquons en effet, qu\u2019il y a toujours \u00e0 faire mais cette affirmation n\u2019induit pas que nous affirmons que le respect des diff\u00e9rentes r\u00e8gles naturelles entra\u00eenent forc\u00e9ment la gu\u00e9rison mais bien une am\u00e9lioration d\u2019une situation m\u00eame dans les cas les plus lourds&#8230;<\/p>\n\n\n\n<p class=\"has-medium-font-size\">L\u2019am\u00e9lioration sera donc proportionnelle bien entendu \u00e0 notre capacit\u00e9 \u00e0 modifier nos attitudes mais aussi proportionnelle \u00e0 la <a href=\"https:\/\/mecahealth.com\/?page_id=548\" data-type=\"page\" data-id=\"548\">pathologie initiale<\/a>. Il est donc indispensable de d\u00e9finir le mal avant tout.<\/p>\n\n\n\n<p class=\"has-medium-font-size\">Votre analyse, aid\u00e9e par ce site ou d&rsquo;autres \u00e9crits, devrait vous orienter en partie mais devrait se faire en collaboration avec votre m\u00e9decin, seule personne habilit\u00e9e \u00e0 \u00e9mettre un diagnostic. Ce dernier \u00e9tant humain ou pouvant souffrir d&rsquo;<a href=\"https:\/\/mecahealth.com\/?page_id=7233\" data-type=\"page\" data-id=\"7233\">un bore-out<\/a> (<em>mal <\/em>peu accept\u00e9 de la profession), il est pr\u00e9f\u00e9rable de se fier \u00e0 un deuxi\u00e8me avis notamment si vous sentez que votre impression n\u2019est pas entendue (\u2026). En aucun cas, \u00e0 l&rsquo;heure actuelle, il ne faut se baser sur les r\u00e9sultats de l&rsquo;IA grand public pour un quelconque diagnostic ni pour donner un avis objectif pour des difficult\u00e9s de vie humaine&#8230;<\/p>\n\n\n\n<p class=\"has-medium-font-size\">(&#8230;)<\/p>\n\n\n\n<h2 class=\"wp-block-heading has-medium-font-size\">Revenir au Chapitre <a href=\"https:\/\/mecahealth.com\/?page_id=61\" data-type=\"page\" data-id=\"61\"><em>Lexique (1001 conseils)<\/em><\/a><\/h2>\n","protected":false},"excerpt":{"rendered":"<p>Ce site est d\u00e9di\u00e9 \u00e0 la m\u00e9canique du corps physique et psychique. Apprendre et comprendre la m\u00e9canique naturelle normale permet d&rsquo;analyser soi-m\u00eame les causes de troubles parfois majeurs que nous appellerons ici troubles m\u00e9caniques tout comme certains troubles psychiques. Il ne s&rsquo;agit pas de se substituer \u00e0 la m\u00e9decine, mais<a href=\"https:\/\/mecahealth.com\/?page_id=122\" class=\"read-more\">Read More&#8230;<\/a><\/p>\n","protected":false},"author":1,"featured_media":0,"parent":0,"menu_order":0,"comment_status":"closed","ping_status":"closed","template":"","meta":{"footnotes":""},"class_list":["post-122","page","type-page","status-publish","hentry"],"jetpack_sharing_enabled":true,"_links":{"self":[{"href":"https:\/\/mecahealth.com\/index.php?rest_route=\/wp\/v2\/pages\/122","targetHints":{"allow":["GET"]}}],"collection":[{"href":"https:\/\/mecahealth.com\/index.php?rest_route=\/wp\/v2\/pages"}],"about":[{"href":"https:\/\/mecahealth.com\/index.php?rest_route=\/wp\/v2\/types\/page"}],"author":[{"embeddable":true,"href":"https:\/\/mecahealth.com\/index.php?rest_route=\/wp\/v2\/users\/1"}],"replies":[{"embeddable":true,"href":"https:\/\/mecahealth.com\/index.php?rest_route=%2Fwp%2Fv2%2Fcomments&post=122"}],"version-history":[{"count":21,"href":"https:\/\/mecahealth.com\/index.php?rest_route=\/wp\/v2\/pages\/122\/revisions"}],"predecessor-version":[{"id":8800,"href":"https:\/\/mecahealth.com\/index.php?rest_route=\/wp\/v2\/pages\/122\/revisions\/8800"}],"wp:attachment":[{"href":"https:\/\/mecahealth.com\/index.php?rest_route=%2Fwp%2Fv2%2Fmedia&parent=122"}],"curies":[{"name":"wp","href":"https:\/\/api.w.org\/{rel}","templated":true}]}}