{"id":1215,"date":"2023-01-14T12:45:47","date_gmt":"2023-01-14T11:45:47","guid":{"rendered":"https:\/\/mecahealth.com\/?page_id=1215"},"modified":"2023-02-19T17:53:50","modified_gmt":"2023-02-19T16:53:50","slug":"traitement-scoliose","status":"publish","type":"page","link":"https:\/\/mecahealth.com\/?page_id=1215","title":{"rendered":"Traitement : scoliose"},"content":{"rendered":"\n<p class=\"has-medium-font-size\"><a href=\"https:\/\/mecahealth.com\/?page_id=122\">Attention \u00e0 lire les consignes avant de lire toute page d&rsquo;un site sant\u00e9 !<\/a><\/p>\n\n\n\n<figure class=\"wp-block-image size-full is-style-rounded\"><img loading=\"lazy\" decoding=\"async\" width=\"330\" height=\"330\" src=\"https:\/\/mecahealth.com\/wp-content\/uploads\/2023\/02\/MecaHealth-scoliose-1-traitement.jpg\" alt=\"\" class=\"wp-image-3074\" srcset=\"https:\/\/mecahealth.com\/wp-content\/uploads\/2023\/02\/MecaHealth-scoliose-1-traitement.jpg 330w, https:\/\/mecahealth.com\/wp-content\/uploads\/2023\/02\/MecaHealth-scoliose-1-traitement-300x300.jpg 300w, https:\/\/mecahealth.com\/wp-content\/uploads\/2023\/02\/MecaHealth-scoliose-1-traitement-150x150.jpg 150w\" sizes=\"auto, (max-width: 330px) 100vw, 330px\" \/><\/figure>\n\n\n\n<p class=\"has-medium-font-size\">Le traitement de la scoliose ainsi que celui de l&rsquo;attitude scoliotique ne peuvent bien entendu pas se faire \u00e0 distance comme la plupart des pathologies et d&rsquo;autant plus que les traitements pourraient varier en fonction de la hauteur atteinte par la d\u00e9viation.<\/p>\n\n\n\n<p class=\"has-medium-font-size\">Les conseils g\u00e9n\u00e9raux que nous pourrions donner sont d&rsquo;apprendre \u00e0 r\u00e9partir les charge de la vie quotidienne <strong><a href=\"https:\/\/mecahealth.com\/?page_id=402\" data-type=\"page\" data-id=\"402\">aussi sym\u00e9triquement que possible<\/a><\/strong> au <a href=\"https:\/\/mecahealth.com\/?page_id=295\" data-type=\"page\" data-id=\"295\">bureau<\/a> comme dans toutes les <a href=\"https:\/\/mecahealth.com\/?page_id=186\" data-type=\"page\" data-id=\"186\">situations courantes<\/a>.<\/p>\n\n\n\n<p class=\"has-medium-font-size\">Ayant vu pr\u00e9c\u00e9demment qu&rsquo;une force asym\u00e9trique dans les membres inf\u00e9rieurs peut \u00eatre la cause initiale d&rsquo;une attitude scoliotique, il est normal de consid\u00e9rer qu&rsquo;elle contribue \u00e9galement \u00e0 l&rsquo;accroissement de l&rsquo;attitude scoliotique comme celui de la scoliose vraie. Perfectionner la sym\u00e9trie des mouvements de la vie quotidienne tel que <a href=\"https:\/\/mecahealth.com\/?page_id=257\" data-type=\"page\" data-id=\"257\">se lever ou s&rsquo;asseoir<\/a> et <a href=\"https:\/\/mecahealth.com\/?page_id=428\" data-type=\"page\" data-id=\"428\">marcher<\/a>.<\/p>\n\n\n\n<p class=\"has-medium-font-size\">Pour les m\u00eames raisons, les <a href=\"https:\/\/mecahealth.com\/?page_id=259\" data-type=\"page\" data-id=\"259\">sports asym\u00e9triques seront \u00e9vit\u00e9s voire proscrits<\/a> en fonction de la gravit\u00e9 de la scoliose sauf s&rsquo;il s&rsquo;av\u00e8re un compl\u00e9ment \u00e0 une gymnastique m\u00e9dicale, elle parfaitement sym\u00e9trique.<\/p>\n\n\n\n<p class=\"has-medium-font-size\">Une gymnastique m\u00e9dicale, se pratique devant miroir au d\u00e9part. Le th\u00e9rapeute contr\u00f4le et corrige scrupuleusement chaque \u00e9tage articulaire de la <a href=\"https:\/\/mecahealth.com\/?page_id=1923\" data-type=\"page\" data-id=\"1923\">position z\u00e9ro<\/a> pour \u00e9viter la moindre d\u00e9viation de compensation. Progressivement, le patient sent avec plus de pr\u00e9cision la position de ces articulations. Le miroir est alors supprim\u00e9. La correction tient compte de la moindre d\u00e9viation d&rsquo;un c\u00f4t\u00e9 par rapport \u00e0 l&rsquo;autre. Il ne peut ni y avoir diff\u00e9rence de flexion ou d&rsquo;extension d&rsquo;un membre, ni d&rsquo;ouverture en rotation interne ou externe d&rsquo;une articulation d&rsquo;un c\u00f4t\u00e9 ou d&rsquo;un autre, ni de d\u00e9placement des fesses ou des \u00e9paules vers un c\u00f4t\u00e9.<\/p>\n\n\n\n<p class=\"has-medium-font-size\">Il s&rsquo;agit l\u00e0 d\u00e9j\u00e0 d&rsquo;un renforcement auquel un renforcement traditionnel peut \u00eatre ajout\u00e9. Seulement, celui-ci sera limit\u00e9 principalement aux patients qui sont sous corset et dont les muscles ne travaillent de ce fait, plus (&#8230;).<\/p>\n\n\n\n<p class=\"has-medium-font-size\">Le <a href=\"https:\/\/mecahealth.com\/?page_id=971\" data-type=\"page\" data-id=\"971\">sommet d&rsquo;une courbure<\/a> correspond \u00e0 la partie pro\u00e9minente d&rsquo;une courbe. Conna\u00eetre ceux de sa scoliose permet de comprendre une partie des douleurs cr\u00e9\u00e9s par une scoliose.<\/p>\n\n\n\n<p class=\"has-medium-font-size\">La respiration dans des postures sym\u00e9triques est \u00e9galement importante surtout pour les scolioses tr\u00e8s importantes qui emp\u00eachent la respiration de se faire dans chaque partie des <a href=\"https:\/\/mecahealth.com\/?page_id=772\" data-type=\"page\" data-id=\"772\">poumons<\/a>.<\/p>\n\n\n\n<p>(&#8230;).<\/p>\n\n\n\n<h2 class=\"has-medium-font-size wp-block-heading\">Revenir \u00e0 la page \u00ab\u00a0<a href=\"https:\/\/mecahealth.com\/?page_id=270\" data-type=\"page\" data-id=\"270\">Dormir &amp; Se lever<\/a>\u00a0\u00bb ou \u00ab\u00a0<a href=\"https:\/\/mecahealth.com\/?page_id=626\" data-type=\"page\" data-id=\"626\">Dos &#8211; Tronc<\/a>\u00ab\u00a0<\/h2>\n","protected":false},"excerpt":{"rendered":"<p>Attention \u00e0 lire les consignes avant de lire toute page d&rsquo;un site sant\u00e9 ! Le traitement de la scoliose ainsi que celui de l&rsquo;attitude scoliotique ne peuvent bien entendu pas se faire \u00e0 distance comme la plupart des pathologies et d&rsquo;autant plus que les traitements pourraient varier en fonction de<a href=\"https:\/\/mecahealth.com\/?page_id=1215\" class=\"read-more\">Read More&#8230;<\/a><\/p>\n","protected":false},"author":1,"featured_media":0,"parent":0,"menu_order":0,"comment_status":"open","ping_status":"closed","template":"","meta":{"footnotes":""},"class_list":["post-1215","page","type-page","status-publish","hentry"],"jetpack_sharing_enabled":true,"_links":{"self":[{"href":"https:\/\/mecahealth.com\/index.php?rest_route=\/wp\/v2\/pages\/1215","targetHints":{"allow":["GET"]}}],"collection":[{"href":"https:\/\/mecahealth.com\/index.php?rest_route=\/wp\/v2\/pages"}],"about":[{"href":"https:\/\/mecahealth.com\/index.php?rest_route=\/wp\/v2\/types\/page"}],"author":[{"embeddable":true,"href":"https:\/\/mecahealth.com\/index.php?rest_route=\/wp\/v2\/users\/1"}],"replies":[{"embeddable":true,"href":"https:\/\/mecahealth.com\/index.php?rest_route=%2Fwp%2Fv2%2Fcomments&post=1215"}],"version-history":[{"count":11,"href":"https:\/\/mecahealth.com\/index.php?rest_route=\/wp\/v2\/pages\/1215\/revisions"}],"predecessor-version":[{"id":3792,"href":"https:\/\/mecahealth.com\/index.php?rest_route=\/wp\/v2\/pages\/1215\/revisions\/3792"}],"wp:attachment":[{"href":"https:\/\/mecahealth.com\/index.php?rest_route=%2Fwp%2Fv2%2Fmedia&parent=1215"}],"curies":[{"name":"wp","href":"https:\/\/api.w.org\/{rel}","templated":true}]}}