{"id":1213,"date":"2023-01-14T12:45:24","date_gmt":"2023-01-14T11:45:24","guid":{"rendered":"https:\/\/mecahealth.com\/?page_id=1213"},"modified":"2023-02-19T17:51:08","modified_gmt":"2023-02-19T16:51:08","slug":"pathologie-scoliose-et-attitude-scoliotique","status":"publish","type":"page","link":"https:\/\/mecahealth.com\/?page_id=1213","title":{"rendered":"Pathologie : scoliose  et attitude scoliotique"},"content":{"rendered":"\n<p class=\"has-medium-font-size\"><a href=\"https:\/\/mecahealth.com\/?page_id=122\">Attention \u00e0 lire les consignes avant de lire toute page d&rsquo;un site sant\u00e9 !<\/a><\/p>\n\n\n\n<figure class=\"wp-block-image size-full is-style-rounded\"><img loading=\"lazy\" decoding=\"async\" width=\"330\" height=\"330\" src=\"https:\/\/mecahealth.com\/wp-content\/uploads\/2023\/02\/MecaHealth-scoliose-1.jpg\" alt=\"\" class=\"wp-image-3069\" srcset=\"https:\/\/mecahealth.com\/wp-content\/uploads\/2023\/02\/MecaHealth-scoliose-1.jpg 330w, https:\/\/mecahealth.com\/wp-content\/uploads\/2023\/02\/MecaHealth-scoliose-1-300x300.jpg 300w, https:\/\/mecahealth.com\/wp-content\/uploads\/2023\/02\/MecaHealth-scoliose-1-150x150.jpg 150w\" sizes=\"auto, (max-width: 330px) 100vw, 330px\" \/><\/figure>\n\n\n\n<h2 class=\"has-medium-font-size wp-block-heading\"><strong>La scoliose<\/strong>, <\/h2>\n\n\n\n<p class=\"has-medium-font-size\">\u00e0 ne pas confondre avec l&rsquo;attitude scoliotique, est une pathologie amenant la colonne vert\u00e9brale \u00e0 se d\u00e9placer lat\u00e9ralement par rapport \u00e0 son axe vertical. Elle est la cons\u00e9quence d&rsquo;une d\u00e9formation des vert\u00e8bres \u00e0 un niveau variable de la colonne. Cette d\u00e9formation \u00e9quivalente \u00e0 un affaissement du corps vert\u00e9bral d&rsquo;un c\u00f4t\u00e9, va entra\u00eener la colonne \u00e0 se d\u00e9vier du m\u00eame c\u00f4t\u00e9 que l&rsquo;affaissement. Ensuite, en compensation de cette d\u00e9viation, afin d&rsquo;essayer malgr\u00e9 tout de rester dans son axe vertical, le corps va se d\u00e9vier plus haut dans la colonne cr\u00e9ant ainsi l&rsquo;attitude apparente sur la photo ci-dessus.<\/p>\n\n\n\n<p class=\"has-medium-font-size\">La v\u00e9ritable scoliose s&rsquo;accompagne \u00e9galement d&rsquo;une rotation de quelques unes des vert\u00e8bres entra\u00eenant avec elle \u00e9ventuellement les c\u00f4tes. Le dos pr\u00e9sente d\u00e8s lors une augmentation de la courbure d&rsquo;un c\u00f4t\u00e9 appel\u00e9e gibbosit\u00e9. Le bossu de notre dame n&rsquo;\u00e9tait en r\u00e9alit\u00e9 rien d&rsquo;autre qu&rsquo;un scoliotique non trait\u00e9.<\/p>\n\n\n\n<h2 class=\"has-medium-font-size wp-block-heading\"><strong>L&rsquo;attitude scoliotique<\/strong> <\/h2>\n\n\n\n<p class=\"has-medium-font-size\">quant \u00e0 elle n&rsquo;est autre au d\u00e9part qu&rsquo;une mal position corporelle. Cette mal position est en g\u00e9n\u00e9ral due \u00e0 des charges ou des <a href=\"https:\/\/mecahealth.com\/?page_id=1113\" data-type=\"page\" data-id=\"1113\">positions asym\u00e9triques<\/a> dans la vie quotidienne, \u00e0 une asym\u00e9trie des membres inf\u00e9rieurs finalement plus rare qu&rsquo;il n&rsquo;y para\u00eet, ce comportement asym\u00e9trique est \u00e9galement cause de l&rsquo;augmentation d&rsquo;une scoliose r\u00e9elle.<\/p>\n\n\n<div class=\"wp-block-image\">\n<figure class=\"alignleft size-full is-resized\"><img loading=\"lazy\" decoding=\"async\" src=\"https:\/\/mecahealth.com\/wp-content\/uploads\/2023\/02\/MecaHealth-scoliose-attitude.jpg\" alt=\"\" class=\"wp-image-3071\" width=\"250\" height=\"250\" srcset=\"https:\/\/mecahealth.com\/wp-content\/uploads\/2023\/02\/MecaHealth-scoliose-attitude.jpg 330w, https:\/\/mecahealth.com\/wp-content\/uploads\/2023\/02\/MecaHealth-scoliose-attitude-300x300.jpg 300w, https:\/\/mecahealth.com\/wp-content\/uploads\/2023\/02\/MecaHealth-scoliose-attitude-150x150.jpg 150w\" sizes=\"auto, (max-width: 250px) 100vw, 250px\" \/><\/figure>\n<\/div>\n\n\n<p class=\"has-medium-font-size\">M\u00eame une d\u00e9viation comme celle exag\u00e9r\u00e9e sur la photo ci-contre n&rsquo;en reste pas moins une attitude scoliotique.<\/p>\n\n\n\n<p class=\"has-medium-font-size\"><\/p>\n\n\n\n<p><\/p>\n\n\n\n<p class=\"has-medium-font-size\"><\/p>\n\n\n\n<p><\/p>\n\n\n\n<h2 class=\"has-medium-font-size wp-block-heading\"><a href=\"https:\/\/mecahealth.com\/?page_id=1215\" data-type=\"page\" data-id=\"1215\">Consignes de traitement de l&rsquo;attitude scoliotique et de la scoliose ?<\/a><\/h2>\n\n\n\n<h2 class=\"has-medium-font-size wp-block-heading\">Revenir au chapitre \u00ab\u00a0<a href=\"https:\/\/mecahealth.com\/?page_id=626\" data-type=\"page\" data-id=\"626\">Dos &#8211; Tronc<\/a>\u00ab\u00a0<\/h2>\n","protected":false},"excerpt":{"rendered":"<p>Attention \u00e0 lire les consignes avant de lire toute page d&rsquo;un site sant\u00e9 ! La scoliose, \u00e0 ne pas confondre avec l&rsquo;attitude scoliotique, est une pathologie amenant la colonne vert\u00e9brale \u00e0 se d\u00e9placer lat\u00e9ralement par rapport \u00e0 son axe vertical. Elle est la cons\u00e9quence d&rsquo;une d\u00e9formation des vert\u00e8bres \u00e0 un<a href=\"https:\/\/mecahealth.com\/?page_id=1213\" class=\"read-more\">Read More&#8230;<\/a><\/p>\n","protected":false},"author":1,"featured_media":0,"parent":0,"menu_order":0,"comment_status":"open","ping_status":"closed","template":"","meta":{"footnotes":""},"class_list":["post-1213","page","type-page","status-publish","hentry"],"jetpack_sharing_enabled":true,"_links":{"self":[{"href":"https:\/\/mecahealth.com\/index.php?rest_route=\/wp\/v2\/pages\/1213","targetHints":{"allow":["GET"]}}],"collection":[{"href":"https:\/\/mecahealth.com\/index.php?rest_route=\/wp\/v2\/pages"}],"about":[{"href":"https:\/\/mecahealth.com\/index.php?rest_route=\/wp\/v2\/types\/page"}],"author":[{"embeddable":true,"href":"https:\/\/mecahealth.com\/index.php?rest_route=\/wp\/v2\/users\/1"}],"replies":[{"embeddable":true,"href":"https:\/\/mecahealth.com\/index.php?rest_route=%2Fwp%2Fv2%2Fcomments&post=1213"}],"version-history":[{"count":12,"href":"https:\/\/mecahealth.com\/index.php?rest_route=\/wp\/v2\/pages\/1213\/revisions"}],"predecessor-version":[{"id":3789,"href":"https:\/\/mecahealth.com\/index.php?rest_route=\/wp\/v2\/pages\/1213\/revisions\/3789"}],"wp:attachment":[{"href":"https:\/\/mecahealth.com\/index.php?rest_route=%2Fwp%2Fv2%2Fmedia&parent=1213"}],"curies":[{"name":"wp","href":"https:\/\/api.w.org\/{rel}","templated":true}]}}