{"id":1196,"date":"2023-01-14T12:03:18","date_gmt":"2023-01-14T11:03:18","guid":{"rendered":"https:\/\/mecahealth.com\/?page_id=1196"},"modified":"2026-04-16T02:31:24","modified_gmt":"2026-04-16T00:31:24","slug":"mouvement-plier-les-jambes","status":"publish","type":"page","link":"https:\/\/mecahealth.com\/?page_id=1196","title":{"rendered":"Mouvement : plier les jambes"},"content":{"rendered":"\n<p class=\"has-small-font-size\"><a href=\"https:\/\/mecahealth.com\/?page_id=122\">Attention \u00e0 lire les consignes avant de lire toute page d&rsquo;un site sant\u00e9 !<\/a><\/p>\n\n\n\n<figure class=\"wp-block-image size-full is-style-rounded\"><img loading=\"lazy\" decoding=\"async\" width=\"360\" height=\"360\" src=\"https:\/\/mecahealth.com\/wp-content\/uploads\/2023\/01\/2.jpg\" alt=\"\" class=\"wp-image-318\" srcset=\"https:\/\/mecahealth.com\/wp-content\/uploads\/2023\/01\/2.jpg 360w, https:\/\/mecahealth.com\/wp-content\/uploads\/2023\/01\/2-300x300.jpg 300w, https:\/\/mecahealth.com\/wp-content\/uploads\/2023\/01\/2-150x150.jpg 150w\" sizes=\"auto, (max-width: 360px) 100vw, 360px\" \/><\/figure>\n\n\n\n<p class=\"has-large-font-size\">EN CONSTRUCTION<\/p>\n\n\n\n<p class=\"has-medium-font-size\">Nombreuses personnes souffrant de probl\u00e8mes de genoux sont des personnes qui souffraient du dos pr\u00e9c\u00e9demment&#8230;<\/p>\n\n\n\n<p class=\"has-medium-font-size\">Lors d&rsquo;un cours de dos inappropri\u00e9, mal expliqu\u00e9 ou mal compris sans doute parfois, l&rsquo;enseignant \u00e0 expliquer qu&rsquo;il est bon pour prot\u00e9ger son dos, de rester le dos droit et de plier les genoux en se rapprochant de l&rsquo;objet au maximum. Seulement, il oublie souvent de sp\u00e9cifier qu&rsquo;ainsi toute la charge est plac\u00e9e dans les genoux et que les muscles doivent \u00e0 la fois relever tout le poids du corps, compenser la charge de d\u00e9s\u00e9quilibre li\u00e9e \u00e0 la position et \u00e0 l&rsquo;objet \u00e0 transporter, et travailler dans des amplitudes o\u00f9 les surfaces articulaires sont r\u00e9duites. Pour toutes ces raisons les genoux se d\u00e9truisent progressivement.<\/p>\n\n\n\n<p class=\"has-medium-font-size\">Ne plier<strong> que<\/strong> les genoux est une pratique qui ne doit \u00eatre utilis\u00e9e que dans des situations post-op\u00e9ratoires ou pour des hernies importantes voire plus petites mais mal plac\u00e9es. <strong>Jamais<\/strong>, cette protection seule, ne doit \u00eatre enseign\u00e9e aux personnes souffrant d&rsquo;un mal courant. Elle doit \u00eatre combin\u00e9e dans l&rsquo;esprit d&rsquo;\u00e9conomie d&rsquo;\u00e9nergie o\u00f9 notamment nous apprenons \u00e0 respecter les Points d&rsquo;Appui et en combinant en fonction de la position initiale du dos, \u00e0  en temps voulu.<\/p>\n\n\n\n<p class=\"has-medium-font-size\">Par la pratique r\u00e9guli\u00e8re de cette protection dorsale inapropri\u00e9e les trois quart du temps, les muscles du dos n&rsquo;\u00e9tant plus sollicit\u00e9s dans de plus grandes amplitudes, se r\u00e9tractent progressivement. Ils entra\u00eenent d&rsquo;autres pressions et tensions portant \u00e0 cons\u00e9quence \u00e0 plus ou moins long terme, au m\u00eame endroit que le mal initial et\/ou ailleurs dans le dos.<\/p>\n\n\n\n<p>&#8230;<\/p>\n\n\n\n<p class=\"has-medium-font-size\">Certains r\u00e9pliquent parfois qu&rsquo;il faut faire des \u00e9tirements pour compenser. A quoi bon en faire s&rsquo;ils sont destin\u00e9s \u00e0 corriger des erreurs qui auraient pu \u00eatre tout simplement \u00e9vit\u00e9es. Les \u00e9tirements prolongeront l&rsquo;\u00e9tat de bien \u00eatre donn\u00e9 class=centre&gt;par la r\u00e9partition des charges.<\/p>\n\n\n\n<p class=\"has-medium-font-size\">Quoi de plus logique de toute fa\u00e7on que d&rsquo;utiliser tout son corps Ramasser objet encombrant centre pour lever un \u00e9l\u00e9ment lourd ou encombrant (si c&rsquo;est encore possible) &#8230;<\/p>\n\n\n\n<p>(&#8230;)<\/p>\n\n\n\n<h2 class=\"wp-block-heading has-medium-font-size\">Revenir au chapitre <em><a href=\"https:\/\/mecahealth.com\/?page_id=1775\" data-type=\"page\" data-id=\"1775\">Tronc<\/a> <\/em><strong>ou au chapitre<\/strong> <em><a href=\"https:\/\/mecahealth.com\/?page_id=620\" data-type=\"page\" data-id=\"620\">Genou<\/a><\/em><\/h2>\n","protected":false},"excerpt":{"rendered":"<p>Attention \u00e0 lire les consignes avant de lire toute page d&rsquo;un site sant\u00e9 ! EN CONSTRUCTION Nombreuses personnes souffrant de probl\u00e8mes de genoux sont des personnes qui souffraient du dos pr\u00e9c\u00e9demment&#8230; Lors d&rsquo;un cours de dos inappropri\u00e9, mal expliqu\u00e9 ou mal compris sans doute parfois, l&rsquo;enseignant \u00e0 expliquer qu&rsquo;il est<a href=\"https:\/\/mecahealth.com\/?page_id=1196\" class=\"read-more\">Read More&#8230;<\/a><\/p>\n","protected":false},"author":1,"featured_media":0,"parent":0,"menu_order":0,"comment_status":"open","ping_status":"closed","template":"","meta":{"footnotes":""},"class_list":["post-1196","page","type-page","status-publish","hentry"],"jetpack_sharing_enabled":true,"_links":{"self":[{"href":"https:\/\/mecahealth.com\/index.php?rest_route=\/wp\/v2\/pages\/1196","targetHints":{"allow":["GET"]}}],"collection":[{"href":"https:\/\/mecahealth.com\/index.php?rest_route=\/wp\/v2\/pages"}],"about":[{"href":"https:\/\/mecahealth.com\/index.php?rest_route=\/wp\/v2\/types\/page"}],"author":[{"embeddable":true,"href":"https:\/\/mecahealth.com\/index.php?rest_route=\/wp\/v2\/users\/1"}],"replies":[{"embeddable":true,"href":"https:\/\/mecahealth.com\/index.php?rest_route=%2Fwp%2Fv2%2Fcomments&post=1196"}],"version-history":[{"count":8,"href":"https:\/\/mecahealth.com\/index.php?rest_route=\/wp\/v2\/pages\/1196\/revisions"}],"predecessor-version":[{"id":8864,"href":"https:\/\/mecahealth.com\/index.php?rest_route=\/wp\/v2\/pages\/1196\/revisions\/8864"}],"wp:attachment":[{"href":"https:\/\/mecahealth.com\/index.php?rest_route=%2Fwp%2Fv2%2Fmedia&parent=1196"}],"curies":[{"name":"wp","href":"https:\/\/api.w.org\/{rel}","templated":true}]}}