{"id":1173,"date":"2023-01-14T11:14:10","date_gmt":"2023-01-14T10:14:10","guid":{"rendered":"https:\/\/mecahealth.com\/?page_id=1173"},"modified":"2023-02-26T18:11:24","modified_gmt":"2023-02-26T17:11:24","slug":"pathologie-lordose","status":"publish","type":"page","link":"https:\/\/mecahealth.com\/?page_id=1173","title":{"rendered":"Pathologie : lordose ?"},"content":{"rendered":"\n<p class=\"has-medium-font-size\"><a href=\"https:\/\/mecahealth.com\/?page_id=122\">Attention \u00e0 lire les consignes avant de lire toute page d&rsquo;un site sant\u00e9 !<\/a><\/p>\n\n\n\n<figure class=\"wp-block-image size-full is-style-rounded\"><img loading=\"lazy\" decoding=\"async\" width=\"330\" height=\"330\" src=\"https:\/\/mecahealth.com\/wp-content\/uploads\/2023\/02\/MecaHealth-lordose-lombaire-nu.jpg\" alt=\"\" class=\"wp-image-4144\" srcset=\"https:\/\/mecahealth.com\/wp-content\/uploads\/2023\/02\/MecaHealth-lordose-lombaire-nu.jpg 330w, https:\/\/mecahealth.com\/wp-content\/uploads\/2023\/02\/MecaHealth-lordose-lombaire-nu-300x300.jpg 300w, https:\/\/mecahealth.com\/wp-content\/uploads\/2023\/02\/MecaHealth-lordose-lombaire-nu-150x150.jpg 150w\" sizes=\"auto, (max-width: 330px) 100vw, 330px\" \/><\/figure>\n\n\n\n<p class=\"has-medium-font-size\">Une lordose est une partie du dos qui, vue lat\u00e9ralement, est concave. En principe, nous disposons de 2 lordoses : la lordose cervicale et la lordose lombaire. Lorsque dos lat\u00e9ralement est convexe, on parle de <a href=\"https:\/\/mecahealth.com\/?page_id=969\" data-type=\"page\" data-id=\"969\">cyphose<\/a>. La <a href=\"https:\/\/mecahealth.com\/?page_id=1213\">scoliose,<\/a> elle, est d\u00e9nomm\u00e9e ainsi lorsque la colonne est en \u00ab\u00a0S\u00a0\u00bb.<\/p>\n\n\n\n<p class=\"has-medium-font-size\">Toutes deux comme <a href=\"https:\/\/mecahealth.com\/?page_id=971\" data-type=\"page\" data-id=\"971\">toute courbe doivent \u00eatre harmonieuses<\/a> pour \u00e9viter de faire rentrer une vert\u00e8bres plus que n\u00e9cessaire et de risquer coincer le dos (<a href=\"https:\/\/mecahealth.com\/?page_id=1136\" data-type=\"page\" data-id=\"1136\">douleurs +++<\/a>)<\/p>\n\n\n\n<h2 class=\"has-medium-font-size wp-block-heading\"><strong>Hyperlordose<\/strong><\/h2>\n\n\n\n<p class=\"has-medium-font-size\">Souvent, des personnes parlent de leur dos trop cambr\u00e9. En r\u00e9alit\u00e9, peu sont dans cette situation initialement. Il est vrai que cette cambrure \u00e0 tendance \u00e0 augmenter \u00e0 l&rsquo;effort alors qu&rsquo;elle devrait g\u00e9n\u00e9ralement diminuer pour r\u00e9partir les charges. L&rsquo;exc\u00e8s de cambrure est li\u00e9 \u00e0 un rel\u00e2chement du ventre <a href=\"https:\/\/mecahealth.com\/?page_id=808\" data-type=\"page\" data-id=\"808\">ne basculant pas correctement<\/a> \u00e0 l&rsquo;effort ou est d\u00fb \u00e0 un <a href=\"https:\/\/mecahealth.com\/?page_id=1057\" data-type=\"page\" data-id=\"1057\">raccourcissement des psoas<\/a>. En se r\u00e9tractant, ils tirent le haut du bassin en avant qui creuse ainsi le dos.<\/p>\n\n\n\n<h2 class=\"has-medium-font-size wp-block-heading\"><strong>Lordose trop peu marqu\u00e9e<\/strong><\/h2>\n\n\n\n<p class=\"has-medium-font-size\">Un manque de cambrure lombaire existe \u00e9galement. Elle s&rsquo;accompagne g\u00e9n\u00e9ralement d&rsquo;un manque de cyphose dorsale. Cette situation est plus difficile \u00e0 corriger puisque id\u00e9alement, les mouvements se feront dans ce cas, en recherche de l&rsquo;accroissement de la lordose. Or l&rsquo;augmenter en essayant de centre harmonie de courbure est tr\u00e8s complexe.<\/p>\n\n\n\n<p class=\"has-medium-font-size\">Les exercices id\u00e9alement se feront en position assise ou couch\u00e9e avec un soutien marqu\u00e9 dans le bas du dos pour essayer de cambrer quelque peu le dos. Dans la vie de tous les jours, il en est de m\u00eame &#8230;<\/p>\n\n\n\n<h2 class=\"has-medium-font-size wp-block-heading\">Consignes approximatives de traitement des hyper-lordoses lombaires :<\/h2>\n\n\n\n<p class=\"has-medium-font-size\">Nombreux sont ceux \u00e0 qui on a appris \u00e0 faire des abdominaux pour corriger cela et sans r\u00e9sultat. Les abdominaux servent en r\u00e9alit\u00e9 dans leur fonction globale, \u00e0 <a href=\"https:\/\/mecahealth.com\/?page_id=808\" data-type=\"page\" data-id=\"808\">basculer le bassin<\/a> pour soutenir le dos, soutenir les visc\u00e8res, &#8230; Pour arriver \u00e0 une bonne bascule, il faut pr\u00e9alablement  <a href=\"https:\/\/mecahealth.com\/?page_id=1057\" data-type=\"page\" data-id=\"1057\">\u00e9tirer les psoas<\/a>.<\/p>\n\n\n\n<p class=\"has-medium-font-size\">En dehors de cela, apprendre \u00e0 g\u00e9rer r\u00e9ellement <a href=\"https:\/\/mecahealth.com\/?page_id=615\" data-type=\"page\" data-id=\"615\">l&rsquo;ensemble des abdominaux<\/a> comme des autres muscles, <a href=\"https:\/\/mecahealth.com\/?page_id=186\" data-type=\"page\" data-id=\"186\">dans la vie et les efforts quotidiens<\/a> en basculant le bassin \u00e0 l&rsquo;effort nous semble pr\u00e9f\u00e9rable et quasiment toujours plus efficace. De plus, beaucoup abandonne apr\u00e8s quelques semaines, la plupart des exercices conseill\u00e9s m\u00eame<a href=\"https:\/\/mecahealth.com\/?page_id=1107\" data-type=\"page\" data-id=\"1107\"> ceux destin\u00e9s exclusivement aux abdominaux<\/a>. Un <a href=\"https:\/\/mecahealth.com\/?page_id=259\" data-type=\"page\" data-id=\"259\">sport<\/a>, quel qu&rsquo;il soit est un bon compl\u00e9ment mais ne remplace par les corrections durant les situations courantes.<\/p>\n\n\n\n<p class=\"has-medium-font-size\">(&#8230;)<\/p>\n\n\n\n<h2 class=\"has-medium-font-size wp-block-heading\">Revenir au chapitre <em><a href=\"https:\/\/mecahealth.com\/?page_id=548\" data-type=\"page\" data-id=\"548\">Pathologies<\/a><\/em> ou \u00e0 la page <em><a href=\"https:\/\/mecahealth.com\/?page_id=626\" data-type=\"page\" data-id=\"626\">Dos &#8211; Tronc<\/a><\/em><\/h2>\n","protected":false},"excerpt":{"rendered":"<p>Attention \u00e0 lire les consignes avant de lire toute page d&rsquo;un site sant\u00e9 ! Une lordose est une partie du dos qui, vue lat\u00e9ralement, est concave. En principe, nous disposons de 2 lordoses : la lordose cervicale et la lordose lombaire. Lorsque dos lat\u00e9ralement est convexe, on parle de cyphose.<a href=\"https:\/\/mecahealth.com\/?page_id=1173\" class=\"read-more\">Read More&#8230;<\/a><\/p>\n","protected":false},"author":1,"featured_media":0,"parent":0,"menu_order":0,"comment_status":"closed","ping_status":"closed","template":"","meta":{"footnotes":""},"class_list":["post-1173","page","type-page","status-publish","hentry"],"jetpack_sharing_enabled":true,"_links":{"self":[{"href":"https:\/\/mecahealth.com\/index.php?rest_route=\/wp\/v2\/pages\/1173","targetHints":{"allow":["GET"]}}],"collection":[{"href":"https:\/\/mecahealth.com\/index.php?rest_route=\/wp\/v2\/pages"}],"about":[{"href":"https:\/\/mecahealth.com\/index.php?rest_route=\/wp\/v2\/types\/page"}],"author":[{"embeddable":true,"href":"https:\/\/mecahealth.com\/index.php?rest_route=\/wp\/v2\/users\/1"}],"replies":[{"embeddable":true,"href":"https:\/\/mecahealth.com\/index.php?rest_route=%2Fwp%2Fv2%2Fcomments&post=1173"}],"version-history":[{"count":8,"href":"https:\/\/mecahealth.com\/index.php?rest_route=\/wp\/v2\/pages\/1173\/revisions"}],"predecessor-version":[{"id":4157,"href":"https:\/\/mecahealth.com\/index.php?rest_route=\/wp\/v2\/pages\/1173\/revisions\/4157"}],"wp:attachment":[{"href":"https:\/\/mecahealth.com\/index.php?rest_route=%2Fwp%2Fv2%2Fmedia&parent=1173"}],"curies":[{"name":"wp","href":"https:\/\/api.w.org\/{rel}","templated":true}]}}