{"id":1160,"date":"2023-01-14T11:06:36","date_gmt":"2023-01-14T10:06:36","guid":{"rendered":"https:\/\/mecahealth.com\/?page_id=1160"},"modified":"2023-10-29T14:22:59","modified_gmt":"2023-10-29T13:22:59","slug":"normalite-points-dappui-concretement","status":"publish","type":"page","link":"https:\/\/mecahealth.com\/?page_id=1160","title":{"rendered":"Normalit\u00e9 : points d&rsquo;appui concr\u00e8tement"},"content":{"rendered":"\n<p class=\"has-medium-font-size\"><a href=\"https:\/\/mecahealth.com\/?page_id=122\">Attention \u00e0 lire les consignes avant de lire toute page d&rsquo;un site sant\u00e9 !<\/a><\/p>\n\n\n\n<figure class=\"wp-block-image size-full is-resized is-style-rounded\"><img loading=\"lazy\" decoding=\"async\" src=\"https:\/\/mecahealth.com\/wp-content\/uploads\/2023\/03\/MecaHealthLVOUI2-edited.jpg\" alt=\"\" class=\"wp-image-4474\" width=\"330\" height=\"330\" srcset=\"https:\/\/mecahealth.com\/wp-content\/uploads\/2023\/03\/MecaHealthLVOUI2-edited.jpg 200w, https:\/\/mecahealth.com\/wp-content\/uploads\/2023\/03\/MecaHealthLVOUI2-edited-150x150.jpg 150w\" sizes=\"auto, (max-width: 330px) 100vw, 330px\" \/><\/figure>\n\n\n\n<p class=\"has-medium-font-size\">Un <a href=\"https:\/\/mecahealth.com\/?page_id=448\" data-type=\"page\" data-id=\"448\">point d\u2019appui (voir page pr\u00e9c\u00e9dente)<\/a> est g\u00e9n\u00e9ralement une main mais peut \u00eatre une \u00e9paule, le tronc lui-m\u00eame, voire la t\u00eate. Si un de ces membres n\u2019est pas dans la possibilit\u00e9 d\u2019\u00eatre utilis\u00e9, m\u00eame si la proportion de d\u00e9charge est moindre qu\u2019avec ceux-ci, utilisons \u00e9ventuellement la cuisse ou une autre partie des membres inf\u00e9rieurs.<\/p>\n\n\n\n<p class=\"has-medium-font-size\">L\u2019appui peut se faire contre un mur, une table, une chaise, une autre personne ou sur soi-m\u00eame comme nous le sugg\u00e9rons dans la page <a href=\"https:\/\/mecahealth.com\/?page_id=2599\" data-type=\"page\" data-id=\"2599\">Ramasser<\/a>.<\/p>\n\n\n\n<p class=\"has-medium-font-size\">Lorsqu\u2019un point d\u2019appui nous semble impossible nous pouvons soit aller en chercher, ou aller vers lui. Dans le premier cas, nous pouvons par exemple d\u00e9placer une chaise qui nous sert d\u2019appui pour ramasser l\u2019objet tomb\u00e9 au sol si notre dos ou nos genoux ne nous permettent pas une flexion suffisante. Si l\u2019objet est lourd ou encombrant, cette chaise peut nous servir d\u2019appui pour nous relever mais aussi \u00e9ventuellement pour y placer l\u2019objet \u00e0 \u00ab mi-parcours \u00bb.<\/p>\n\n\n\n<p class=\"has-medium-font-size\">Dans le second cas, nous pouvons pratiquer une combinaison de la r\u00e8gle du <em>point d\u2019appui<\/em> avec celle du <em><a href=\"https:\/\/mecahealth.com\/?page_id=450\" data-type=\"page\" data-id=\"450\">tirer &#8211; pousser<\/a><\/em> en poussant l\u2019objet avec le pied pour l\u2019amener vers le point d\u2019appui souhait\u00e9.<\/p>\n\n\n\n<p class=\"has-medium-font-size\">Les points d\u2019appui permettent de diminuer le travail musculaire d\u2019\u00e9quilibration impliqu\u00e9 par un mouvement avant-arri\u00e8re du tronc par exemple mais aussi pour diminuer le d\u00e9s\u00e9quilibre lat\u00e9ral survenant si un objet est lourd ou encombrant. S\u2019appuyer par exemple contre un mur ou le chambranle d\u2019une porte pour relever une caisse, est une mani\u00e8re de porter moins de poids.<\/p>\n\n\n\n<p class=\"has-medium-font-size\">Le <em>point d&rsquo;appui<\/em> s&rsquo;applique dans quasiment toutes les <a href=\"https:\/\/mecahealth.com\/?page_id=186\" data-type=\"page\" data-id=\"186\">situations courantes<\/a> dont voici quelques exemples et dans la plupart des cas,&nbsp; en faisant attention \u00e0 se <a href=\"https:\/\/mecahealth.com\/?page_id=803\" data-type=\"page\" data-id=\"803\">d\u00e9rouler correctement<\/a> : <\/p>\n\n\n\n<ul class=\"has-medium-font-size wp-block-list\">\n<li>Lever et porter un \u00e9l\u00e9ment lourd ou encombrant<\/li>\n\n\n\n<li><a href=\"https:\/\/mecahealth.com\/?page_id=2599\" data-type=\"page\" data-id=\"2599\">Ramasser un objet l\u00e9ger, petit, ou avec anse\/poign\u00e9e&#8230;<\/a><\/li>\n\n\n\n<li><a href=\"https:\/\/mecahealth.com\/?page_id=201\" data-type=\"page\" data-id=\"201\">Lire son journal<\/a><\/li>\n\n\n\n<li><a href=\"https:\/\/mecahealth.com\/?page_id=276\" data-type=\"page\" data-id=\"276\">Prendre un dossier<\/a><\/li>\n\n\n\n<li><a href=\"https:\/\/mecahealth.com\/?page_id=5786\" data-type=\"page\" data-id=\"5786\">Prendre les commissions dans le fond de son coffre<\/a><\/li>\n\n\n\n<li><a href=\"https:\/\/mecahealth.com\/?page_id=2517\" data-type=\"page\" data-id=\"2517\">Faire la vaisselle<\/a><\/li>\n\n\n\n<li>&#8230;<\/li>\n<\/ul>\n\n\n\n<p class=\"has-medium-font-size\"> <span style=\"color: initial; font-size: revert;\">(&#8230;)<\/span><h2 class=\"has-medium-font-size\">Revenir au chapitre<em>\u00a0<a href=\"https:\/\/mecahealth.com\/?page_id=180\">Normalit\u00e9<\/a><\/em>\u00a0ou\u00a0<em><a href=\"https:\/\/mecahealth.com\/?page_id=1164\">Economie d\u2019\u00e9nergie<\/a><\/em><\/h2> <\/p>\n","protected":false},"excerpt":{"rendered":"<p>Attention \u00e0 lire les consignes avant de lire toute page d&rsquo;un site sant\u00e9 ! Un point d\u2019appui (voir page pr\u00e9c\u00e9dente) est g\u00e9n\u00e9ralement une main mais peut \u00eatre une \u00e9paule, le tronc lui-m\u00eame, voire la t\u00eate. Si un de ces membres n\u2019est pas dans la possibilit\u00e9 d\u2019\u00eatre utilis\u00e9, m\u00eame si la<a href=\"https:\/\/mecahealth.com\/?page_id=1160\" class=\"read-more\">Read More&#8230;<\/a><\/p>\n","protected":false},"author":1,"featured_media":0,"parent":0,"menu_order":0,"comment_status":"closed","ping_status":"closed","template":"","meta":{"footnotes":""},"class_list":["post-1160","page","type-page","status-publish","hentry"],"jetpack_sharing_enabled":true,"_links":{"self":[{"href":"https:\/\/mecahealth.com\/index.php?rest_route=\/wp\/v2\/pages\/1160","targetHints":{"allow":["GET"]}}],"collection":[{"href":"https:\/\/mecahealth.com\/index.php?rest_route=\/wp\/v2\/pages"}],"about":[{"href":"https:\/\/mecahealth.com\/index.php?rest_route=\/wp\/v2\/types\/page"}],"author":[{"embeddable":true,"href":"https:\/\/mecahealth.com\/index.php?rest_route=\/wp\/v2\/users\/1"}],"replies":[{"embeddable":true,"href":"https:\/\/mecahealth.com\/index.php?rest_route=%2Fwp%2Fv2%2Fcomments&post=1160"}],"version-history":[{"count":11,"href":"https:\/\/mecahealth.com\/index.php?rest_route=\/wp\/v2\/pages\/1160\/revisions"}],"predecessor-version":[{"id":5787,"href":"https:\/\/mecahealth.com\/index.php?rest_route=\/wp\/v2\/pages\/1160\/revisions\/5787"}],"wp:attachment":[{"href":"https:\/\/mecahealth.com\/index.php?rest_route=%2Fwp%2Fv2%2Fmedia&parent=1160"}],"curies":[{"name":"wp","href":"https:\/\/api.w.org\/{rel}","templated":true}]}}