{"id":1149,"date":"2023-01-14T10:30:55","date_gmt":"2023-01-14T09:30:55","guid":{"rendered":"https:\/\/mecahealth.com\/?page_id=1149"},"modified":"2023-11-12T14:59:10","modified_gmt":"2023-11-12T13:59:10","slug":"position-dormir-sur-le-cote","status":"publish","type":"page","link":"https:\/\/mecahealth.com\/?page_id=1149","title":{"rendered":"Position : dormir sur le c\u00f4t\u00e9 \/ se retourner"},"content":{"rendered":"\n<p class=\"has-medium-font-size\"><a href=\"https:\/\/mecahealth.com\/?page_id=122\">Attention \u00e0 lire les consignes avant de lire toute page d&rsquo;un site sant\u00e9 !<\/a><\/p>\n\n\n\n<figure class=\"wp-block-image size-full is-style-rounded\"><img loading=\"lazy\" decoding=\"async\" width=\"330\" height=\"330\" src=\"https:\/\/mecahealth.com\/wp-content\/uploads\/2023\/01\/MecaHealth-dormir-cote-gorille.jpg\" alt=\"\" class=\"wp-image-1785\" srcset=\"https:\/\/mecahealth.com\/wp-content\/uploads\/2023\/01\/MecaHealth-dormir-cote-gorille.jpg 330w, https:\/\/mecahealth.com\/wp-content\/uploads\/2023\/01\/MecaHealth-dormir-cote-gorille-300x300.jpg 300w, https:\/\/mecahealth.com\/wp-content\/uploads\/2023\/01\/MecaHealth-dormir-cote-gorille-150x150.jpg 150w\" sizes=\"auto, (max-width: 330px) 100vw, 330px\" \/><\/figure>\n\n\n\n<p class=\"has-medium-font-size\">Dormir sur le c\u00f4t\u00e9 ne pr\u00e9sente que rarement de d\u00e9savantages si le lit est convenable et qu&rsquo;il est mis en position plane. Si le gorille s&rsquo;ex\u00e9cute dans une telle position, ce n&rsquo;est pas pour rien.<\/p>\n\n\n\n<p class=\"has-medium-font-size\">Une bonne position n&#8217;emp\u00eache pas tous les <a href=\"https:\/\/mecahealth.com\/?page_id=2450\" data-type=\"page\" data-id=\"2450\">troubles du sommeil<\/a>.<\/p>\n\n\n\n<h2 class=\"wp-block-heading\">Avantages :<\/h2>\n\n\n\n<p class=\"has-medium-font-size\">Dans cette position, la colonne peut \u00eatre positionn\u00e9e dans un axe rectiligne passant du milieu du sacrum \u00e0 la base du cr\u00e2ne. Les conditions pour que la colonne soit harmonieusement dans cet axe sont d&rsquo;avoir les genoux pli\u00e9s dans de m\u00eames proportions afin qu&rsquo;ils se placent l&rsquo;un sur l&rsquo;autre, \u00e9vitant ainsi le bassin de se tourner ; la jambe qui se trouve contre le lit (inf\u00e9rieure) peut \u00e9ventuellement \u00eatre pli\u00e9e alors que la jambe sup\u00e9rieure reste plus tendue. L&rsquo;inverse comme sur la photo ci-dessous est encore acceptable si la flexion n&rsquo;est pas trop importante,<\/p>\n\n\n\n<p class=\"has-medium-font-size\">Le coussin sous la t\u00eate doit \u00eatre d&rsquo;une \u00e9paisseur \u00e9quivalente permettant de garder la t\u00eate dans la direction rectiligne souhait\u00e9e, \u00e0 savoir \u00e0 peu pr\u00e8s l&rsquo;\u00e9paisseur du c\u00f4t\u00e9 \u00e9cras\u00e9 sur lequel on se trouve.<\/p>\n\n\n\n<figure class=\"wp-block-image size-full\"><img loading=\"lazy\" decoding=\"async\" width=\"250\" height=\"200\" src=\"https:\/\/mecahealth.com\/wp-content\/uploads\/2023\/01\/MecaHealth-lit-se-retourner.gif\" alt=\"\" class=\"wp-image-1788\"\/><\/figure>\n\n\n\n<p class=\"has-medium-font-size\">Pour se relever apr\u00e8s ce retournement, les r\u00e8gles sont les m\u00eames que pour <a href=\"https:\/\/mecahealth.com\/?page_id=257\" data-type=\"page\" data-id=\"257\">se lever d&rsquo;une chaise<\/a>.<\/p>\n\n\n\n<h2 class=\"wp-block-heading\">Inconv\u00e9nients :<\/h2>\n\n\n\n<figure class=\"wp-block-image size-full\"><img loading=\"lazy\" decoding=\"async\" width=\"100\" height=\"100\" src=\"https:\/\/mecahealth.com\/wp-content\/uploads\/2023\/02\/MecaHealth-picto-NO-e1675467511983.jpg\" alt=\"\" class=\"wp-image-2572\"\/><\/figure>\n\n\n\n<p class=\"has-medium-font-size\">La position sur le c\u00f4t\u00e9 pr\u00e9sente des inconv\u00e9nients, si la jambe consid\u00e9r\u00e9e comme sup\u00e9rieure est pli\u00e9e alors que celle en dessous ne l&rsquo;est pas. Le bassin et le bas du dos se tourne alors sur le c\u00f4t\u00e9 durant une longue p\u00e9riode. Ce qui peut entra\u00eener quelques maux progressivement.<\/p>\n\n\n\n<p class=\"has-medium-font-size\">Elle pr\u00e9sente un danger lors du retournement \u00e9galement si l&rsquo;on se retourne pas en un bloc solidaire.<\/p>\n\n\n\n<figure class=\"wp-block-image size-full\"><img loading=\"lazy\" decoding=\"async\" width=\"250\" height=\"200\" src=\"https:\/\/mecahealth.com\/wp-content\/uploads\/2023\/01\/MecaHealth-lit-retourner-NON.gif\" alt=\"\" class=\"wp-image-1787\"\/><\/figure>\n\n\n\n<p class=\"has-medium-font-size\">Elle pr\u00e9sente \u00e9galement des difficult\u00e9s de compressions maintenues pour les personnes qui dorment <a href=\"https:\/\/mecahealth.com\/?page_id=664\" data-type=\"page\" data-id=\"664\">v\u00e9ritablement en position f\u0153tale<\/a>. Il est n\u00e9cessaire d&rsquo;adopter progressivement une position moins ferm\u00e9e que celle de l&rsquo;animation ci-dessous. Une technique est notamment l&rsquo;usage de ces \u00ab\u00a0nouveaux\u00a0\u00bb \u00e9dredons lest\u00e9s ou de mettre un gros coussin devant soi qui donne cette impression d&rsquo;\u00eatre <em>couv\u00e9 <\/em>par celui-ci.<\/p>\n\n\n\n<figure class=\"wp-block-image size-full\"><img loading=\"lazy\" decoding=\"async\" width=\"250\" height=\"200\" src=\"https:\/\/mecahealth.com\/wp-content\/uploads\/2023\/01\/MecaHealth-dormir-cote-NON.gif\" alt=\"\" class=\"wp-image-1786\"\/><\/figure>\n\n\n\n<p class=\"has-medium-font-size\">Une personne qui reste \u00e9galement toujours du m\u00eame c\u00f4t\u00e9 peut \u00e9galement, par manque d&rsquo;<em><a href=\"https:\/\/mecahealth.com\/?page_id=441\" data-type=\"page\" data-id=\"441\">alternance contraction-rel\u00e2chement<\/a><\/em>, fatiguer l&rsquo;\u00e9paule \u00e9cras\u00e9e ou l&rsquo;\u00e9paule \u00ab\u00a0sup\u00e9rieure\u00a0\u00bb. Pr\u00e9f\u00e9rez l&rsquo;alternance de c\u00f4t\u00e9.<\/p>\n\n\n\n<p>(&#8230;)<\/p>\n\n\n\n<h2 class=\"wp-block-heading has-medium-font-size\"><span style=\"font-size: var(--wp--preset--font-size--medium) ; color: initial;\"><span style=\"font-size: var(--wp--preset--font-size--medium) ; color: initial;\">Abonnez-vous \u00e0 nos diff\u00e9rentes pages pour \u00eatre averti(s) des nouvelles mises en ligne&#8230;<\/span><\/span><\/h2>\n\n\n\n<p class=\"has-small-font-size\"><a rel=\"noreferrer noopener\" href=\"https:\/\/www.facebook.com\/MecaHealthAsbl\" target=\"_blank\">Facebook MecaHealthAsbl<\/a> &#8211; <a rel=\"noreferrer noopener\" href=\"https:\/\/www.linkedin.com\/company\/mecahealth\/\" target=\"_blank\">Linkedin MecaHealth<\/a> &#8211; <a rel=\"noreferrer noopener\" href=\"https:\/\/www.youtube.com\/channel\/UCJb5g--IGlU6FgQLQKaJljg\" target=\"_blank\">Youtube cha\u00eene MecaHealth<\/a> &#8211; Instagram (pas encore)<\/p>\n\n\n\n<h2 class=\"wp-block-heading has-medium-font-size\">Revenir au chapitre<em> <a href=\"https:\/\/mecahealth.com\/?page_id=186\">Situations courantes<\/a><\/em> ou \u00e0 la page <a href=\"https:\/\/mecahealth.com\/?page_id=270\"><em>Situation : dormir<\/em><\/a><\/h2>\n","protected":false},"excerpt":{"rendered":"<p>Attention \u00e0 lire les consignes avant de lire toute page d&rsquo;un site sant\u00e9 ! Dormir sur le c\u00f4t\u00e9 ne pr\u00e9sente que rarement de d\u00e9savantages si le lit est convenable et qu&rsquo;il est mis en position plane. Si le gorille s&rsquo;ex\u00e9cute dans une telle position, ce n&rsquo;est pas pour rien. Une<a href=\"https:\/\/mecahealth.com\/?page_id=1149\" class=\"read-more\">Read More&#8230;<\/a><\/p>\n","protected":false},"author":1,"featured_media":0,"parent":0,"menu_order":0,"comment_status":"closed","ping_status":"closed","template":"","meta":{"footnotes":""},"class_list":["post-1149","page","type-page","status-publish","hentry"],"jetpack_sharing_enabled":true,"_links":{"self":[{"href":"https:\/\/mecahealth.com\/index.php?rest_route=\/wp\/v2\/pages\/1149","targetHints":{"allow":["GET"]}}],"collection":[{"href":"https:\/\/mecahealth.com\/index.php?rest_route=\/wp\/v2\/pages"}],"about":[{"href":"https:\/\/mecahealth.com\/index.php?rest_route=\/wp\/v2\/types\/page"}],"author":[{"embeddable":true,"href":"https:\/\/mecahealth.com\/index.php?rest_route=\/wp\/v2\/users\/1"}],"replies":[{"embeddable":true,"href":"https:\/\/mecahealth.com\/index.php?rest_route=%2Fwp%2Fv2%2Fcomments&post=1149"}],"version-history":[{"count":20,"href":"https:\/\/mecahealth.com\/index.php?rest_route=\/wp\/v2\/pages\/1149\/revisions"}],"predecessor-version":[{"id":6203,"href":"https:\/\/mecahealth.com\/index.php?rest_route=\/wp\/v2\/pages\/1149\/revisions\/6203"}],"wp:attachment":[{"href":"https:\/\/mecahealth.com\/index.php?rest_route=%2Fwp%2Fv2%2Fmedia&parent=1149"}],"curies":[{"name":"wp","href":"https:\/\/api.w.org\/{rel}","templated":true}]}}