{"id":1142,"date":"2023-01-14T10:29:01","date_gmt":"2023-01-14T09:29:01","guid":{"rendered":"https:\/\/mecahealth.com\/?page_id=1142"},"modified":"2023-03-03T02:53:31","modified_gmt":"2023-03-03T01:53:31","slug":"pathologie-douleur-nerveuse","status":"publish","type":"page","link":"https:\/\/mecahealth.com\/?page_id=1142","title":{"rendered":"Pathologie : douleur nerveuse \/ n\u00e9vralgie"},"content":{"rendered":"\n<p><a href=\"https:\/\/mecahealth.com\/?page_id=122\">Attention \u00e0 lire les consignes avant de lire toute page d&rsquo;un site sant\u00e9 !<\/a><\/p>\n\n\n\n<figure class=\"wp-block-image size-full is-style-rounded\"><img loading=\"lazy\" decoding=\"async\" width=\"330\" height=\"330\" src=\"https:\/\/mecahealth.com\/wp-content\/uploads\/2023\/03\/MecaHealth-douleurs-sciatalgie.jpg\" alt=\"\" class=\"wp-image-4430\" srcset=\"https:\/\/mecahealth.com\/wp-content\/uploads\/2023\/03\/MecaHealth-douleurs-sciatalgie.jpg 330w, https:\/\/mecahealth.com\/wp-content\/uploads\/2023\/03\/MecaHealth-douleurs-sciatalgie-300x300.jpg 300w, https:\/\/mecahealth.com\/wp-content\/uploads\/2023\/03\/MecaHealth-douleurs-sciatalgie-150x150.jpg 150w\" sizes=\"auto, (max-width: 330px) 100vw, 330px\" \/><\/figure>\n\n\n\n<p class=\"has-medium-font-size\">Le signe le plus caract\u00e9ristique d&rsquo;une douleur d&rsquo;origine nerveuse, appel\u00e9e n\u00e9vralgie, est en g\u00e9n\u00e9ral une douleur suivant une <strong>direction bien pr\u00e9cise<\/strong>. Elle est rarement verticale \u00e0 hauteur du tronc mais bien au niveau des jambes. Cette douleur n&rsquo;a rien \u00e0 voir directement avec la nervosit\u00e9 d&rsquo;une personne.<\/p>\n\n\n\n<p class=\"has-medium-font-size\">Elle survient de mani\u00e8re permanente ou brusquement <strong>tel un coup de poignard<\/strong>. Elle s&rsquo;accompagne souvent de tensions musculaires douloureuses et parfois de maux articulaires. Dans le cas du dos, ce type de \u00ab\u00a0douleurs accompagnatrices\u00a0\u00bb est <a href=\"https:\/\/mecahealth.com\/?page_id=1132\" data-type=\"page\" data-id=\"1132\">horizontal ou vertical<\/a>.<\/p>\n\n\n\n<p class=\"has-medium-font-size\">La racine nerveuse &#8211; d\u00e9but du nerf sortant de la colonne vert\u00e9brale &#8211; est souvent encore plus sensible que son trajet. Il n&rsquo;est pas conseill\u00e9 de pousser dessus au risque de l&rsquo;irriter. Nous \u00e9viterons de le consid\u00e9rer comme un point exquis. Le nerf touch\u00e9 est la plupart du temps celui sortant entre deux vert\u00e8bres situ\u00e9es aux <a href=\"https:\/\/mecahealth.com\/?page_id=971\" data-type=\"page\" data-id=\"971\">sommets math\u00e9matiques des courbures<\/a>.<\/p>\n\n\n\n<p class=\"has-medium-font-size\">Parfois de mani\u00e8re insidieuse, le nerf ne se fait pas ressentir sur toute sa longueur ; principalement lorsque le nerf sciatique ou crural est atteint. Il r\u00e9veille la sensibilit\u00e9 de la jambe sans que cela ne fasse mal. Par contre, si une structure est ab\u00eem\u00e9e ou fatigu\u00e9e, celle-ci sera sensible sans que nous pensions que le nerf est responsable d&rsquo;une part du mal.<\/p>\n\n\n\n<p class=\"has-medium-font-size\">Il faut d\u00e8s lors <a href=\"https:\/\/mecahealth.com\/?page_id=1055\" data-type=\"page\" data-id=\"1055\">essayer de le d\u00e9gager<\/a> et de <a href=\"https:\/\/mecahealth.com\/?page_id=1166\" data-type=\"page\" data-id=\"1166\">lib\u00e9rer les tensions musculaires<\/a> souvent responsables initialement de l&rsquo;apparition de la douleur nerveuse en respectant les normes de la zone touch\u00e9e.<\/p>\n\n\n\n<h2 class=\"has-medium-font-size wp-block-heading\">Revenir \u00e0 la page <em><a href=\"https:\/\/mecahealth.com\/?page_id=1136\" data-type=\"page\" data-id=\"1136\">Douleurs<\/a><\/em> ou <a href=\"https:\/\/mecahealth.com\/?page_id=1874\" data-type=\"page\" data-id=\"1874\"><em>Diff\u00e9rentes formes de douleurs<\/em><\/a><\/h2>\n","protected":false},"excerpt":{"rendered":"<p>Attention \u00e0 lire les consignes avant de lire toute page d&rsquo;un site sant\u00e9 ! Le signe le plus caract\u00e9ristique d&rsquo;une douleur d&rsquo;origine nerveuse, appel\u00e9e n\u00e9vralgie, est en g\u00e9n\u00e9ral une douleur suivant une direction bien pr\u00e9cise. Elle est rarement verticale \u00e0 hauteur du tronc mais bien au niveau des jambes. Cette<a href=\"https:\/\/mecahealth.com\/?page_id=1142\" class=\"read-more\">Read More&#8230;<\/a><\/p>\n","protected":false},"author":1,"featured_media":0,"parent":0,"menu_order":0,"comment_status":"closed","ping_status":"closed","template":"","meta":{"footnotes":""},"class_list":["post-1142","page","type-page","status-publish","hentry"],"jetpack_sharing_enabled":true,"_links":{"self":[{"href":"https:\/\/mecahealth.com\/index.php?rest_route=\/wp\/v2\/pages\/1142","targetHints":{"allow":["GET"]}}],"collection":[{"href":"https:\/\/mecahealth.com\/index.php?rest_route=\/wp\/v2\/pages"}],"about":[{"href":"https:\/\/mecahealth.com\/index.php?rest_route=\/wp\/v2\/types\/page"}],"author":[{"embeddable":true,"href":"https:\/\/mecahealth.com\/index.php?rest_route=\/wp\/v2\/users\/1"}],"replies":[{"embeddable":true,"href":"https:\/\/mecahealth.com\/index.php?rest_route=%2Fwp%2Fv2%2Fcomments&post=1142"}],"version-history":[{"count":6,"href":"https:\/\/mecahealth.com\/index.php?rest_route=\/wp\/v2\/pages\/1142\/revisions"}],"predecessor-version":[{"id":4465,"href":"https:\/\/mecahealth.com\/index.php?rest_route=\/wp\/v2\/pages\/1142\/revisions\/4465"}],"wp:attachment":[{"href":"https:\/\/mecahealth.com\/index.php?rest_route=%2Fwp%2Fv2%2Fmedia&parent=1142"}],"curies":[{"name":"wp","href":"https:\/\/api.w.org\/{rel}","templated":true}]}}