{"id":1136,"date":"2023-01-14T10:28:19","date_gmt":"2023-01-14T09:28:19","guid":{"rendered":"https:\/\/mecahealth.com\/?page_id=1136"},"modified":"2024-10-12T16:28:47","modified_gmt":"2024-10-12T14:28:47","slug":"pathologie-douleurs","status":"publish","type":"page","link":"https:\/\/mecahealth.com\/?page_id=1136","title":{"rendered":"Pathologie : douleurs"},"content":{"rendered":"\n<p class=\"has-medium-font-size\"><a href=\"https:\/\/mecahealth.com\/?page_id=122\">Attention \u00e0 lire les consignes avant de lire toute page d&rsquo;un site sant\u00e9 !<\/a><\/p>\n\n\n\n<figure class=\"wp-block-image size-full is-style-rounded\"><img loading=\"lazy\" decoding=\"async\" width=\"330\" height=\"330\" src=\"https:\/\/mecahealth.com\/wp-content\/uploads\/2023\/03\/MecaHealth-douleurs-nuque.jpg\" alt=\"\" class=\"wp-image-4409\" srcset=\"https:\/\/mecahealth.com\/wp-content\/uploads\/2023\/03\/MecaHealth-douleurs-nuque.jpg 330w, https:\/\/mecahealth.com\/wp-content\/uploads\/2023\/03\/MecaHealth-douleurs-nuque-300x300.jpg 300w, https:\/\/mecahealth.com\/wp-content\/uploads\/2023\/03\/MecaHealth-douleurs-nuque-150x150.jpg 150w\" sizes=\"auto, (max-width: 330px) 100vw, 330px\" \/><\/figure>\n\n\n\n<h2 class=\"wp-block-heading has-medium-font-size\">Apprendre \u00e0 d\u00e9crire son mal pour un meilleur diagnostic<\/h2>\n\n\n\n<p class=\"has-medium-font-size\">Si pr\u00e9alablement, <a href=\"https:\/\/mecahealth.com\/?page_id=1879\" data-type=\"page\" data-id=\"1879\">nous avons analys\u00e9 correctement notre mal<\/a>, nous devrions pouvoir aider le th\u00e9rapeute \u00e0 \u00e9tablir plus rapidement et pr\u00e9cis\u00e9ment le traitement le plus appropri\u00e9 ; le th\u00e9rapeute n&rsquo;\u00e9tant pas (toujours) une machine infaillible d\u00e9nou\u00e9e de subjectivit\u00e9.<\/p>\n\n\n\n<p class=\"has-medium-font-size\">La description de ce qui est \u00e0 analyser par soi-m\u00eame avant une consultation peut se r\u00e9sumer en 4 r\u00e8gles :<\/p>\n\n\n\n<ol style=\"list-style-type:1\" class=\"has-medium-font-size wp-block-list\">\n<li><a data-type=\"page\" data-id=\"1873\" href=\"https:\/\/mecahealth.com\/?page_id=1873\">Ant\u00e9c\u00e9dents et g\u00e9n\u00e9ralit\u00e9s<\/a><\/li>\n\n\n\n<li><a data-type=\"page\" data-id=\"1874\" href=\"https:\/\/mecahealth.com\/?page_id=1874\">Localisation et formes de la douleur<\/a><\/li>\n\n\n\n<li><a data-type=\"page\" data-id=\"1876\" href=\"https:\/\/mecahealth.com\/?page_id=1876\">Distinguer les diff\u00e9rentes informations<\/a><\/li>\n\n\n\n<li><a href=\"https:\/\/mecahealth.com\/?page_id=1877\" data-type=\"page\" data-id=\"1877\">Noter<\/a><\/li>\n<\/ol>\n\n\n\n<p class=\"has-medium-font-size\">(&#8230;)<\/p>\n\n\n\n<h2 class=\"wp-block-heading has-medium-font-size\">Revenir au chapitre <em><a href=\"https:\/\/mecahealth.com\/?page_id=180\" data-type=\"URL\" data-id=\"https:\/\/mecahealth.com\/?page_id=180\">Normalit\u00e9<\/a><\/em><\/h2>\n","protected":false},"excerpt":{"rendered":"<p>Attention \u00e0 lire les consignes avant de lire toute page d&rsquo;un site sant\u00e9 ! Apprendre \u00e0 d\u00e9crire son mal pour un meilleur diagnostic Si pr\u00e9alablement, nous avons analys\u00e9 correctement notre mal, nous devrions pouvoir aider le th\u00e9rapeute \u00e0 \u00e9tablir plus rapidement et pr\u00e9cis\u00e9ment le traitement le plus appropri\u00e9 ; le<a href=\"https:\/\/mecahealth.com\/?page_id=1136\" class=\"read-more\">Read More&#8230;<\/a><\/p>\n","protected":false},"author":1,"featured_media":0,"parent":0,"menu_order":0,"comment_status":"closed","ping_status":"closed","template":"","meta":{"footnotes":""},"class_list":["post-1136","page","type-page","status-publish","hentry"],"jetpack_sharing_enabled":true,"_links":{"self":[{"href":"https:\/\/mecahealth.com\/index.php?rest_route=\/wp\/v2\/pages\/1136","targetHints":{"allow":["GET"]}}],"collection":[{"href":"https:\/\/mecahealth.com\/index.php?rest_route=\/wp\/v2\/pages"}],"about":[{"href":"https:\/\/mecahealth.com\/index.php?rest_route=\/wp\/v2\/types\/page"}],"author":[{"embeddable":true,"href":"https:\/\/mecahealth.com\/index.php?rest_route=\/wp\/v2\/users\/1"}],"replies":[{"embeddable":true,"href":"https:\/\/mecahealth.com\/index.php?rest_route=%2Fwp%2Fv2%2Fcomments&post=1136"}],"version-history":[{"count":13,"href":"https:\/\/mecahealth.com\/index.php?rest_route=\/wp\/v2\/pages\/1136\/revisions"}],"predecessor-version":[{"id":7357,"href":"https:\/\/mecahealth.com\/index.php?rest_route=\/wp\/v2\/pages\/1136\/revisions\/7357"}],"wp:attachment":[{"href":"https:\/\/mecahealth.com\/index.php?rest_route=%2Fwp%2Fv2%2Fmedia&parent=1136"}],"curies":[{"name":"wp","href":"https:\/\/api.w.org\/{rel}","templated":true}]}}