{"id":1134,"date":"2023-01-14T10:28:05","date_gmt":"2023-01-14T09:28:05","guid":{"rendered":"https:\/\/mecahealth.com\/?page_id=1134"},"modified":"2023-01-15T10:48:00","modified_gmt":"2023-01-15T09:48:00","slug":"pathologie-douleur-inflammatoire","status":"publish","type":"page","link":"https:\/\/mecahealth.com\/?page_id=1134","title":{"rendered":"Pathologie : douleur inflammatoire"},"content":{"rendered":"\n<p><a href=\"https:\/\/mecahealth.com\/?page_id=122\">Attention \u00e0 lire les consignes avant de lire toute page d&rsquo;un site sant\u00e9 !<\/a><\/p>\n\n\n\n<figure class=\"wp-block-image size-large is-resized is-style-rounded\"><img loading=\"lazy\" decoding=\"async\" src=\"https:\/\/mecahealth.com\/wp-content\/uploads\/2023\/01\/Baleines-symetrique-carre-1024x1024.jpg\" alt=\"\" class=\"wp-image-357\" width=\"330\" height=\"330\" srcset=\"https:\/\/mecahealth.com\/wp-content\/uploads\/2023\/01\/Baleines-symetrique-carre-1024x1024.jpg 1024w, https:\/\/mecahealth.com\/wp-content\/uploads\/2023\/01\/Baleines-symetrique-carre-300x300.jpg 300w, https:\/\/mecahealth.com\/wp-content\/uploads\/2023\/01\/Baleines-symetrique-carre-150x150.jpg 150w, https:\/\/mecahealth.com\/wp-content\/uploads\/2023\/01\/Baleines-symetrique-carre-768x768.jpg 768w, https:\/\/mecahealth.com\/wp-content\/uploads\/2023\/01\/Baleines-symetrique-carre.jpg 1126w\" sizes=\"auto, (max-width: 330px) 100vw, 330px\" \/><\/figure>\n\n\n\n<p>Diff\u00e9rentes pathologies m\u00e9caniques ainsi que certaines psychiques&#8230;<\/p>\n\n\n\n<p>Chaud froid<\/p>\n\n\n\n<p> Traitement de points m\u00e9rit\u00e9s sur ON intervient tard plus il est difficile de r\u00e9duire le mal<\/p>\n\n\n\n<p> Il ne faut pas attendre trop longtemps avant de consulter mes toujours attendre environ trois jours pour voir si le m\u00e2le ne passe pas tout seuls <\/p>\n\n\n\n<p> ou est la poule ou est l&rsquo;\u0153uf<\/p>\n\n\n\n<p>Les douleurs inflammatoires s&rsquo;expriment diff\u00e9remment en fonction de leur localisation.<\/p>\n\n\n\n<p>Les premiers signes d&rsquo;une inflammation sont : douleur, rougeur &amp; chaleur.<\/p>\n\n\n\n<p>La douleur est plus g\u00e9n\u00e9ralement diffuse et non cantonn\u00e9e \u00e0 un point pr\u00e9cis.<\/p>\n\n\n\n<p>Le point pr\u00e9cis sera sensible mais plut\u00f4t au contact ou plus pr\u00e9cis\u00e9ment \u00e0 la pression.<\/p>\n\n\n\n<p>La douleur est d\u00e9finie souvent comme chaude.<\/p>\n\n\n\n<p>La douleur d\u00e9finie comme froide est g\u00e9n\u00e9ralement d&rsquo;origine circulatoire. Seulement, en fonction de diff\u00e9rents facteurs, il arrive qu&rsquo;une douleur chaude soit principalement d&rsquo;origine circulatoire malgr\u00e9 tout. Si apr\u00e8s quelques minutes de mouvements mod\u00e9r\u00e9s la sensation de chaleur diminue, cela peut \u00eatre en r\u00e9alit\u00e9 un trouble circulatoire menant \u00e0 une tendance inflammatoire et non pas sp\u00e9cialement l&rsquo;inverse.<\/p>\n\n\n\n<p>M\u00eame si dans ce cas on peut consid\u00e9rer qu&rsquo;il y a inflammation, des mouvements l\u00e9gers et non pas trop souvent r\u00e9p\u00e9t\u00e9s en cours de journ\u00e9e sont \u00e0 conseiller (sauf pathologie particuli\u00e8re).<\/p>\n\n\n\n<p>L&rsquo;inflammation est r\u00e9duite sinon par le repos et par le froid. Seulement, si la cause est d&rsquo;origine musculaire, il est parfois pr\u00e9f\u00e9rable de mettre du chaud sur les muscles avoisinant l&rsquo;inflammation &lt;b>et non sur l&rsquo;inflammation.<\/p>\n\n\n\n<p>Le froid entra\u00eene en effet dans certains cas, une r\u00e9traction des muscles telle que la pression sur la partie irrit\u00e9e est accrue et que le mal se fasse ressentir encore plus&#8230;<\/p>\n\n\n\n<p>Si c&rsquo;est le nerf qui est inflamm\u00e9, cela peut se traduire de diff\u00e9rentes mani\u00e8res telles que la douleur en coup de poignard.<\/p>\n\n\n\n<p>La douleur inflammatoire diminue plus r\u00e9guli\u00e8rement le matin et augmente.<\/p>\n\n\n\n<p>Revenir \u00e0 la news Diff\u00e9rentes formes de douleur<\/p>\n\n\n\n<p><a data-type=\"URL\" data-id=\"https:\/\/mecahealth.com\/?page_id=180\" href=\"https:\/\/mecahealth.com\/?page_id=180\">Revenir au chapitre normalit\u00e9<\/a><\/p>\n","protected":false},"excerpt":{"rendered":"<p>Attention \u00e0 lire les consignes avant de lire toute page d&rsquo;un site sant\u00e9 ! Diff\u00e9rentes pathologies m\u00e9caniques ainsi que certaines psychiques&#8230; Chaud froid Traitement de points m\u00e9rit\u00e9s sur ON intervient tard plus il est difficile de r\u00e9duire le mal Il ne faut pas attendre trop longtemps avant de consulter mes<a href=\"https:\/\/mecahealth.com\/?page_id=1134\" class=\"read-more\">Read More&#8230;<\/a><\/p>\n","protected":false},"author":1,"featured_media":0,"parent":0,"menu_order":0,"comment_status":"open","ping_status":"closed","template":"","meta":{"footnotes":""},"class_list":["post-1134","page","type-page","status-publish","hentry"],"jetpack_sharing_enabled":true,"_links":{"self":[{"href":"https:\/\/mecahealth.com\/index.php?rest_route=\/wp\/v2\/pages\/1134","targetHints":{"allow":["GET"]}}],"collection":[{"href":"https:\/\/mecahealth.com\/index.php?rest_route=\/wp\/v2\/pages"}],"about":[{"href":"https:\/\/mecahealth.com\/index.php?rest_route=\/wp\/v2\/types\/page"}],"author":[{"embeddable":true,"href":"https:\/\/mecahealth.com\/index.php?rest_route=\/wp\/v2\/users\/1"}],"replies":[{"embeddable":true,"href":"https:\/\/mecahealth.com\/index.php?rest_route=%2Fwp%2Fv2%2Fcomments&post=1134"}],"version-history":[{"count":3,"href":"https:\/\/mecahealth.com\/index.php?rest_route=\/wp\/v2\/pages\/1134\/revisions"}],"predecessor-version":[{"id":1298,"href":"https:\/\/mecahealth.com\/index.php?rest_route=\/wp\/v2\/pages\/1134\/revisions\/1298"}],"wp:attachment":[{"href":"https:\/\/mecahealth.com\/index.php?rest_route=%2Fwp%2Fv2%2Fmedia&parent=1134"}],"curies":[{"name":"wp","href":"https:\/\/api.w.org\/{rel}","templated":true}]}}