{"id":1127,"date":"2023-01-14T10:25:09","date_gmt":"2023-01-14T09:25:09","guid":{"rendered":"https:\/\/mecahealth.com\/?page_id=1127"},"modified":"2023-11-20T01:04:16","modified_gmt":"2023-11-20T00:04:16","slug":"normalite-decoordination-respiratoire","status":"publish","type":"page","link":"https:\/\/mecahealth.com\/?page_id=1127","title":{"rendered":"Normalit\u00e9 : d\u00e9coordination respiratoire"},"content":{"rendered":"\n<p class=\"has-medium-font-size\"><a href=\"https:\/\/mecahealth.com\/?page_id=122\">Attention \u00e0 lire les consignes avant de lire toute page d&rsquo;un site sant\u00e9 !<\/a><\/p>\n\n\n\n<figure class=\"wp-block-image size-large is-style-rounded\"><img loading=\"lazy\" decoding=\"async\" width=\"330\" height=\"330\" src=\"https:\/\/mecahealth.com\/wp-content\/uploads\/2023\/01\/MecaHealth-debout.jpg\" alt=\"\" class=\"wp-image-426\" srcset=\"https:\/\/mecahealth.com\/wp-content\/uploads\/2023\/01\/MecaHealth-debout.jpg 330w, https:\/\/mecahealth.com\/wp-content\/uploads\/2023\/01\/MecaHealth-debout-300x300.jpg 300w, https:\/\/mecahealth.com\/wp-content\/uploads\/2023\/01\/MecaHealth-debout-150x150.jpg 150w\" sizes=\"auto, (max-width: 330px) 100vw, 330px\" \/><\/figure>\n\n\n\n<p class=\"has-medium-font-size\">La d\u00e9coordination respiratoire correspond \u00e0 maintenir, <a href=\"https:\/\/mecahealth.com\/?page_id=487\" data-type=\"page\" data-id=\"487\">apr\u00e8s un \u00e9ventuel blocage<\/a>, une respiration plus ou moins profonde selon les efforts en cours mais \u00e0 un rythme lent sans qu&rsquo;il ne se calque donc sur le rythme des mouvements en cours. Contrairement \u00e0 certaines techniques de d\u00e9veloppement respiratoire durant lesquelles il est demand\u00e9, comme sur la photo ci-dessus, d&rsquo;ouvrir la cage thoracique en ouvrant les bras \u00e0 l&rsquo;inspiration et de faire l&rsquo;inverse \u00e0 l&rsquo;expiration, en dehors de cet objectif et donc de cet exercice, il sera pr\u00e9f\u00e9rable d&rsquo;\u00e9viter de mixer mouvement et respiration. En effet, \u00e0 votre avis qu&rsquo;adviendra-t-il si vous commencez \u00e0 acc\u00e9l\u00e9rer le mouvement des bras pour mimer l&rsquo;envol d&rsquo;un oiseau ? Dans un premier en tout cas, la respiration tenterait de suivre ce rythme emp\u00eachant de respirer dans une amplitude suffisante pour apporter l&rsquo;oxyg\u00e8ne suffisant pour cet effort ou un autre.<\/p>\n\n\n\n<p class=\"has-medium-font-size\">Apprenez donc \u00e0 <a href=\"https:\/\/mecahealth.com\/?page_id=257\" data-type=\"page\" data-id=\"257\">vous relever et vous asseoir<\/a> en respirant lentement sans bloquer mais certainement jamais en inspirant pour la mont\u00e9e ou la descente et <a href=\"https:\/\/mecahealth.com\/?page_id=280\" data-type=\"page\" data-id=\"280\">encore moins en respirant dans le ventre<\/a>. Si vous utilisiez ce mouvement en guise d&rsquo;exercice et que vous le r\u00e9p\u00e9tiez une vingtaine de fois, il ne faudrait pas acc\u00e9l\u00e9rer le mouvement d&rsquo;inspiration et d&rsquo;expiration mais en augmenter la profondeur.<\/p>\n\n\n\n<p class=\"has-medium-font-size\">La coordination respiratoire n&rsquo;est valable quasiment que pour <a href=\"https:\/\/mecahealth.com\/?page_id=841\" data-type=\"page\" data-id=\"841\">nager<\/a> &#8211; sauf si on veut boire la tasse &#8211; et pour le kiai durant les <a href=\"https:\/\/mecahealth.com\/?page_id=810\" data-type=\"page\" data-id=\"810\">arts martiaux<\/a>. Comme nous sommes contre la pratique de l&rsquo;halt\u00e9rophilie, difficile pour nous de dire que dans cette situation \u00e9galement, il est logique de devoir r\u00e9aliser une coordination pour un peu moins se d\u00e9truire le dos et donner l&rsquo;impulsion d&rsquo;une intense propulsion (&#8230;).<\/p>\n\n\n\n<p class=\"has-medium-font-size\">En <a href=\"https:\/\/mecahealth.com\/?page_id=787\" data-type=\"page\" data-id=\"787\">montant des escaliers<\/a>, en <a href=\"https:\/\/mecahealth.com\/?page_id=428\" data-type=\"page\" data-id=\"428\">marchant<\/a>, en <a href=\"https:\/\/mecahealth.com\/?page_id=266\" data-type=\"page\" data-id=\"266\">cuisinant<\/a>, etc. donc dans <a href=\"https:\/\/mecahealth.com\/?page_id=186\" data-type=\"page\" data-id=\"186\">toutes les situations courantes<\/a>, il en sera de m\u00eame et vous vous en porterez mieux <a href=\"https:\/\/mecahealth.com\/?page_id=998\" data-type=\"page\" data-id=\"998\">physiquement et bien souvent psychiquement<\/a>&#8230;<\/p>\n\n\n\n<p class=\"has-medium-font-size\">(&#8230;)<\/p>\n\n\n\n<h2 class=\"wp-block-heading has-medium-font-size\">Revenir au chapitre <em><a href=\"https:\/\/mecahealth.com\/?page_id=600\" data-type=\"page\" data-id=\"600\">Syst\u00e8me respiratoire<\/a><\/em> ou \u00e0 la page <a href=\"https:\/\/mecahealth.com\/?page_id=280\" data-type=\"page\" data-id=\"280\"><em>Respirer<\/em><\/a><\/h2>\n","protected":false},"excerpt":{"rendered":"<p>Attention \u00e0 lire les consignes avant de lire toute page d&rsquo;un site sant\u00e9 ! La d\u00e9coordination respiratoire correspond \u00e0 maintenir, apr\u00e8s un \u00e9ventuel blocage, une respiration plus ou moins profonde selon les efforts en cours mais \u00e0 un rythme lent sans qu&rsquo;il ne se calque donc sur le rythme des<a href=\"https:\/\/mecahealth.com\/?page_id=1127\" class=\"read-more\">Read More&#8230;<\/a><\/p>\n","protected":false},"author":1,"featured_media":0,"parent":0,"menu_order":0,"comment_status":"closed","ping_status":"closed","template":"","meta":{"footnotes":""},"class_list":["post-1127","page","type-page","status-publish","hentry"],"jetpack_sharing_enabled":true,"_links":{"self":[{"href":"https:\/\/mecahealth.com\/index.php?rest_route=\/wp\/v2\/pages\/1127","targetHints":{"allow":["GET"]}}],"collection":[{"href":"https:\/\/mecahealth.com\/index.php?rest_route=\/wp\/v2\/pages"}],"about":[{"href":"https:\/\/mecahealth.com\/index.php?rest_route=\/wp\/v2\/types\/page"}],"author":[{"embeddable":true,"href":"https:\/\/mecahealth.com\/index.php?rest_route=\/wp\/v2\/users\/1"}],"replies":[{"embeddable":true,"href":"https:\/\/mecahealth.com\/index.php?rest_route=%2Fwp%2Fv2%2Fcomments&post=1127"}],"version-history":[{"count":7,"href":"https:\/\/mecahealth.com\/index.php?rest_route=\/wp\/v2\/pages\/1127\/revisions"}],"predecessor-version":[{"id":6472,"href":"https:\/\/mecahealth.com\/index.php?rest_route=\/wp\/v2\/pages\/1127\/revisions\/6472"}],"wp:attachment":[{"href":"https:\/\/mecahealth.com\/index.php?rest_route=%2Fwp%2Fv2%2Fmedia&parent=1127"}],"curies":[{"name":"wp","href":"https:\/\/api.w.org\/{rel}","templated":true}]}}