{"id":1121,"date":"2023-01-14T10:22:07","date_gmt":"2023-01-14T09:22:07","guid":{"rendered":"https:\/\/mecahealth.com\/?page_id=1121"},"modified":"2023-12-14T21:24:06","modified_gmt":"2023-12-14T20:24:06","slug":"corps-chaines-musculaires","status":"publish","type":"page","link":"https:\/\/mecahealth.com\/?page_id=1121","title":{"rendered":"Corps : cha\u00eenes musculaires"},"content":{"rendered":"\n<p><a href=\"https:\/\/mecahealth.com\/?page_id=122\"><\/a><a style=\"font-size: revert;\" href=\"https:\/\/mecahealth.com\/?page_id=122\">Attention \u00e0 lire les consignes avant de lire toute page d&rsquo;un site sant\u00e9 !<\/a> <\/p>\n\n\n\n<figure class=\"wp-block-image size-large is-resized is-style-rounded\"><img loading=\"lazy\" decoding=\"async\" src=\"https:\/\/mecahealth.com\/wp-content\/uploads\/2023\/01\/MH-Planche-genou-1024x1024.jpg\" alt=\"\" class=\"wp-image-746\" width=\"330\" height=\"330\" srcset=\"https:\/\/mecahealth.com\/wp-content\/uploads\/2023\/01\/MH-Planche-genou-1024x1024.jpg 1024w, https:\/\/mecahealth.com\/wp-content\/uploads\/2023\/01\/MH-Planche-genou-300x300.jpg 300w, https:\/\/mecahealth.com\/wp-content\/uploads\/2023\/01\/MH-Planche-genou-150x150.jpg 150w, https:\/\/mecahealth.com\/wp-content\/uploads\/2023\/01\/MH-Planche-genou-768x767.jpg 768w, https:\/\/mecahealth.com\/wp-content\/uploads\/2023\/01\/MH-Planche-genou.jpg 1349w\" sizes=\"auto, (max-width: 330px) 100vw, 330px\" \/><\/figure>\n\n\n\n<p class=\"has-medium-font-size\">En r\u00e9sum\u00e9, le concept des cha\u00eenes musculaires est celui qui consiste \u00e0 tenir compte du fait, lors d&rsquo;un <a href=\"https:\/\/mecahealth.com\/?page_id=1166\" data-type=\"page\" data-id=\"1166\">\u00e9tirement<\/a> et de <a href=\"https:\/\/mecahealth.com\/?page_id=1923\" data-type=\"page\" data-id=\"1923\">postures<\/a>, qu&rsquo;un muscle se rattache toujours \u00e0 un autre si pas de mani\u00e8re directe, de mani\u00e8re indirecte par des liaisons telles que les <a href=\"https:\/\/mecahealth.com\/?page_id=6502\" data-type=\"page\" data-id=\"6502\">fascias<\/a>.<\/p>\n\n\n\n<p class=\"has-medium-font-size\">Les fascias sont ces structures blanch\u00e2tres que l&rsquo;on retrouve par exemple dans certaines parties du steak. Ces structures permettent \u00e0 la fois de faire glisser les <a href=\"https:\/\/mecahealth.com\/?page_id=529\" data-type=\"page\" data-id=\"529\">muscles<\/a> l&rsquo;un sur l&rsquo;autre mais aussi de les soutenir dans leurs directions.<\/p>\n\n\n\n<p class=\"has-medium-font-size\">C&rsquo;est par ce ph\u00e9nom\u00e8ne de cha\u00eenes qu&rsquo;il est plus facile de comprendre qu&rsquo;une <a href=\"https:\/\/mecahealth.com\/?page_id=1923\" data-type=\"page\" data-id=\"1923\">personne debout<\/a>, jambes tendues, ait plus de difficult\u00e9s musculaires \u00e0 toucher le sol que lorsque les jambes sont l\u00e9g\u00e8rement pli\u00e9es et qu&rsquo;il ait encore plus difficile si les pieds et les orteils sont relev\u00e9s.<\/p>\n\n\n\n<p class=\"has-medium-font-size\">Le concept des cha\u00eenes musculaires a l&rsquo;avantage une fois ma\u00eetris\u00e9, de permettre d&rsquo;\u00e9tirer localement une zone de mani\u00e8re relativement pr\u00e9cise ou d&rsquo;\u00e9tirer globalement une cha\u00eene compl\u00e8te. Penser \u00e9tirer un muscle seul (analytique) est peu coh\u00e9rent puisque dans toute attitude, dans tout mouvement, c&rsquo;est un groupe musculaire entier qui travaille et non pas seulement un muscle unique.<\/p>\n\n\n\n<p class=\"has-medium-font-size\">En r\u00e9sum\u00e9 toujours, pour obtenir un bon \u00e9tirement de cha\u00eenes musculaires, il est n\u00e9cessaire d&rsquo;essayer de faire intervenir un maximum d&rsquo;<a href=\"https:\/\/mecahealth.com\/?page_id=525\" data-type=\"page\" data-id=\"525\">articulations<\/a> possibles dans l&rsquo;\u00e9tirement souhait\u00e9.<\/p>\n\n\n\n<p class=\"has-medium-font-size\">Id\u00e9alement, l&rsquo;\u00e9tirement se fera dans le respect des directions musculaires. Ces directions sont partiellement d\u00e9crites dans les diff\u00e9rents mouvements d\u00e9taill\u00e9s dans le site ou dans les news Normalit\u00e9s des diff\u00e9rents chapitres de la rubrique <a href=\"https:\/\/mecahealth.com\/?page_id=75\" data-type=\"page\" data-id=\"75\"><em>Corps m\u00e9canique (musculo-articulaire)<\/em><\/a>.<\/p>\n\n\n\n<p class=\"has-medium-font-size\">Ces mouvements peuvent \u00eatre trouv\u00e9s par soi-m\u00eame par des personnes \u00e0 l&rsquo;\u00e9coute de leur corps et sentant que dans une position \u00e9tir\u00e9e, la moindre rotation d&rsquo;une articulation, la moindre flexion suppl\u00e9mentaire va donner un effet sur le stretching. Cet effet doit \u00eatre une augmentation de la sensibilit\u00e9 d&rsquo;\u00e9tirement et non une sensation de pression sur une articulation.<\/p>\n\n\n\n<p class=\"has-medium-font-size\">Exemple : \u00e0 suivre<\/p>\n\n\n\n<h2 class=\"wp-block-heading has-medium-font-size\">Revenir \u00e0 la page <a href=\"https:\/\/mecahealth.com\/?page_id=1166\" data-type=\"page\" data-id=\"1166\"><em>Etirements \/ stretching<\/em><\/a>, <a href=\"https:\/\/mecahealth.com\/?page_id=529\" data-type=\"page\" data-id=\"529\"><em>Muscle<\/em><\/a>, etc.<\/h2>\n","protected":false},"excerpt":{"rendered":"<p>Attention \u00e0 lire les consignes avant de lire toute page d&rsquo;un site sant\u00e9 ! En r\u00e9sum\u00e9, le concept des cha\u00eenes musculaires est celui qui consiste \u00e0 tenir compte du fait, lors d&rsquo;un \u00e9tirement et de postures, qu&rsquo;un muscle se rattache toujours \u00e0 un autre si pas de mani\u00e8re directe, de<a href=\"https:\/\/mecahealth.com\/?page_id=1121\" class=\"read-more\">Read More&#8230;<\/a><\/p>\n","protected":false},"author":1,"featured_media":0,"parent":0,"menu_order":0,"comment_status":"closed","ping_status":"closed","template":"","meta":{"footnotes":""},"class_list":["post-1121","page","type-page","status-publish","hentry"],"jetpack_sharing_enabled":true,"_links":{"self":[{"href":"https:\/\/mecahealth.com\/index.php?rest_route=\/wp\/v2\/pages\/1121","targetHints":{"allow":["GET"]}}],"collection":[{"href":"https:\/\/mecahealth.com\/index.php?rest_route=\/wp\/v2\/pages"}],"about":[{"href":"https:\/\/mecahealth.com\/index.php?rest_route=\/wp\/v2\/types\/page"}],"author":[{"embeddable":true,"href":"https:\/\/mecahealth.com\/index.php?rest_route=\/wp\/v2\/users\/1"}],"replies":[{"embeddable":true,"href":"https:\/\/mecahealth.com\/index.php?rest_route=%2Fwp%2Fv2%2Fcomments&post=1121"}],"version-history":[{"count":11,"href":"https:\/\/mecahealth.com\/index.php?rest_route=\/wp\/v2\/pages\/1121\/revisions"}],"predecessor-version":[{"id":6872,"href":"https:\/\/mecahealth.com\/index.php?rest_route=\/wp\/v2\/pages\/1121\/revisions\/6872"}],"wp:attachment":[{"href":"https:\/\/mecahealth.com\/index.php?rest_route=%2Fwp%2Fv2%2Fmedia&parent=1121"}],"curies":[{"name":"wp","href":"https:\/\/api.w.org\/{rel}","templated":true}]}}