{"id":1113,"date":"2023-01-17T10:17:30","date_gmt":"2023-01-17T09:17:30","guid":{"rendered":"https:\/\/mecahealth.com\/?page_id=1113"},"modified":"2023-12-01T10:43:29","modified_gmt":"2023-12-01T09:43:29","slug":"normalite-bras-de-levier-asymetrie","status":"publish","type":"page","link":"https:\/\/mecahealth.com\/?page_id=1113","title":{"rendered":"Normalit\u00e9 : Bras de levier &amp; asym\u00e9trie"},"content":{"rendered":"\n<figure class=\"wp-block-image size-large is-style-rounded\"><img loading=\"lazy\" decoding=\"async\" width=\"330\" height=\"330\" src=\"https:\/\/mecahealth.com\/wp-content\/uploads\/2023\/01\/20230131_090808_0002.png\" alt=\"\" class=\"wp-image-2346\" srcset=\"https:\/\/mecahealth.com\/wp-content\/uploads\/2023\/01\/20230131_090808_0002.png 330w, https:\/\/mecahealth.com\/wp-content\/uploads\/2023\/01\/20230131_090808_0002-300x300.png 300w, https:\/\/mecahealth.com\/wp-content\/uploads\/2023\/01\/20230131_090808_0002-150x150.png 150w\" sizes=\"auto, (max-width: 330px) 100vw, 330px\" \/><\/figure>\n\n\n\n<p class=\"has-medium-font-size\">Le bras de levier correspond de mani\u00e8re tr\u00e8s sch\u00e9matique, \u00e0 placer une charge \u00e0 une certaine distance d&rsquo;un axe. Cet \u00e9loignement implique un mouvement ou une contrainte de l&rsquo;autre c\u00f4t\u00e9 de cet axe comme le fait le pied de biche.<\/p>\n\n\n\n<p class=\"has-medium-font-size\">Le pied de biche est une barre m\u00e9tallique compos\u00e9e d&rsquo;une longue portion au bout de laquelle on pousse, d&rsquo;un axe (dans ce cas, on parle plut\u00f4t d&rsquo;un coude) et d&rsquo;une petite portion o\u00f9 se trouve la force de pouss\u00e9e d\u00e9cupl\u00e9e.<\/p>\n\n\n\n<p class=\"has-medium-font-size\">Cette disproportion de force entre les deux extr\u00e9mit\u00e9s se calculent en multipliant la force de pouss\u00e9e (fp) par la longueur de la longue portion (L) et ensuite en divisant ce r\u00e9sultat par la longueur de la petite portion (l).<\/p>\n\n\n<div class=\"wp-block-image\">\n<figure class=\"alignleft size-full is-resized\"><img loading=\"lazy\" decoding=\"async\" width=\"330\" height=\"330\" src=\"https:\/\/mecahealth.com\/wp-content\/uploads\/2023\/02\/MecaHealth-pied-de-biche-mathematique.jpg\" alt=\"\" class=\"wp-image-3119\" style=\"width:180px;height:180px\" srcset=\"https:\/\/mecahealth.com\/wp-content\/uploads\/2023\/02\/MecaHealth-pied-de-biche-mathematique.jpg 330w, https:\/\/mecahealth.com\/wp-content\/uploads\/2023\/02\/MecaHealth-pied-de-biche-mathematique-300x300.jpg 300w, https:\/\/mecahealth.com\/wp-content\/uploads\/2023\/02\/MecaHealth-pied-de-biche-mathematique-150x150.jpg 150w\" sizes=\"auto, (max-width: 330px) 100vw, 330px\" \/><\/figure>\n<\/div>\n\n\n<p class=\"has-medium-font-size\">Ainsi, pour un grand pied de biche de 70 cm, en poussant de 40 kg, la force r\u00e9sultante sera de 2800 divis\u00e9 par les 5 cm de la petite portion, soit 560 kg. Normal que la dalle saute ou que le bois de la porte craque.<\/p>\n\n\n\n<p><\/p>\n\n\n\n<p><\/p>\n\n\n\n<p class=\"has-medium-font-size\">Dans le cas du corps,<strong> l&rsquo;axe le plus sollicit\u00e9 est situ\u00e9 \u00e0 hauteur des derni\u00e8res vert\u00e8bres lombaires, \u00e0 hauteur du <\/strong><strong><a data-type=\"page\" data-id=\"971\" href=\"https:\/\/mecahealth.com\/?page_id=971\">sommet de courbure<\/a><\/strong> mais \u00e9galement au niveau de l&rsquo;\u00e9paule (long <a href=\"https:\/\/mecahealth.com\/?page_id=1924\">biceps<\/a>) lors de <a href=\"https:\/\/mecahealth.com\/?page_id=186\">situations courantes<\/a> telles que <a href=\"https:\/\/mecahealth.com\/?page_id=295\">travailler avec une souris<\/a>, <a href=\"https:\/\/mecahealth.com\/?page_id=266\">cuisiner<\/a>, etc. <\/p>\n\n\n\n<p class=\"has-medium-font-size\">Le bras de levier \u00e9quivalent \u00e0 la longue portion du pied de biche n&rsquo;est pas toujours la longueur du membre mis en avant mais bien<strong> l&rsquo;ombre projet\u00e9e au sol de la partie qui se met en avant<\/strong>.<\/p>\n\n\n\n<figure class=\"wp-block-gallery has-nested-images columns-default is-cropped wp-block-gallery-1 is-layout-flex wp-block-gallery-is-layout-flex\">\n<figure class=\"wp-block-image size-full\"><img loading=\"lazy\" decoding=\"async\" width=\"310\" height=\"285\" data-id=\"1529\" src=\"https:\/\/mecahealth.com\/wp-content\/uploads\/2023\/01\/Bras-de-levier-Bras-tendu.jpg\" alt=\"\" class=\"wp-image-1529\" srcset=\"https:\/\/mecahealth.com\/wp-content\/uploads\/2023\/01\/Bras-de-levier-Bras-tendu.jpg 310w, https:\/\/mecahealth.com\/wp-content\/uploads\/2023\/01\/Bras-de-levier-Bras-tendu-300x276.jpg 300w\" sizes=\"auto, (max-width: 310px) 100vw, 310px\" \/><\/figure>\n\n\n\n<figure class=\"wp-block-image size-full\"><img loading=\"lazy\" decoding=\"async\" width=\"308\" height=\"283\" data-id=\"1528\" src=\"https:\/\/mecahealth.com\/wp-content\/uploads\/2023\/01\/Bras-de-levier-Casserole-1.png\" alt=\"\" class=\"wp-image-1528\" srcset=\"https:\/\/mecahealth.com\/wp-content\/uploads\/2023\/01\/Bras-de-levier-Casserole-1.png 308w, https:\/\/mecahealth.com\/wp-content\/uploads\/2023\/01\/Bras-de-levier-Casserole-1-300x276.png 300w\" sizes=\"auto, (max-width: 308px) 100vw, 308px\" \/><\/figure>\n\n\n\n<figure class=\"wp-block-image size-full\"><img loading=\"lazy\" decoding=\"async\" width=\"308\" height=\"282\" data-id=\"1526\" src=\"https:\/\/mecahealth.com\/wp-content\/uploads\/2023\/01\/Bras-de-levier-Anteposition.jpg\" alt=\"\" class=\"wp-image-1526\" srcset=\"https:\/\/mecahealth.com\/wp-content\/uploads\/2023\/01\/Bras-de-levier-Anteposition.jpg 308w, https:\/\/mecahealth.com\/wp-content\/uploads\/2023\/01\/Bras-de-levier-Anteposition-300x275.jpg 300w\" sizes=\"auto, (max-width: 308px) 100vw, 308px\" \/><\/figure>\n<\/figure>\n\n\n\n<p class=\"has-medium-font-size\">La force de pouss\u00e9e est approximativement celle du poids du ou des membres se portant en avant ou souhaitant se porter en avant. Le poids doit \u00eatre bien ancr\u00e9 sur les pieds <a href=\"https:\/\/mecahealth.com\/?page_id=413\" data-type=\"page\" data-id=\"413\">quand nous sommes debout<\/a>.<\/p>\n\n\n\n<p class=\"has-medium-font-size\">Hormis le fait que les structures articulaires sont mieux plac\u00e9es, tendre les bras sera d\u00e8s lors pratiquement aussi mauvais que de se pencher dans les m\u00eames proportions d&rsquo;\u00e9loignement de l&rsquo;axe, d&rsquo;o\u00f9 l&rsquo;int\u00e9r\u00eat de la r\u00e8gle du <a href=\"https:\/\/mecahealth.com\/?page_id=446\" data-type=\"page\" data-id=\"446\">Rapprochement maximum<\/a>.<\/p>\n\n\n\n<p class=\"has-medium-font-size\"><strong>Bien entendu, si nous prenons <a href=\"https:\/\/mecahealth.com\/?page_id=448\" data-type=\"page\" data-id=\"448\">un point d&rsquo;appui<\/a><\/strong> plus loin que l&rsquo;axe du bras de levier, l&rsquo;incidence sera r\u00e9duite \u00e0 porter approximativement le poids mis en avant sans \u00eatre d\u00e9cupl\u00e9 ni additionn\u00e9 \u00e0 la force d&rsquo;\u00e9quilibration n\u00e9cessaire dans tout mouvement.<\/p>\n\n\n\n<p class=\"has-medium-font-size\">Les bras de levier existent dans tous les plans, c&rsquo;est la raison pour laquelle, il ne faut pas se contenter des plans ant\u00e9ro-post\u00e9rieurs mais bien faire attention aux plans gauches-droites (lat\u00e9raux) et <a href=\"https:\/\/mecahealth.com\/?page_id=402\" data-type=\"page\" data-id=\"402\">rester sym\u00e9trique<\/a> notamment quand nous sommes <a href=\"https:\/\/mecahealth.com\/?page_id=519\" data-type=\"page\" data-id=\"519\">devant nos \u00e9crans<\/a>, en voiture ou lorsque nous <a href=\"https:\/\/mecahealth.com\/?page_id=1530\" data-type=\"page\" data-id=\"1530\">portons des valises<\/a>.<\/p>\n\n\n\n<p class=\"has-medium-font-size\">En gymnastique, si nous sommes en position v\u00e9ritablement couch\u00e9e, nous ne l\u00e8verons donc jamais les deux jambes au m\u00eame moment pour faire des ciseaux. Le bras de levier est \u00e9norme. On en profitera pour se poser sur la comp\u00e9tence de celui qui aura enseign\u00e9 un tel mouvement s&rsquo;il ne vous a pas au moins fait redresser une partie du tronc pour le mettre en pratique&#8230;<\/p>\n\n\n\n<h2 class=\"wp-block-heading has-medium-font-size\">Revenir au chapitre \u00ab\u00a0<a href=\"https:\/\/mecahealth.com\/?page_id=75\" data-type=\"page\" data-id=\"75\">Corps m\u00e9canique<\/a>\u00ab\u00a0<\/h2>\n","protected":false},"excerpt":{"rendered":"<p>Le bras de levier correspond de mani\u00e8re tr\u00e8s sch\u00e9matique, \u00e0 placer une charge \u00e0 une certaine distance d&rsquo;un axe. Cet \u00e9loignement implique un mouvement ou une contrainte de l&rsquo;autre c\u00f4t\u00e9 de cet axe comme le fait le pied de biche. Le pied de biche est une barre m\u00e9tallique compos\u00e9e d&rsquo;une<a href=\"https:\/\/mecahealth.com\/?page_id=1113\" class=\"read-more\">Read More&#8230;<\/a><\/p>\n","protected":false},"author":1,"featured_media":0,"parent":0,"menu_order":0,"comment_status":"closed","ping_status":"closed","template":"","meta":{"footnotes":""},"class_list":["post-1113","page","type-page","status-publish","hentry"],"jetpack_sharing_enabled":true,"_links":{"self":[{"href":"https:\/\/mecahealth.com\/index.php?rest_route=\/wp\/v2\/pages\/1113","targetHints":{"allow":["GET"]}}],"collection":[{"href":"https:\/\/mecahealth.com\/index.php?rest_route=\/wp\/v2\/pages"}],"about":[{"href":"https:\/\/mecahealth.com\/index.php?rest_route=\/wp\/v2\/types\/page"}],"author":[{"embeddable":true,"href":"https:\/\/mecahealth.com\/index.php?rest_route=\/wp\/v2\/users\/1"}],"replies":[{"embeddable":true,"href":"https:\/\/mecahealth.com\/index.php?rest_route=%2Fwp%2Fv2%2Fcomments&post=1113"}],"version-history":[{"count":14,"href":"https:\/\/mecahealth.com\/index.php?rest_route=\/wp\/v2\/pages\/1113\/revisions"}],"predecessor-version":[{"id":6699,"href":"https:\/\/mecahealth.com\/index.php?rest_route=\/wp\/v2\/pages\/1113\/revisions\/6699"}],"wp:attachment":[{"href":"https:\/\/mecahealth.com\/index.php?rest_route=%2Fwp%2Fv2%2Fmedia&parent=1113"}],"curies":[{"name":"wp","href":"https:\/\/api.w.org\/{rel}","templated":true}]}}