{"id":1099,"date":"2023-01-13T11:57:01","date_gmt":"2023-01-13T10:57:01","guid":{"rendered":"https:\/\/mecahealth.com\/?page_id=1099"},"modified":"2023-07-16T20:01:47","modified_gmt":"2023-07-16T18:01:47","slug":"situation-telephoner","status":"publish","type":"page","link":"https:\/\/mecahealth.com\/?page_id=1099","title":{"rendered":"Situation : t\u00e9l\u00e9phoner"},"content":{"rendered":"\n<p class=\"has-medium-font-size\"><a href=\"https:\/\/mecahealth.com\/?page_id=122\">Attention \u00e0 lire les consignes avant de lire toute page d&rsquo;un site sant\u00e9 !<\/a><\/p>\n\n\n\n<figure class=\"wp-block-image size-full is-style-rounded\"><img loading=\"lazy\" decoding=\"async\" width=\"330\" height=\"330\" src=\"https:\/\/mecahealth.com\/wp-content\/uploads\/2023\/03\/MecaHealth-telephoner-appareille.jpg\" alt=\"\" class=\"wp-image-4371\" srcset=\"https:\/\/mecahealth.com\/wp-content\/uploads\/2023\/03\/MecaHealth-telephoner-appareille.jpg 330w, https:\/\/mecahealth.com\/wp-content\/uploads\/2023\/03\/MecaHealth-telephoner-appareille-300x300.jpg 300w, https:\/\/mecahealth.com\/wp-content\/uploads\/2023\/03\/MecaHealth-telephoner-appareille-150x150.jpg 150w\" sizes=\"auto, (max-width: 330px) 100vw, 330px\" \/><figcaption class=\"wp-element-caption\">Bien droit et bien appareill\u00e9<\/figcaption><\/figure>\n\n\n\n<figure class=\"wp-block-image size-full\"><img loading=\"lazy\" decoding=\"async\" width=\"100\" height=\"100\" src=\"https:\/\/mecahealth.com\/wp-content\/uploads\/2023\/02\/MecaHealth-picto-YES-e1675467494159.jpg\" alt=\"\" class=\"wp-image-2573\"\/><\/figure>\n\n\n\n<p class=\"has-medium-font-size\">M\u00eame si la situation repr\u00e9sent\u00e9e ci-dessus est pr\u00e9f\u00e9rable, pour un usage partiel du t\u00e9l\u00e9phone, la situation ci-dessous est correcte m\u00eame si <a href=\"https:\/\/mecahealth.com\/?page_id=295\" data-type=\"page\" data-id=\"295\">la personne n&rsquo;est pas \u00e0 la bonne hauteur<\/a>. Elle utilise et place son t\u00e9l\u00e9phone du c\u00f4t\u00e9 oppos\u00e9 \u00e0 son c\u00f4t\u00e9 dominant &#8230;et de la souris.<\/p>\n\n\n\n<figure class=\"wp-block-image size-full is-resized\"><img loading=\"lazy\" decoding=\"async\" src=\"https:\/\/mecahealth.com\/wp-content\/uploads\/2023\/03\/MecaHealth-telephoner-appareille-oui-mais.jpg\" alt=\"\" class=\"wp-image-4377\" width=\"250\" height=\"250\" srcset=\"https:\/\/mecahealth.com\/wp-content\/uploads\/2023\/03\/MecaHealth-telephoner-appareille-oui-mais.jpg 330w, https:\/\/mecahealth.com\/wp-content\/uploads\/2023\/03\/MecaHealth-telephoner-appareille-oui-mais-300x300.jpg 300w, https:\/\/mecahealth.com\/wp-content\/uploads\/2023\/03\/MecaHealth-telephoner-appareille-oui-mais-150x150.jpg 150w\" sizes=\"auto, (max-width: 250px) 100vw, 250px\" \/><\/figure>\n\n\n\n<figure class=\"wp-block-image size-full\"><img loading=\"lazy\" decoding=\"async\" width=\"100\" height=\"100\" src=\"https:\/\/mecahealth.com\/wp-content\/uploads\/2023\/02\/MecaHealth-picto-NO-e1675467511983.jpg\" alt=\"\" class=\"wp-image-2572\"\/><\/figure>\n\n\n\n<figure class=\"wp-block-image size-full is-resized\"><img loading=\"lazy\" decoding=\"async\" src=\"https:\/\/mecahealth.com\/wp-content\/uploads\/2023\/03\/MecaHealth-telephoner-smartphone.gif\" alt=\"\" class=\"wp-image-4381\" width=\"250\" height=\"250\"\/><\/figure>\n\n\n\n<p class=\"has-medium-font-size\">Le smartphone n&rsquo;est pas destin\u00e9 initialement \u00e0 \u00eatre utilis\u00e9 aussi fr\u00e9quemment qu&rsquo;aujourd&rsquo;hui. En tenant le GSM comme un t\u00e9l\u00e9phone lorsqu&rsquo;on l&rsquo;utilise comme un appareil \u00e0 \u00ab\u00a0cocher\u00a0\u00bb ou \u00e0 \u00ab\u00a0zapper\u00a0\u00bb, la pression maintenue cr\u00e9\u00e9, \u00e0 moyen terme, une fermeture de l&rsquo;espace int\u00e9rieur du poignet. Il n&rsquo;est pas rare d&rsquo;avoir un endormissement du petit doigt et pire ensuite. Si cet endormissement peut \u00eatre provisoire, il peut rapidement devenir difficilement r\u00e9versible (&#8230;).<\/p>\n\n\n\n<figure class=\"wp-block-image size-full is-resized\"><img loading=\"lazy\" decoding=\"async\" src=\"https:\/\/mecahealth.com\/wp-content\/uploads\/2023\/03\/MecaHealth-telephoner-NON.jpg\" alt=\"\" class=\"wp-image-4375\" width=\"250\" height=\"250\" srcset=\"https:\/\/mecahealth.com\/wp-content\/uploads\/2023\/03\/MecaHealth-telephoner-NON.jpg 330w, https:\/\/mecahealth.com\/wp-content\/uploads\/2023\/03\/MecaHealth-telephoner-NON-300x300.jpg 300w, https:\/\/mecahealth.com\/wp-content\/uploads\/2023\/03\/MecaHealth-telephoner-NON-150x150.jpg 150w\" sizes=\"auto, (max-width: 250px) 100vw, 250px\" \/><\/figure>\n\n\n\n<p class=\"has-medium-font-size\">Tenir le cornet ou le smartphone avec son \u00e9paule en passant n&rsquo;est pas un r\u00e9el soucis mais de mani\u00e8re prolong\u00e9e, cela peut entra\u00eener des <a href=\"https:\/\/mecahealth.com\/?page_id=541\" data-type=\"page\" data-id=\"541\">contractures<\/a> de l&rsquo;\u00e9paule pouvant amener \u00e0 des <a href=\"https:\/\/mecahealth.com\/?page_id=205\" data-type=\"page\" data-id=\"205\">cervicalgies<\/a>.<\/p>\n\n\n\n<p class=\"has-medium-font-size\">Le GSM ayant une puissance de 2watts et n&rsquo;ayant pas \u00e0 son origine \u00e9t\u00e9 cr\u00e9\u00e9 pour un usage aussi fr\u00e9quent qu&rsquo;aujourd&rsquo;hui, les \u00e9tudes \u00e9tant contradictoires, nous ne pouvons qu&rsquo;inviter les utilisateurs \u00e0 \u00e9viter une position maintenue contre l&rsquo;oreille durant un temps prolong\u00e9. <\/p>\n\n\n\n<h2 class=\"wp-block-heading has-medium-font-size\">Revenir \u00e0 la page <em><a href=\"https:\/\/mecahealth.com\/?page_id=4346\" data-type=\"page\" data-id=\"4346\">Travailler<\/a><\/em> ou \u00e0 la page <em><a href=\"https:\/\/mecahealth.com\/?page_id=295\" data-type=\"page\" data-id=\"295\">Assis bureau<\/a><\/em><\/h2>\n","protected":false},"excerpt":{"rendered":"<p>Attention \u00e0 lire les consignes avant de lire toute page d&rsquo;un site sant\u00e9 ! M\u00eame si la situation repr\u00e9sent\u00e9e ci-dessus est pr\u00e9f\u00e9rable, pour un usage partiel du t\u00e9l\u00e9phone, la situation ci-dessous est correcte m\u00eame si la personne n&rsquo;est pas \u00e0 la bonne hauteur. Elle utilise et place son t\u00e9l\u00e9phone du<a href=\"https:\/\/mecahealth.com\/?page_id=1099\" class=\"read-more\">Read More&#8230;<\/a><\/p>\n","protected":false},"author":1,"featured_media":0,"parent":0,"menu_order":0,"comment_status":"closed","ping_status":"closed","template":"","meta":{"footnotes":""},"class_list":["post-1099","page","type-page","status-publish","hentry"],"jetpack_sharing_enabled":true,"_links":{"self":[{"href":"https:\/\/mecahealth.com\/index.php?rest_route=\/wp\/v2\/pages\/1099","targetHints":{"allow":["GET"]}}],"collection":[{"href":"https:\/\/mecahealth.com\/index.php?rest_route=\/wp\/v2\/pages"}],"about":[{"href":"https:\/\/mecahealth.com\/index.php?rest_route=\/wp\/v2\/types\/page"}],"author":[{"embeddable":true,"href":"https:\/\/mecahealth.com\/index.php?rest_route=\/wp\/v2\/users\/1"}],"replies":[{"embeddable":true,"href":"https:\/\/mecahealth.com\/index.php?rest_route=%2Fwp%2Fv2%2Fcomments&post=1099"}],"version-history":[{"count":11,"href":"https:\/\/mecahealth.com\/index.php?rest_route=\/wp\/v2\/pages\/1099\/revisions"}],"predecessor-version":[{"id":5632,"href":"https:\/\/mecahealth.com\/index.php?rest_route=\/wp\/v2\/pages\/1099\/revisions\/5632"}],"wp:attachment":[{"href":"https:\/\/mecahealth.com\/index.php?rest_route=%2Fwp%2Fv2%2Fmedia&parent=1099"}],"curies":[{"name":"wp","href":"https:\/\/api.w.org\/{rel}","templated":true}]}}