{"id":1057,"date":"2023-01-12T10:38:54","date_gmt":"2023-01-12T08:38:54","guid":{"rendered":"https:\/\/mecahealth.com\/?page_id=1057"},"modified":"2023-07-03T16:33:03","modified_gmt":"2023-07-03T14:33:03","slug":"exercice-ruade","status":"publish","type":"page","link":"https:\/\/mecahealth.com\/?page_id=1057","title":{"rendered":"Exercice : (fausse) ruade"},"content":{"rendered":"\n<p class=\"has-medium-font-size\"><a href=\"https:\/\/mecahealth.com\/?page_id=122\">Attention \u00e0 lire les consignes avant de lire toute page d&rsquo;un site sant\u00e9 !<\/a><\/p>\n\n\n\n<figure class=\"wp-block-image size-full is-style-rounded\"><img loading=\"lazy\" decoding=\"async\" width=\"330\" height=\"330\" src=\"https:\/\/mecahealth.com\/wp-content\/uploads\/2023\/01\/MecaHealth-fausse-ruade-cheval.jpg\" alt=\"\" class=\"wp-image-1869\" srcset=\"https:\/\/mecahealth.com\/wp-content\/uploads\/2023\/01\/MecaHealth-fausse-ruade-cheval.jpg 330w, https:\/\/mecahealth.com\/wp-content\/uploads\/2023\/01\/MecaHealth-fausse-ruade-cheval-300x300.jpg 300w, https:\/\/mecahealth.com\/wp-content\/uploads\/2023\/01\/MecaHealth-fausse-ruade-cheval-150x150.jpg 150w\" sizes=\"auto, (max-width: 330px) 100vw, 330px\" \/><\/figure>\n\n\n\n<h2 class=\"wp-block-heading has-medium-font-size\">Fausse ruade, pr\u00e9paratif et curatif<\/h2>\n\n\n\n<p class=\"has-medium-font-size\">L&rsquo;exercice de fausse ruade comme demand\u00e9 notamment dans la <a href=\"https:\/\/mecahealth.com\/?page_id=2047\" data-type=\"page\" data-id=\"2047\">s\u00e9rie d&rsquo;exercices concrets d&rsquo;entretien ou d&rsquo;\u00e9chauffement<\/a> ne doit pas \u00eatre pratiqu\u00e9 avec un geste rapide mais surtout ample.<\/p>\n\n\n<div class=\"wp-block-image\">\n<figure class=\"alignleft size-full\"><img loading=\"lazy\" decoding=\"async\" width=\"250\" height=\"250\" src=\"https:\/\/mecahealth.com\/wp-content\/uploads\/2023\/01\/MecaHealth-equilibre-exc-4-fausse-ruade.gif\" alt=\"\" class=\"wp-image-2041\"\/><\/figure>\n<\/div>\n\n\n<p class=\"has-medium-font-size\">La jambe qui effectue la fausse ruade sera port\u00e9 en arri\u00e8re PUIS le pied se dirigera <strong>vers le milieu <\/strong>des fesses laissant ainsi le genou de cette jambe plus en arri\u00e8re que la jambe portante. Le talon ne se dirige donc pas vers la fesse oppos\u00e9e m\u00eame si l&rsquo;effet d&rsquo;optique du Gif ci-dessus pourrait le faire penser. <\/p>\n\n\n\n<p class=\"has-medium-font-size\">Ce mouvement est r\u00e9alis\u00e9 par le travail des <a href=\"https:\/\/mecahealth.com\/?page_id=2505\" data-type=\"page\" data-id=\"2505\">ischio-jambiers<\/a> (muscles \u00e0 l&rsquo;arri\u00e8re de la cuisse). Ces derniers donnent un ordre neurologique de rel\u00e2chement aux antagonistes (ici le <a href=\"https:\/\/mecahealth.com\/?page_id=1542\" data-type=\"page\" data-id=\"1542\">quadriceps et le psoas<\/a>).<\/p>\n\n\n\n<p><\/p>\n\n\n\n<p class=\"has-medium-font-size\">Plus la jambe est port\u00e9e en arri\u00e8re, plus cet exercice \u00e9tirera le <a href=\"https:\/\/mecahealth.com\/?page_id=1542\" data-type=\"page\" data-id=\"1542\">psoas-iliaque<\/a> souvent trop court chez les personnes r\u00e9guli\u00e8rement <a href=\"https:\/\/mecahealth.com\/?page_id=297\" data-type=\"page\" data-id=\"297\">assise<\/a> chez elle <a href=\"https:\/\/mecahealth.com\/?page_id=295\" data-type=\"page\" data-id=\"295\">ou au bureau<\/a>. Seulement, s&rsquo;il est trop court, lorsque nous tirons la jambe en arri\u00e8re, le dos \u00e0 tendance \u00e0 se creuser. Il sera donc n\u00e9cessaire de ma\u00eetriser la <a href=\"https:\/\/mecahealth.com\/?page_id=808\" data-type=\"page\" data-id=\"808\">bascule du bassin<\/a> en faisant cet exercice et d&rsquo;autant plus si on est sensible du bas du dos (&#8230;).<\/p>\n\n\n\n<p class=\"has-medium-font-size\">Cet exercice est en r\u00e9alit\u00e9 un mouvement naturel que nous effectuons en <a href=\"https:\/\/mecahealth.com\/?page_id=428\" data-type=\"page\" data-id=\"428\">marchant<\/a> tr\u00e8s rapidement et surtout en courant. En ne courant plus, nous cr\u00e9ons en r\u00e9alit\u00e9 une partie de l&rsquo;usure du genou et de la hanche par le non-rel\u00e2chement des psoas et des quadriceps.<\/p>\n\n\n\n<p class=\"has-medium-font-size\">Nous avons eu une patiente qui, pratiquant cet exercice deux fois par jour \u00e0 raison d&rsquo;une vingtaine de mouvements de chaque c\u00f4t\u00e9 (un mouvement d&rsquo;un c\u00f4t\u00e9 puis l&rsquo;autre), avait pu reporter de 7 ans son op\u00e9ration pour une arthrose de hanche prononc\u00e9e. Nous avons eu des dizaines de personnes qui avaient mal aux genoux pour diverses raisons, qui n&rsquo;avaient plus mal en effectuant ce seul exercice (sans aucun traitement manuel). Ce qui ne veut pas dire qu&rsquo;il n&rsquo;y avait pas de r\u00e9\u00e9ducations, de corrections, d&rsquo;\u00e9tirements, etc. \u00e0 effectuer pour obtenir un effet durable mais bien que la douleur pouvait \u00eatre nulle si ce travail \u00e9tait effectu\u00e9 en suffisance. Les premi\u00e8res fois, il est parfois n\u00e9cessaire d&rsquo;effectuer une quarantaine de mouvements pour diminuer la douleur. Cet exercice peut s&rsquo;av\u00e9rer d\u00e9conseill\u00e9 lors d&rsquo;une pathologie dite aigu\u00eb.<\/p>\n\n\n\n<h2 class=\"wp-block-heading has-medium-font-size\">Etirement par la suite<\/h2>\n\n\n\n<p class=\"has-medium-font-size\">Ensuite seulement, apr\u00e8s quelques s\u00e9ries de cette fausse ruade, les muscles ant\u00e9rieures et les articulations \u00e9ventuellement ab\u00eem\u00e9es accepteront l&rsquo;\u00e9tirement \u00e0 proprement parler. Celui-ci correspond en tout point au mouvement montr\u00e9 en photo ci-dessus \u00e0 l&rsquo;exception que la main oppos\u00e9e \u00e0 la jambe \u00e9tir\u00e9e attrapera le pied et restera durant une trentaine de secondes tout comme dans <a href=\"https:\/\/mecahealth.com\/?page_id=1166\">n&rsquo;importe quel \u00e9tirement<\/a>.<\/p>\n\n\n\n<figure class=\"wp-block-image size-full\"><img loading=\"lazy\" decoding=\"async\" width=\"100\" height=\"100\" src=\"https:\/\/mecahealth.com\/wp-content\/uploads\/2023\/02\/MecaHealth-picto-NO-e1675467511983.jpg\" alt=\"\" class=\"wp-image-2572\"\/><\/figure>\n\n\n<div class=\"wp-block-image\">\n<figure class=\"alignleft size-full is-resized\"><img loading=\"lazy\" decoding=\"async\" src=\"https:\/\/mecahealth.com\/wp-content\/uploads\/2023\/02\/MecaHealth-stretching-NON.jpg\" alt=\"\" class=\"wp-image-3034\" width=\"250\" height=\"250\" srcset=\"https:\/\/mecahealth.com\/wp-content\/uploads\/2023\/02\/MecaHealth-stretching-NON.jpg 330w, https:\/\/mecahealth.com\/wp-content\/uploads\/2023\/02\/MecaHealth-stretching-NON-300x300.jpg 300w, https:\/\/mecahealth.com\/wp-content\/uploads\/2023\/02\/MecaHealth-stretching-NON-150x150.jpg 150w\" sizes=\"auto, (max-width: 250px) 100vw, 250px\" \/><\/figure>\n<\/div>\n\n\n<p class=\"has-medium-font-size\">Ne pas utiliser la main du m\u00eame c\u00f4t\u00e9 afin d&rsquo;\u00e9viter le risque de  rotation interne du genou en tirant le pied vers l&rsquo;ext\u00e9rieur&#8230;<\/p>\n\n\n\n<p><\/p>\n\n\n\n<p><\/p>\n\n\n\n<p><\/p>\n\n\n\n<p><\/p>\n\n\n\n<h2 class=\"wp-block-heading has-medium-font-size\">Revenir \u00e0 la page <em><a href=\"https:\/\/mecahealth.com\/?page_id=620\" data-type=\"page\" data-id=\"620\">Genou<\/a> <\/em>ou <a href=\"https:\/\/mecahealth.com\/?page_id=2047\" data-type=\"page\" data-id=\"2047\"><em>Exercices concrets d&rsquo;entretien ou d&rsquo;\u00e9chauffement<\/em><\/a><\/h2>\n","protected":false},"excerpt":{"rendered":"<p>Attention \u00e0 lire les consignes avant de lire toute page d&rsquo;un site sant\u00e9 ! Fausse ruade, pr\u00e9paratif et curatif L&rsquo;exercice de fausse ruade comme demand\u00e9 notamment dans la s\u00e9rie d&rsquo;exercices concrets d&rsquo;entretien ou d&rsquo;\u00e9chauffement ne doit pas \u00eatre pratiqu\u00e9 avec un geste rapide mais surtout ample. La jambe qui effectue<a href=\"https:\/\/mecahealth.com\/?page_id=1057\" class=\"read-more\">Read More&#8230;<\/a><\/p>\n","protected":false},"author":1,"featured_media":0,"parent":0,"menu_order":0,"comment_status":"closed","ping_status":"closed","template":"","meta":{"footnotes":""},"class_list":["post-1057","page","type-page","status-publish","hentry"],"jetpack_sharing_enabled":true,"_links":{"self":[{"href":"https:\/\/mecahealth.com\/index.php?rest_route=\/wp\/v2\/pages\/1057","targetHints":{"allow":["GET"]}}],"collection":[{"href":"https:\/\/mecahealth.com\/index.php?rest_route=\/wp\/v2\/pages"}],"about":[{"href":"https:\/\/mecahealth.com\/index.php?rest_route=\/wp\/v2\/types\/page"}],"author":[{"embeddable":true,"href":"https:\/\/mecahealth.com\/index.php?rest_route=\/wp\/v2\/users\/1"}],"replies":[{"embeddable":true,"href":"https:\/\/mecahealth.com\/index.php?rest_route=%2Fwp%2Fv2%2Fcomments&post=1057"}],"version-history":[{"count":10,"href":"https:\/\/mecahealth.com\/index.php?rest_route=\/wp\/v2\/pages\/1057\/revisions"}],"predecessor-version":[{"id":5597,"href":"https:\/\/mecahealth.com\/index.php?rest_route=\/wp\/v2\/pages\/1057\/revisions\/5597"}],"wp:attachment":[{"href":"https:\/\/mecahealth.com\/index.php?rest_route=%2Fwp%2Fv2%2Fmedia&parent=1057"}],"curies":[{"name":"wp","href":"https:\/\/api.w.org\/{rel}","templated":true}]}}